{"id":992,"date":"2025-07-24T18:40:39","date_gmt":"2025-07-24T18:40:39","guid":{"rendered":"https:\/\/lffcanada.com\/?page_id=992"},"modified":"2025-07-24T18:40:39","modified_gmt":"2025-07-24T18:40:39","slug":"submission","status":"publish","type":"page","link":"https:\/\/lffcanada.com\/fr\/submission\/","title":{"rendered":"Soumission"},"content":{"rendered":"<div id='av-layout-grid-1'  class='av-layout-grid-container av-av_layout_row-c19a79498d53a771791392e51cf50990 entry-content-wrapper main_color av-flex-cells  avia-builder-el-0  avia-builder-el-no-sibling   container_wrap fullsize'  >\n\n<style type=\"text\/css\" data-created_by=\"avia_inline_auto\" id=\"style-css-av-av_cell_one_half-9d890516315f0e8d757d1d3ac09f6d29\">\n.flex_cell.av-av_cell_one_half-9d890516315f0e8d757d1d3ac09f6d29{\nvertical-align:middle;\nheight:430px;\nmin-height:430px;\nbackground:url(https:\/\/lffcanada.com\/wp-content\/uploads\/2025\/05\/490090242_1211297714335669_643604778591579631_n.jpg) 0% 50% no-repeat local ;\n}\n.responsive #top #wrap_all .flex_cell.av-av_cell_one_half-9d890516315f0e8d757d1d3ac09f6d29{\npadding:30px 30px 30px 30px !important;\n}\n<\/style>\n<div class='flex_cell av-av_cell_one_half-9d890516315f0e8d757d1d3ac09f6d29 av-gridrow-cell av_one_half no_margin  avia-builder-el-1  el_before_av_cell_one_half  avia-builder-el-first  avia-full-stretch'  ><div class='flex_cell_inner'><\/div><\/div>\n<style type=\"text\/css\" data-created_by=\"avia_inline_auto\" id=\"style-css-av-av_cell_one_half-a6eb29801d71799590234a85e3614cac\">\n.flex_cell.av-av_cell_one_half-a6eb29801d71799590234a85e3614cac{\nvertical-align:middle;\nheight:430px;\nmin-height:430px;\nbackground-color:#f5f5f5;\n}\n.responsive #top #wrap_all .flex_cell.av-av_cell_one_half-a6eb29801d71799590234a85e3614cac{\npadding:30px 100px 30px 100px !important;\n}\n<\/style>\n<div class='flex_cell av-av_cell_one_half-a6eb29801d71799590234a85e3614cac av-gridrow-cell av_one_half no_margin  avia-builder-el-2  el_after_av_cell_one_half  avia-builder-el-last'  ><div class='flex_cell_inner'><form action=\"https:\/\/lffcanada.com\/fr\/submission\/\" method=\"post\" data-fields-with-error=\"Found errors in the following field(s):\" class=\"avia_ajax_form av-form-labels-visible   avia-builder-el-3  avia-builder-el-no-sibling\" data-avia-form-id=\"1\" data-avia-redirect=''  aria-label='Formulaire de contact' data-trp-original-action=\"https:\/\/lffcanada.com\/fr\/submission\/\" ><h3 class=''>Formulaire de soumission pour le Festival du film libanais du Canada<\/h3><fieldset><p class='first_form  form_element form_fullwidth' id='element_avia_1_1'><label for=\"avia_1_1\">Nom <abbr class=\"required\" title=\"requis\">*<\/abbr><\/label> <input name=\"avia_1_1\" class=\"text_input is_empty\" type=\"text\" id=\"avia_1_1\" value=\"\" \/><\/p><p class='first_form  form_element form_fullwidth' id='element_avia_2_1'><label for=\"avia_2_1\">E-mail <abbr class=\"required\" title=\"requis\">*<\/abbr><\/label> <input name=\"avia_2_1\" class=\"text_input is_email\" type=\"text\" id=\"avia_2_1\" value=\"\" \/><\/p><p class='first_form  form_element form_fullwidth' id='element_avia_3_1'><label for=\"avia_3_1\">Titre du film <abbr class=\"required\" title=\"requis\">*<\/abbr><\/label> <input name=\"avia_3_1\" class=\"text_input is_empty\" type=\"text\" id=\"avia_3_1\" value=\"\" \/><\/p><p class='first_form  form_element form_fullwidth' id='element_avia_4_1'><label for=\"avia_4_1\">Type de film <abbr class=\"required\" title=\"requis\">*<\/abbr><\/label><select  name=\"avia_4_1\" class=\"select is_empty\" id=\"avia_4_1\"><option   value='Short Film'>Court m\u00e9trage<\/option><option   value='Feature Film'>Long m\u00e9trage<\/option><option   value='Documentary'>Documentaire<\/option><option   value='Animation'>Animation<\/option><option   value='Experimental'>Exp\u00e9rimental<\/option><\/select><\/p><p class='first_form  form_element form_fullwidth' id='element_avia_5_1'><label for=\"avia_5_1\">Dur\u00e9e (en minutes) <abbr class=\"required\" title=\"requis\">*<\/abbr><\/label> <input name=\"avia_5_1\" class=\"text_input is_number\" type=\"text\" id=\"avia_5_1\" value=\"\" \/><\/p><p class='first_form  form_element form_fullwidth' id='element_avia_6_1'><label for=\"avia_6_1\">Genre<\/label> <input name=\"avia_6_1\" class=\"text_input\" type=\"text\" id=\"avia_6_1\" value=\"\" \/><\/p><p class='first_form  form_element form_fullwidth' id='element_avia_7_1'><label for=\"avia_7_1\">Ann\u00e9e d&#039;ach\u00e8vement<\/label> <input name=\"avia_7_1\" class=\"text_input\" type=\"text\" id=\"avia_7_1\" value=\"\" \/><\/p><p class='first_form  form_element form_fullwidth' id='element_avia_8_1'><label for=\"avia_8_1\">Langue(s) du film<\/label> <input name=\"avia_8_1\" class=\"text_input\" type=\"text\" id=\"avia_8_1\" value=\"\" \/><\/p><p class='first_form  form_element form_fullwidth' id='element_avia_9_1'><label for=\"avia_9_1\">Pays de production<\/label> <input name=\"avia_9_1\" class=\"text_input\" type=\"text\" id=\"avia_9_1\" value=\"\" \/><\/p><p class='first_form  form_element form_fullwidth' id='element_avia_10_1'><label for=\"avia_10_1\">Nom du r\u00e9alisateur<\/label> <input name=\"avia_10_1\" class=\"text_input\" type=\"text\" id=\"avia_10_1\" value=\"\" \/><\/p><p class='first_form  form_element form_fullwidth' id='element_avia_11_1'><label for=\"avia_11_1\">Courriel du directeur <abbr class=\"required\" title=\"requis\">*<\/abbr><\/label> <input name=\"avia_11_1\" class=\"text_input is_email\" type=\"text\" id=\"avia_11_1\" value=\"\" \/><\/p><p class='first_form  form_element form_fullwidth' id='element_avia_12_1'><label for=\"avia_12_1\">Num\u00e9ro de t\u00e9l\u00e9phone <abbr class=\"required\" title=\"requis\">*<\/abbr><\/label> <input name=\"avia_12_1\" class=\"text_input is_phone\" type=\"text\" id=\"avia_12_1\" value=\"\" \/><\/p><p class='first_form  form_element form_fullwidth' id='element_avia_13_1'><label for=\"avia_13_1\">Lien vers le film \/ la bande-annonce<\/label> <input name=\"avia_13_1\" class=\"text_input\" type=\"text\" id=\"avia_13_1\" value=\"\" \/><\/p><p class='first_form  form_element form_fullwidth' id='element_avia_14_1'><label for=\"avia_14_1\" class=\"textare_label hidden textare_label_avia_14_1\">Synopsis (max 500 caract\u00e8res) <abbr class=\"required\" title=\"requis\">*<\/abbr><\/label><textarea  name=\"avia_14_1\" class=\"text_area is_empty\" cols=\"40\" rows=\"7\" id=\"avia_14_1\" ><\/textarea><\/p><p class='first_form  form_element form_fullwidth' id='element_avia_15_1'><label for=\"avia_15_1\" class=\"textare_label hidden textare_label_avia_15_1\">Des notes ou commentaires suppl\u00e9mentaires <abbr class=\"required\" title=\"requis\">*<\/abbr><\/label><textarea  name=\"avia_15_1\" class=\"text_area is_empty\" cols=\"40\" rows=\"7\" id=\"avia_15_1\" ><\/textarea><\/p><p class='first_form  form_element form_fullwidth' id='element_avia_16_1'><input checked=\"checked\" name=\"avia_16_1\" class=\"input_checkbox\" type=\"checkbox\" id=\"avia_16_1\" value=\"true\"\/><label class=\"input_checkbox_label\" for=\"avia_16_1\">Je confirme que j&#039;ai le droit de soumettre ce film<\/label><\/p><p class='first_form  form_element form_fullwidth av-last-visible-form-element' id='element_avia_17_1'><input checked=\"checked\" name=\"avia_17_1\" class=\"input_checkbox\" type=\"checkbox\" id=\"avia_17_1\" value=\"true\"\/><label class=\"input_checkbox_label\" for=\"avia_17_1\"> J&#039;accepte les termes et conditions du festival<\/label><\/p><p class=\"hidden\"><input type=\"text\" name=\"avia_18_1\" class=\"hidden\" id=\"avia_18_1\" value=\"\" \/><\/p><p class=\"form_element\"><input type=\"hidden\" value=\"1\" name=\"avia_generated_form1\" \/><input type=\"submit\" value=\"Soumettre\" class=\"button\"  data-sending-label=\"Sending\"\/><\/p><\/fieldset><input type=\"hidden\" name=\"trp-form-language\" value=\"fr\"\/><\/form><div id=\"ajaxresponse_1\" class=\"ajaxresponse ajaxresponse_1 hidden\"><\/div>\n<\/div><\/div><\/div>","protected":false},"excerpt":{"rendered":"","protected":false},"author":2,"featured_media":0,"parent":0,"menu_order":0,"comment_status":"closed","ping_status":"closed","template":"","meta":{"footnotes":""},"class_list":["post-992","page","type-page","status-publish","hentry"],"yoast_head":"<!-- This site is optimized with the Yoast SEO plugin v27.3 - https:\/\/yoast.com\/product\/yoast-seo-wordpress\/ -->\n<title>Submission - LFFC<\/title>\n<meta name=\"robots\" content=\"index, follow, max-snippet:-1, max-image-preview:large, max-video-preview:-1\" \/>\n<link rel=\"canonical\" href=\"https:\/\/lffcanada.com\/fr\/submission\/\" \/>\n<meta property=\"og:locale\" content=\"fr_CA\" \/>\n<meta property=\"og:type\" content=\"article\" \/>\n<meta property=\"og:title\" content=\"Submission - LFFC\" \/>\n<meta property=\"og:url\" content=\"https:\/\/lffcanada.com\/fr\/submission\/\" \/>\n<meta property=\"og:site_name\" content=\"LFFC\" \/>\n<meta name=\"twitter:card\" content=\"summary_large_image\" \/>\n<meta name=\"twitter:label1\" content=\"Est. reading time\" \/>\n\t<meta name=\"twitter:data1\" content=\"1 minute\" \/>\n<script type=\"application\/ld+json\" class=\"yoast-schema-graph\">{\"@context\":\"https:\\\/\\\/schema.org\",\"@graph\":[{\"@type\":\"WebPage\",\"@id\":\"https:\\\/\\\/lffcanada.com\\\/submission\\\/\",\"url\":\"https:\\\/\\\/lffcanada.com\\\/submission\\\/\",\"name\":\"Submission - LFFC\",\"isPartOf\":{\"@id\":\"https:\\\/\\\/lffcanada.com\\\/#website\"},\"datePublished\":\"2025-07-24T18:40:39+00:00\",\"breadcrumb\":{\"@id\":\"https:\\\/\\\/lffcanada.com\\\/submission\\\/#breadcrumb\"},\"inLanguage\":\"fr-CA\",\"potentialAction\":[{\"@type\":\"ReadAction\",\"target\":[\"https:\\\/\\\/lffcanada.com\\\/submission\\\/\"]}]},{\"@type\":\"BreadcrumbList\",\"@id\":\"https:\\\/\\\/lffcanada.com\\\/submission\\\/#breadcrumb\",\"itemListElement\":[{\"@type\":\"ListItem\",\"position\":1,\"name\":\"Home\",\"item\":\"https:\\\/\\\/lffcanada.com\\\/welcome\\\/\"},{\"@type\":\"ListItem\",\"position\":2,\"name\":\"Submission\"}]},{\"@type\":\"WebSite\",\"@id\":\"https:\\\/\\\/lffcanada.com\\\/#website\",\"url\":\"https:\\\/\\\/lffcanada.com\\\/\",\"name\":\"LFFC\",\"description\":\"Lebanese Film Festival Canada\",\"publisher\":{\"@id\":\"https:\\\/\\\/lffcanada.com\\\/#organization\"},\"potentialAction\":[{\"@type\":\"SearchAction\",\"target\":{\"@type\":\"EntryPoint\",\"urlTemplate\":\"https:\\\/\\\/lffcanada.com\\\/?s={search_term_string}\"},\"query-input\":{\"@type\":\"PropertyValueSpecification\",\"valueRequired\":true,\"valueName\":\"search_term_string\"}}],\"inLanguage\":\"fr-CA\"},{\"@type\":\"Organization\",\"@id\":\"https:\\\/\\\/lffcanada.com\\\/#organization\",\"name\":\"LFFC\",\"url\":\"https:\\\/\\\/lffcanada.com\\\/\",\"logo\":{\"@type\":\"ImageObject\",\"inLanguage\":\"fr-CA\",\"@id\":\"https:\\\/\\\/lffcanada.com\\\/#\\\/schema\\\/logo\\\/image\\\/\",\"url\":\"https:\\\/\\\/lffcanada.com\\\/wp-content\\\/uploads\\\/2025\\\/04\\\/LFFC25-WebsiteCover-1024x768_ENG.png\",\"contentUrl\":\"https:\\\/\\\/lffcanada.com\\\/wp-content\\\/uploads\\\/2025\\\/04\\\/LFFC25-WebsiteCover-1024x768_ENG.png\",\"width\":2134,\"height\":1600,\"caption\":\"LFFC\"},\"image\":{\"@id\":\"https:\\\/\\\/lffcanada.com\\\/#\\\/schema\\\/logo\\\/image\\\/\"}}]}<\/script>\n<!-- \/ Yoast SEO plugin. -->","yoast_head_json":{"title":"Submission - LFFC","robots":{"index":"index","follow":"follow","max-snippet":"max-snippet:-1","max-image-preview":"max-image-preview:large","max-video-preview":"max-video-preview:-1"},"canonical":"https:\/\/lffcanada.com\/fr\/submission\/","og_locale":"fr_CA","og_type":"article","og_title":"Submission - LFFC","og_url":"https:\/\/lffcanada.com\/fr\/submission\/","og_site_name":"LFFC","twitter_card":"summary_large_image","twitter_misc":{"Est. reading time":"1 minute"},"schema":{"@context":"https:\/\/schema.org","@graph":[{"@type":"WebPage","@id":"https:\/\/lffcanada.com\/submission\/","url":"https:\/\/lffcanada.com\/submission\/","name":"Submission - LFFC","isPartOf":{"@id":"https:\/\/lffcanada.com\/#website"},"datePublished":"2025-07-24T18:40:39+00:00","breadcrumb":{"@id":"https:\/\/lffcanada.com\/submission\/#breadcrumb"},"inLanguage":"fr-CA","potentialAction":[{"@type":"ReadAction","target":["https:\/\/lffcanada.com\/submission\/"]}]},{"@type":"BreadcrumbList","@id":"https:\/\/lffcanada.com\/submission\/#breadcrumb","itemListElement":[{"@type":"ListItem","position":1,"name":"Home","item":"https:\/\/lffcanada.com\/welcome\/"},{"@type":"ListItem","position":2,"name":"Submission"}]},{"@type":"WebSite","@id":"https:\/\/lffcanada.com\/#website","url":"https:\/\/lffcanada.com\/","name":"LFFC","description":"Festival du film libanais du Canada","publisher":{"@id":"https:\/\/lffcanada.com\/#organization"},"potentialAction":[{"@type":"SearchAction","target":{"@type":"EntryPoint","urlTemplate":"https:\/\/lffcanada.com\/?s={search_term_string}"},"query-input":{"@type":"PropertyValueSpecification","valueRequired":true,"valueName":"search_term_string"}}],"inLanguage":"fr-CA"},{"@type":"Organization","@id":"https:\/\/lffcanada.com\/#organization","name":"LFFC","url":"https:\/\/lffcanada.com\/","logo":{"@type":"ImageObject","inLanguage":"fr-CA","@id":"https:\/\/lffcanada.com\/#\/schema\/logo\/image\/","url":"https:\/\/lffcanada.com\/wp-content\/uploads\/2025\/04\/LFFC25-WebsiteCover-1024x768_ENG.png","contentUrl":"https:\/\/lffcanada.com\/wp-content\/uploads\/2025\/04\/LFFC25-WebsiteCover-1024x768_ENG.png","width":2134,"height":1600,"caption":"LFFC"},"image":{"@id":"https:\/\/lffcanada.com\/#\/schema\/logo\/image\/"}}]}},"_links":{"self":[{"href":"https:\/\/lffcanada.com\/fr\/wp-json\/wp\/v2\/pages\/992","targetHints":{"allow":["GET"]}}],"collection":[{"href":"https:\/\/lffcanada.com\/fr\/wp-json\/wp\/v2\/pages"}],"about":[{"href":"https:\/\/lffcanada.com\/fr\/wp-json\/wp\/v2\/types\/page"}],"author":[{"embeddable":true,"href":"https:\/\/lffcanada.com\/fr\/wp-json\/wp\/v2\/users\/2"}],"replies":[{"embeddable":true,"href":"https:\/\/lffcanada.com\/fr\/wp-json\/wp\/v2\/comments?post=992"}],"version-history":[{"count":0,"href":"https:\/\/lffcanada.com\/fr\/wp-json\/wp\/v2\/pages\/992\/revisions"}],"wp:attachment":[{"href":"https:\/\/lffcanada.com\/fr\/wp-json\/wp\/v2\/media?parent=992"}],"curies":[{"name":"wp","href":"https:\/\/api.w.org\/{rel}","templated":true}]}}