{"id":958,"date":"2025-05-24T14:47:59","date_gmt":"2025-05-24T14:47:59","guid":{"rendered":"https:\/\/lffcanada.com\/?page_id=958"},"modified":"2025-05-24T15:03:05","modified_gmt":"2025-05-24T15:03:05","slug":"short-film","status":"publish","type":"page","link":"https:\/\/lffcanada.com\/fr\/short-film\/","title":{"rendered":"Court m\u00e9trage"},"content":{"rendered":"<div id='av_section_1'  class='avia-section av-1c8zlq-274a7799c6335aefebd93de6256bf604 main_color avia-section-default avia-no-border-styling  avia-builder-el-0  avia-builder-el-no-sibling  avia-bg-style-scroll container_wrap fullsize'  ><div class='container av-section-cont-open' ><main  role=\"main\" itemprop=\"mainContentOfPage\"  class='template-page content  av-content-full alpha units'><div class='post-entry post-entry-type-page post-entry-958'><div class='entry-content-wrapper clearfix'>\n<div  class='flex_column av-1bl6cm-9435b3e378fb407b07e1ac6612e1ac69 av_three_fifth  avia-builder-el-1  el_before_av_two_fifth  avia-builder-el-first  first flex_column_div'     ><form action=\"https:\/\/lffcanada.com\/fr\/short-film\/\" method=\"post\" data-fields-with-error=\"Found errors in the following field(s):\" class=\"avia_ajax_form av-form-labels-visible   avia-builder-el-2  avia-builder-el-no-sibling  av-show-form-errors\" data-avia-form-id=\"1\" data-avia-redirect=''  aria-label='Formulaire de contact' data-trp-original-action=\"https:\/\/lffcanada.com\/fr\/short-film\/\" ><h3 class=''>\u00c9valuer un court m\u00e9trage<\/h3><fieldset><p class='first_form  form_element form_fullwidth' id='element_avia_1_1'><label for=\"avia_1_1\">Nom <abbr class=\"required\" title=\"requis\">*<\/abbr><\/label> <input name=\"avia_1_1\" class=\"text_input is_empty\" type=\"text\" id=\"avia_1_1\" value=\"\" \/><\/p><p class='first_form  form_element form_fullwidth' id='element_avia_2_1'><label for=\"avia_2_1\">E-mail <abbr class=\"required\" title=\"requis\">*<\/abbr><\/label> <input name=\"avia_2_1\" class=\"text_input is_email\" type=\"text\" id=\"avia_2_1\" value=\"\" \/><\/p><p class='first_form  form_element form_fullwidth' id='element_avia_3_1'><label for=\"avia_3_1\">Choisissez un court m\u00e9trage <abbr class=\"required\" title=\"requis\">*<\/abbr><\/label><select  name=\"avia_3_1\" class=\"select is_empty\" id=\"avia_3_1\"><option   value='Alitisal'>Aliteal<\/option><option   value='Wingo'>Wingo<\/option><option   value='In Maya\u2018s Eyes'>Dans les yeux de Maya<\/option><option   value='Lorraine'>Lorraine<\/option><option   value='The Dancer'>La danseuse<\/option><option   value='Fated Seat'>Si\u00e8ge pr\u00e9destin\u00e9<\/option><option   value='Abort Mission'>Avorter la mission<\/option><option   value='Fort Da'>Fort Da<\/option><option   value='Many Returns'>De nombreux retours<\/option><option   value='Rahil'>Rahil<\/option><option   value='Blue Hour'>Heure bleue<\/option><option   value='Ephemeral You'>Toi \u00e9ph\u00e9m\u00e8re<\/option><option   value='Maybe One Day'>Peut-\u00eatre un jour<\/option><option   value='Dahlia Noir'>Dahlia Noir<\/option><option   value='Dawn of You'>L&#039;aube de toi<\/option><option   value='Apr\u00e8s L\u2019Amour'>Apr\u00e8s L&#039;Amour<\/option><option   value='A Bad Day to Pick Carrots'>Une mauvaise journ\u00e9e pour cueillir des carottes<\/option><option   value='Maybe Tomorrow'>Peut-\u00eatre demain<\/option><option   value='Immersed'>Immerg\u00e9<\/option><option   value='Blood Sweat and Feathers'>Sang, sueur et plumes<\/option><option   value='The Way I Like'>Comme j&#039;aime<\/option><option   value='Touched'>Touch\u00e9<\/option><option   value='Downfall'>Chute<\/option><option   value='Crow Man'>L&#039;homme corbeau<\/option><option   value='Rooster\u2019s Wedding'>Le mariage du coq<\/option><option   value='Graffiti'>Graffiti<\/option><option   value='Yvonne'>Yvonne<\/option><option   value='Zouzou Ebba'>Zouzou Ebba<\/option><option   value='Beirut Animation Night'>Soir\u00e9e d&#039;animation de Beyrouth<\/option><option   value='Game Trailer (Alchemist)'>Bande-annonce du jeu (Alchemist)<\/option><option   value='Game Trailer (Rise of the Wolf)'>Bande-annonce du jeu (Rise of the Wolf)<\/option><option   value='Abu Kees Bala Kees'>Abu Kees Bala Kees<\/option><option   value='Abu Kees Wel Batata'>Abu Kees Wel Batata<\/option><option   value='Kees\u2019s Camp'>Camp de Kees<\/option><option   value='Abou Kees Aw Yemken Em Kees'>Abou Kees Aw Yemken Em Kees<\/option><option   value='The Weight of It All'>Le poids de tout cela<\/option><\/select><\/p><p class='first_form  form_element form_fullwidth' id='element_avia_4_1'><label for=\"avia_4_1\">Notez (de 1 \u00e0 10) - 10 \u00e9tant le meilleur <abbr class=\"required\" title=\"requis\">*<\/abbr><\/label><select  name=\"avia_4_1\" class=\"select is_empty\" id=\"avia_4_1\"><option   value='1'>1<\/option><option   value='2'>2<\/option><option   value='3'>3<\/option><option   value='4'>4<\/option><option   value='5'>5<\/option><option   value='6'>6<\/option><option   value='7'>7<\/option><option   value='8'>8<\/option><option   value='9'>9<\/option><option   value='10'>10<\/option><\/select><\/p><p class='first_form  form_element form_fullwidth av-last-visible-form-element' id='element_avia_5_1'><label for=\"avia_5_1\" class=\"textare_label hidden textare_label_avia_5_1\">Commentaires<\/label><textarea  name=\"avia_5_1\" class=\"text_area\" cols=\"40\" rows=\"7\" id=\"avia_5_1\" ><\/textarea><\/p><p class=\"hidden\"><input type=\"text\" name=\"avia_6_1\" class=\"hidden\" id=\"avia_6_1\" value=\"\" \/><\/p><p class=\"form_element\"><input type=\"hidden\" value=\"1\" name=\"avia_generated_form1\" \/><input type=\"submit\" value=\"Soumettre un vote\" class=\"button\"  data-sending-label=\"Sending\"\/><\/p><\/fieldset><input type=\"hidden\" name=\"trp-form-language\" value=\"fr\"\/><\/form><div id=\"ajaxresponse_1\" class=\"ajaxresponse ajaxresponse_1 hidden\"><\/div><\/div><div  class='flex_column av-gt1lq-527f8ff3965ac678ecdea83271077bb8 av_two_fifth  avia-builder-el-3  el_after_av_three_fifth  avia-builder-el-last  flex_column_div'     ><style type=\"text\/css\" data-created_by=\"avia_inline_auto\" id=\"style-css-av-b4qny-62d728c5ed01e40aaf85a0bdf5eda729\">\n.avia-image-container.av-b4qny-62d728c5ed01e40aaf85a0bdf5eda729 img.avia_image{\nbox-shadow:none;\n}\n.avia-image-container.av-b4qny-62d728c5ed01e40aaf85a0bdf5eda729 .av-image-caption-overlay-center{\ncolor:#ffffff;\n}\n<\/style>\n<div  class='avia-image-container av-b4qny-62d728c5ed01e40aaf85a0bdf5eda729 av-styling- avia-align-center  avia-builder-el-4  avia-builder-el-no-sibling'   itemprop=\"image\" itemscope=\"itemscope\" itemtype=\"https:\/\/schema.org\/ImageObject\" ><div class=\"avia-image-container-inner\"><div class=\"avia-image-overlay-wrap\"><img decoding=\"async\" fetchpriority=\"high\" class='wp-image-778 avia-img-lazy-loading-not-778 avia_image' src=\"https:\/\/lffcanada.com\/wp-content\/uploads\/2025\/05\/LFFC25-WebsiteCover-1024x768_FR-1.png\" alt='' title='Couverture du site Web LFFC25 - 1024x768_FR'  height=\"1600\" width=\"2134\"  itemprop=\"thumbnailUrl\" srcset=\"https:\/\/lffcanada.com\/wp-content\/uploads\/2025\/05\/LFFC25-WebsiteCover-1024x768_FR-1.png 2134w, https:\/\/lffcanada.com\/wp-content\/uploads\/2025\/05\/LFFC25-WebsiteCover-1024x768_FR-1-300x225.png 300w, https:\/\/lffcanada.com\/wp-content\/uploads\/2025\/05\/LFFC25-WebsiteCover-1024x768_FR-1-1030x772.png 1030w, https:\/\/lffcanada.com\/wp-content\/uploads\/2025\/05\/LFFC25-WebsiteCover-1024x768_FR-1-768x576.png 768w, https:\/\/lffcanada.com\/wp-content\/uploads\/2025\/05\/LFFC25-WebsiteCover-1024x768_FR-1-1536x1152.png 1536w, https:\/\/lffcanada.com\/wp-content\/uploads\/2025\/05\/LFFC25-WebsiteCover-1024x768_FR-1-2048x1536.png 2048w, https:\/\/lffcanada.com\/wp-content\/uploads\/2025\/05\/LFFC25-WebsiteCover-1024x768_FR-1-16x12.png 16w, https:\/\/lffcanada.com\/wp-content\/uploads\/2025\/05\/LFFC25-WebsiteCover-1024x768_FR-1-1500x1125.png 1500w, https:\/\/lffcanada.com\/wp-content\/uploads\/2025\/05\/LFFC25-WebsiteCover-1024x768_FR-1-705x529.png 705w\" sizes=\"(max-width: 2134px) 100vw, 2134px\" \/><\/div><\/div><\/div><\/div>","protected":false},"excerpt":{"rendered":"","protected":false},"author":2,"featured_media":0,"parent":0,"menu_order":0,"comment_status":"closed","ping_status":"closed","template":"","meta":{"footnotes":""},"class_list":["post-958","page","type-page","status-publish","hentry"],"yoast_head":"<!-- This site is optimized with the Yoast SEO plugin v27.3 - https:\/\/yoast.com\/product\/yoast-seo-wordpress\/ -->\n<title>Short Film - LFFC<\/title>\n<meta name=\"robots\" content=\"index, follow, max-snippet:-1, max-image-preview:large, max-video-preview:-1\" \/>\n<link rel=\"canonical\" href=\"https:\/\/lffcanada.com\/fr\/short-film\/\" \/>\n<meta property=\"og:locale\" content=\"fr_CA\" \/>\n<meta property=\"og:type\" content=\"article\" \/>\n<meta property=\"og:title\" content=\"Short Film - LFFC\" \/>\n<meta property=\"og:url\" content=\"https:\/\/lffcanada.com\/fr\/short-film\/\" \/>\n<meta property=\"og:site_name\" content=\"LFFC\" \/>\n<meta property=\"article:modified_time\" content=\"2025-05-24T15:03:05+00:00\" \/>\n<meta name=\"twitter:card\" content=\"summary_large_image\" \/>\n<meta name=\"twitter:label1\" content=\"Est. reading time\" \/>\n\t<meta name=\"twitter:data1\" content=\"1 minute\" \/>\n<script type=\"application\/ld+json\" class=\"yoast-schema-graph\">{\"@context\":\"https:\\\/\\\/schema.org\",\"@graph\":[{\"@type\":\"WebPage\",\"@id\":\"https:\\\/\\\/lffcanada.com\\\/short-film\\\/\",\"url\":\"https:\\\/\\\/lffcanada.com\\\/short-film\\\/\",\"name\":\"Short Film - LFFC\",\"isPartOf\":{\"@id\":\"https:\\\/\\\/lffcanada.com\\\/#website\"},\"datePublished\":\"2025-05-24T14:47:59+00:00\",\"dateModified\":\"2025-05-24T15:03:05+00:00\",\"breadcrumb\":{\"@id\":\"https:\\\/\\\/lffcanada.com\\\/short-film\\\/#breadcrumb\"},\"inLanguage\":\"fr-CA\",\"potentialAction\":[{\"@type\":\"ReadAction\",\"target\":[\"https:\\\/\\\/lffcanada.com\\\/short-film\\\/\"]}]},{\"@type\":\"BreadcrumbList\",\"@id\":\"https:\\\/\\\/lffcanada.com\\\/short-film\\\/#breadcrumb\",\"itemListElement\":[{\"@type\":\"ListItem\",\"position\":1,\"name\":\"Home\",\"item\":\"https:\\\/\\\/lffcanada.com\\\/welcome\\\/\"},{\"@type\":\"ListItem\",\"position\":2,\"name\":\"Short Film\"}]},{\"@type\":\"WebSite\",\"@id\":\"https:\\\/\\\/lffcanada.com\\\/#website\",\"url\":\"https:\\\/\\\/lffcanada.com\\\/\",\"name\":\"LFFC\",\"description\":\"Lebanese Film Festival Canada\",\"publisher\":{\"@id\":\"https:\\\/\\\/lffcanada.com\\\/#organization\"},\"potentialAction\":[{\"@type\":\"SearchAction\",\"target\":{\"@type\":\"EntryPoint\",\"urlTemplate\":\"https:\\\/\\\/lffcanada.com\\\/?s={search_term_string}\"},\"query-input\":{\"@type\":\"PropertyValueSpecification\",\"valueRequired\":true,\"valueName\":\"search_term_string\"}}],\"inLanguage\":\"fr-CA\"},{\"@type\":\"Organization\",\"@id\":\"https:\\\/\\\/lffcanada.com\\\/#organization\",\"name\":\"LFFC\",\"url\":\"https:\\\/\\\/lffcanada.com\\\/\",\"logo\":{\"@type\":\"ImageObject\",\"inLanguage\":\"fr-CA\",\"@id\":\"https:\\\/\\\/lffcanada.com\\\/#\\\/schema\\\/logo\\\/image\\\/\",\"url\":\"https:\\\/\\\/lffcanada.com\\\/wp-content\\\/uploads\\\/2025\\\/04\\\/LFFC25-WebsiteCover-1024x768_ENG.png\",\"contentUrl\":\"https:\\\/\\\/lffcanada.com\\\/wp-content\\\/uploads\\\/2025\\\/04\\\/LFFC25-WebsiteCover-1024x768_ENG.png\",\"width\":2134,\"height\":1600,\"caption\":\"LFFC\"},\"image\":{\"@id\":\"https:\\\/\\\/lffcanada.com\\\/#\\\/schema\\\/logo\\\/image\\\/\"}}]}<\/script>\n<!-- \/ Yoast SEO plugin. -->","yoast_head_json":{"title":"Court m\u00e9trage - LFFC","robots":{"index":"index","follow":"follow","max-snippet":"max-snippet:-1","max-image-preview":"max-image-preview:large","max-video-preview":"max-video-preview:-1"},"canonical":"https:\/\/lffcanada.com\/fr\/short-film\/","og_locale":"fr_CA","og_type":"article","og_title":"Short Film - LFFC","og_url":"https:\/\/lffcanada.com\/fr\/short-film\/","og_site_name":"LFFC","article_modified_time":"2025-05-24T15:03:05+00:00","twitter_card":"summary_large_image","twitter_misc":{"Est. reading time":"1 minute"},"schema":{"@context":"https:\/\/schema.org","@graph":[{"@type":"WebPage","@id":"https:\/\/lffcanada.com\/short-film\/","url":"https:\/\/lffcanada.com\/short-film\/","name":"Court m\u00e9trage - LFFC","isPartOf":{"@id":"https:\/\/lffcanada.com\/#website"},"datePublished":"2025-05-24T14:47:59+00:00","dateModified":"2025-05-24T15:03:05+00:00","breadcrumb":{"@id":"https:\/\/lffcanada.com\/short-film\/#breadcrumb"},"inLanguage":"fr-CA","potentialAction":[{"@type":"ReadAction","target":["https:\/\/lffcanada.com\/short-film\/"]}]},{"@type":"BreadcrumbList","@id":"https:\/\/lffcanada.com\/short-film\/#breadcrumb","itemListElement":[{"@type":"ListItem","position":1,"name":"Home","item":"https:\/\/lffcanada.com\/welcome\/"},{"@type":"ListItem","position":2,"name":"Short Film"}]},{"@type":"WebSite","@id":"https:\/\/lffcanada.com\/#website","url":"https:\/\/lffcanada.com\/","name":"LFFC","description":"Festival du film libanais du Canada","publisher":{"@id":"https:\/\/lffcanada.com\/#organization"},"potentialAction":[{"@type":"SearchAction","target":{"@type":"EntryPoint","urlTemplate":"https:\/\/lffcanada.com\/?s={search_term_string}"},"query-input":{"@type":"PropertyValueSpecification","valueRequired":true,"valueName":"search_term_string"}}],"inLanguage":"fr-CA"},{"@type":"Organization","@id":"https:\/\/lffcanada.com\/#organization","name":"LFFC","url":"https:\/\/lffcanada.com\/","logo":{"@type":"ImageObject","inLanguage":"fr-CA","@id":"https:\/\/lffcanada.com\/#\/schema\/logo\/image\/","url":"https:\/\/lffcanada.com\/wp-content\/uploads\/2025\/04\/LFFC25-WebsiteCover-1024x768_ENG.png","contentUrl":"https:\/\/lffcanada.com\/wp-content\/uploads\/2025\/04\/LFFC25-WebsiteCover-1024x768_ENG.png","width":2134,"height":1600,"caption":"LFFC"},"image":{"@id":"https:\/\/lffcanada.com\/#\/schema\/logo\/image\/"}}]}},"_links":{"self":[{"href":"https:\/\/lffcanada.com\/fr\/wp-json\/wp\/v2\/pages\/958","targetHints":{"allow":["GET"]}}],"collection":[{"href":"https:\/\/lffcanada.com\/fr\/wp-json\/wp\/v2\/pages"}],"about":[{"href":"https:\/\/lffcanada.com\/fr\/wp-json\/wp\/v2\/types\/page"}],"author":[{"embeddable":true,"href":"https:\/\/lffcanada.com\/fr\/wp-json\/wp\/v2\/users\/2"}],"replies":[{"embeddable":true,"href":"https:\/\/lffcanada.com\/fr\/wp-json\/wp\/v2\/comments?post=958"}],"version-history":[{"count":0,"href":"https:\/\/lffcanada.com\/fr\/wp-json\/wp\/v2\/pages\/958\/revisions"}],"wp:attachment":[{"href":"https:\/\/lffcanada.com\/fr\/wp-json\/wp\/v2\/media?parent=958"}],"curies":[{"name":"wp","href":"https:\/\/api.w.org\/{rel}","templated":true}]}}