{"id":861,"date":"2025-05-04T13:37:21","date_gmt":"2025-05-04T13:37:21","guid":{"rendered":"https:\/\/lffcanada.com\/?page_id=861"},"modified":"2025-05-04T13:37:38","modified_gmt":"2025-05-04T13:37:38","slug":"how-you-can-help","status":"publish","type":"page","link":"https:\/\/lffcanada.com\/fr\/how-you-can-help\/","title":{"rendered":"Comment vous pouvez aider"},"content":{"rendered":"<div id='av-layout-grid-1'  class='av-layout-grid-container av-av_layout_row-c19a79498d53a771791392e51cf50990 entry-content-wrapper main_color av-flex-cells  avia-builder-el-0  avia-builder-el-no-sibling   container_wrap fullsize'  >\n\n<style type=\"text\/css\" data-created_by=\"avia_inline_auto\" id=\"style-css-av-av_cell_one_full-a6eb29801d71799590234a85e3614cac\">\n.flex_cell.av-av_cell_one_full-a6eb29801d71799590234a85e3614cac{\nvertical-align:middle;\nheight:430px;\nmin-height:430px;\nbackground-color:#f5f5f5;\n}\n.responsive #top #wrap_all .flex_cell.av-av_cell_one_full-a6eb29801d71799590234a85e3614cac{\npadding:30px 100px 30px 100px !important;\n}\n<\/style>\n<div class='flex_cell av-av_cell_one_full-a6eb29801d71799590234a85e3614cac av-gridrow-cell av_one_full no_margin  avia-builder-el-1  avia-builder-el-no-sibling'  ><div class='flex_cell_inner'><p>\n<style type=\"text\/css\" data-created_by=\"avia_inline_auto\" id=\"style-css-av-ma9p4p95-e2ba30ac01bf02a294066370b88ed108\">\n#top .av-special-heading.av-ma9p4p95-e2ba30ac01bf02a294066370b88ed108{\npadding-bottom:10px;\n}\nbody .av-special-heading.av-ma9p4p95-e2ba30ac01bf02a294066370b88ed108 .av-special-heading-tag .heading-char{\nfont-size:25px;\n}\n.av-special-heading.av-ma9p4p95-e2ba30ac01bf02a294066370b88ed108 .av-subheading{\nfont-size:15px;\n}\n<\/style>\n<div  class='av-special-heading av-ma9p4p95-e2ba30ac01bf02a294066370b88ed108 av-special-heading-h3  avia-builder-el-2  el_before_av_textblock  avia-builder-el-first'><h3 class='av-special-heading-tag'  itemprop=\"headline\"  >Comment vous pouvez aider<\/h3><div class=\"special-heading-border\"><div class=\"special-heading-inner-border\"><\/div><\/div><\/div><br \/>\n<section  class='av_textblock_section av-ma9p47sl-cde022031d6989b94076bc8f19aafc13'   itemscope=\"itemscope\" itemtype=\"https:\/\/schema.org\/CreativeWork\" ><div class='avia_textblock'  itemprop=\"text\" ><p><b>Avez-vous appr\u00e9ci\u00e9 l\u2019exp\u00e9rience du cin\u00e9ma libanais ?<\/b><\/p>\n<p><b>Nous vous contactons pour vous aider \u00e0 maintenir ce caract\u00e8re exceptionnel.<\/b><\/p>\n<p><b>Aidez-nous \u00e0 faire la diff\u00e9rence<\/b><\/p>\n<p><span style=\"font-weight: 400;\">Aujourd\u2019hui plus que jamais, le festival LFFC a besoin du soutien de son public fid\u00e8le pour continuer \u00e0 proposer une programmation cin\u00e9matographique riche, audacieuse et exclusive.<\/span><\/p>\n<p><b>En soutenant le festival, vous :<\/b><\/p>\n<ul>\n<li aria-level=\"1\"><span style=\"font-weight: 400;\">Contribuez \u00e0 la vitalit\u00e9 de nos \u00e9v\u00e9nements<\/span><\/li>\n<\/ul>\n<ul>\n<li aria-level=\"1\"><span style=\"font-weight: 400;\">Aidez \u00e0 \u00e9tablir le LFFC comme un festival de premier plan et une plaque tournante canadienne pour la distribution de films libanais en Am\u00e9rique du Nord<\/span><\/li>\n<\/ul>\n<ul>\n<li aria-level=\"1\"><span style=\"font-weight: 400;\">B\u00e9n\u00e9ficiez d&#039;un acc\u00e8s prioritaire aux activit\u00e9s et mises \u00e0 jour du festival<\/span><\/li>\n<\/ul>\n<ul>\n<li aria-level=\"1\"><span style=\"font-weight: 400;\">B\u00e9n\u00e9ficiez d\u2019avantages exclusifs, notamment des premi\u00e8res nord-am\u00e9ricaines et des projections sp\u00e9ciales.<\/span><\/li>\n<\/ul>\n<p><b>Votre participation nous permet de :<\/b><\/p>\n<ul>\n<li style=\"font-weight: 400;\" aria-level=\"1\"><b>Promouvoir le cin\u00e9ma libanais :<\/b><span style=\"font-weight: 400;\"> Votre participation soutient la cr\u00e9ation et la diffusion du cin\u00e9ma libanais au Canada et \u00e0 l\u2019international, que nous mettons en valeur lors du festival dans cinq villes.<\/span><\/li>\n<li style=\"font-weight: 400;\" aria-level=\"1\"><b>C\u00e9l\u00e9brer la diversit\u00e9 et la cr\u00e9ativit\u00e9 \u00e9mergente :<\/b><span style=\"font-weight: 400;\"> Aidez-nous \u00e0 mettre en valeur des voix et des perspectives uniques tout en promouvant l\u2019inclusion et la diversit\u00e9 dans le monde du cin\u00e9ma.<\/span><\/li>\n<li style=\"font-weight: 400;\" aria-level=\"1\"><b>\u00c9duquer et inspirer :<\/b><span style=\"font-weight: 400;\"> Your contribution enables us to organize events open to everyone, offer free meet-and-greets with our guests, and host Q&amp;A sessions with renowned filmmakers.<\/span><\/li>\n<li style=\"font-weight: 400;\" aria-level=\"1\"><b>Cr\u00e9ez des connexions durables et uniques :<\/b><span style=\"font-weight: 400;\"> En soutenant, vous rejoignez une communaut\u00e9 de passionn\u00e9s de cin\u00e9ma qui partagent votre passion pour la cr\u00e9ation cin\u00e9matographique.<\/span><\/li>\n<\/ul>\n<p><span style=\"font-weight: 400;\">Ensemble, faisons de ce festival une c\u00e9l\u00e9bration inoubliable du cin\u00e9ma libanais !\u00a0<\/span><\/p>\n<p><span style=\"font-weight: 400;\">Chaque participation compte, merci pour votre pr\u00e9cieux soutien !<\/span><\/p>\n<p><span style=\"font-weight: 400;\">Suivez l&#039;impact de votre don en nous rejoignant sur les r\u00e9seaux sociaux ici ! (LIEN)<\/span><\/p>\n<p><b>CINQ fa\u00e7ons de montrer votre soutien :<\/b><\/p>\n<p><b>\uf0b7 $75 : Complice<\/b><\/p>\n<p><b>\uf0b7 $100 : Partenaire cin\u00e9ma<\/b><\/p>\n<p><b>\uf0b7 $250 : Donateur acteur<\/b><\/p>\n<p><b>\uf0b7 $500 : Donateur concepteur<\/b><\/p>\n<p><b>\uf0b7 $1\u00a0000\u00a0: Partenaire \u00e9crivain<\/b><\/p>\n<\/div><\/section><\/p>\n<\/div><\/div><\/div>","protected":false},"excerpt":{"rendered":"","protected":false},"author":2,"featured_media":0,"parent":0,"menu_order":0,"comment_status":"closed","ping_status":"closed","template":"","meta":{"footnotes":""},"class_list":["post-861","page","type-page","status-publish","hentry"],"yoast_head":"<!-- This site is optimized with the Yoast SEO plugin v27.3 - https:\/\/yoast.com\/product\/yoast-seo-wordpress\/ -->\n<title>How you can help - LFFC<\/title>\n<meta name=\"robots\" content=\"index, follow, max-snippet:-1, max-image-preview:large, max-video-preview:-1\" \/>\n<link rel=\"canonical\" href=\"https:\/\/lffcanada.com\/fr\/how-you-can-help\/\" \/>\n<meta property=\"og:locale\" content=\"fr_CA\" \/>\n<meta property=\"og:type\" content=\"article\" \/>\n<meta property=\"og:title\" content=\"How you can help - LFFC\" \/>\n<meta property=\"og:url\" content=\"https:\/\/lffcanada.com\/fr\/how-you-can-help\/\" \/>\n<meta property=\"og:site_name\" content=\"LFFC\" \/>\n<meta property=\"article:modified_time\" content=\"2025-05-04T13:37:38+00:00\" \/>\n<meta name=\"twitter:card\" content=\"summary_large_image\" \/>\n<meta name=\"twitter:label1\" content=\"Est. reading time\" \/>\n\t<meta name=\"twitter:data1\" content=\"4 minutes\" \/>\n<script type=\"application\/ld+json\" class=\"yoast-schema-graph\">{\"@context\":\"https:\\\/\\\/schema.org\",\"@graph\":[{\"@type\":\"WebPage\",\"@id\":\"https:\\\/\\\/lffcanada.com\\\/how-you-can-help\\\/\",\"url\":\"https:\\\/\\\/lffcanada.com\\\/how-you-can-help\\\/\",\"name\":\"How you can help - LFFC\",\"isPartOf\":{\"@id\":\"https:\\\/\\\/lffcanada.com\\\/#website\"},\"datePublished\":\"2025-05-04T13:37:21+00:00\",\"dateModified\":\"2025-05-04T13:37:38+00:00\",\"breadcrumb\":{\"@id\":\"https:\\\/\\\/lffcanada.com\\\/how-you-can-help\\\/#breadcrumb\"},\"inLanguage\":\"fr-CA\",\"potentialAction\":[{\"@type\":\"ReadAction\",\"target\":[\"https:\\\/\\\/lffcanada.com\\\/how-you-can-help\\\/\"]}]},{\"@type\":\"BreadcrumbList\",\"@id\":\"https:\\\/\\\/lffcanada.com\\\/how-you-can-help\\\/#breadcrumb\",\"itemListElement\":[{\"@type\":\"ListItem\",\"position\":1,\"name\":\"Home\",\"item\":\"https:\\\/\\\/lffcanada.com\\\/welcome\\\/\"},{\"@type\":\"ListItem\",\"position\":2,\"name\":\"How you can help\"}]},{\"@type\":\"WebSite\",\"@id\":\"https:\\\/\\\/lffcanada.com\\\/#website\",\"url\":\"https:\\\/\\\/lffcanada.com\\\/\",\"name\":\"LFFC\",\"description\":\"Lebanese Film Festival Canada\",\"publisher\":{\"@id\":\"https:\\\/\\\/lffcanada.com\\\/#organization\"},\"potentialAction\":[{\"@type\":\"SearchAction\",\"target\":{\"@type\":\"EntryPoint\",\"urlTemplate\":\"https:\\\/\\\/lffcanada.com\\\/?s={search_term_string}\"},\"query-input\":{\"@type\":\"PropertyValueSpecification\",\"valueRequired\":true,\"valueName\":\"search_term_string\"}}],\"inLanguage\":\"fr-CA\"},{\"@type\":\"Organization\",\"@id\":\"https:\\\/\\\/lffcanada.com\\\/#organization\",\"name\":\"LFFC\",\"url\":\"https:\\\/\\\/lffcanada.com\\\/\",\"logo\":{\"@type\":\"ImageObject\",\"inLanguage\":\"fr-CA\",\"@id\":\"https:\\\/\\\/lffcanada.com\\\/#\\\/schema\\\/logo\\\/image\\\/\",\"url\":\"https:\\\/\\\/lffcanada.com\\\/wp-content\\\/uploads\\\/2025\\\/04\\\/LFFC25-WebsiteCover-1024x768_ENG.png\",\"contentUrl\":\"https:\\\/\\\/lffcanada.com\\\/wp-content\\\/uploads\\\/2025\\\/04\\\/LFFC25-WebsiteCover-1024x768_ENG.png\",\"width\":2134,\"height\":1600,\"caption\":\"LFFC\"},\"image\":{\"@id\":\"https:\\\/\\\/lffcanada.com\\\/#\\\/schema\\\/logo\\\/image\\\/\"}}]}<\/script>\n<!-- \/ Yoast SEO plugin. -->","yoast_head_json":{"title":"How you can help - LFFC","robots":{"index":"index","follow":"follow","max-snippet":"max-snippet:-1","max-image-preview":"max-image-preview:large","max-video-preview":"max-video-preview:-1"},"canonical":"https:\/\/lffcanada.com\/fr\/how-you-can-help\/","og_locale":"fr_CA","og_type":"article","og_title":"How you can help - LFFC","og_url":"https:\/\/lffcanada.com\/fr\/how-you-can-help\/","og_site_name":"LFFC","article_modified_time":"2025-05-04T13:37:38+00:00","twitter_card":"summary_large_image","twitter_misc":{"Est. reading time":"4 minutes"},"schema":{"@context":"https:\/\/schema.org","@graph":[{"@type":"WebPage","@id":"https:\/\/lffcanada.com\/how-you-can-help\/","url":"https:\/\/lffcanada.com\/how-you-can-help\/","name":"How you can help - LFFC","isPartOf":{"@id":"https:\/\/lffcanada.com\/#website"},"datePublished":"2025-05-04T13:37:21+00:00","dateModified":"2025-05-04T13:37:38+00:00","breadcrumb":{"@id":"https:\/\/lffcanada.com\/how-you-can-help\/#breadcrumb"},"inLanguage":"fr-CA","potentialAction":[{"@type":"ReadAction","target":["https:\/\/lffcanada.com\/how-you-can-help\/"]}]},{"@type":"BreadcrumbList","@id":"https:\/\/lffcanada.com\/how-you-can-help\/#breadcrumb","itemListElement":[{"@type":"ListItem","position":1,"name":"Home","item":"https:\/\/lffcanada.com\/welcome\/"},{"@type":"ListItem","position":2,"name":"How you can help"}]},{"@type":"WebSite","@id":"https:\/\/lffcanada.com\/#website","url":"https:\/\/lffcanada.com\/","name":"LFFC","description":"Festival du film libanais du Canada","publisher":{"@id":"https:\/\/lffcanada.com\/#organization"},"potentialAction":[{"@type":"SearchAction","target":{"@type":"EntryPoint","urlTemplate":"https:\/\/lffcanada.com\/?s={search_term_string}"},"query-input":{"@type":"PropertyValueSpecification","valueRequired":true,"valueName":"search_term_string"}}],"inLanguage":"fr-CA"},{"@type":"Organization","@id":"https:\/\/lffcanada.com\/#organization","name":"LFFC","url":"https:\/\/lffcanada.com\/","logo":{"@type":"ImageObject","inLanguage":"fr-CA","@id":"https:\/\/lffcanada.com\/#\/schema\/logo\/image\/","url":"https:\/\/lffcanada.com\/wp-content\/uploads\/2025\/04\/LFFC25-WebsiteCover-1024x768_ENG.png","contentUrl":"https:\/\/lffcanada.com\/wp-content\/uploads\/2025\/04\/LFFC25-WebsiteCover-1024x768_ENG.png","width":2134,"height":1600,"caption":"LFFC"},"image":{"@id":"https:\/\/lffcanada.com\/#\/schema\/logo\/image\/"}}]}},"_links":{"self":[{"href":"https:\/\/lffcanada.com\/fr\/wp-json\/wp\/v2\/pages\/861","targetHints":{"allow":["GET"]}}],"collection":[{"href":"https:\/\/lffcanada.com\/fr\/wp-json\/wp\/v2\/pages"}],"about":[{"href":"https:\/\/lffcanada.com\/fr\/wp-json\/wp\/v2\/types\/page"}],"author":[{"embeddable":true,"href":"https:\/\/lffcanada.com\/fr\/wp-json\/wp\/v2\/users\/2"}],"replies":[{"embeddable":true,"href":"https:\/\/lffcanada.com\/fr\/wp-json\/wp\/v2\/comments?post=861"}],"version-history":[{"count":0,"href":"https:\/\/lffcanada.com\/fr\/wp-json\/wp\/v2\/pages\/861\/revisions"}],"wp:attachment":[{"href":"https:\/\/lffcanada.com\/fr\/wp-json\/wp\/v2\/media?parent=861"}],"curies":[{"name":"wp","href":"https:\/\/api.w.org\/{rel}","templated":true}]}}