{"id":849,"date":"2025-05-04T13:20:01","date_gmt":"2025-05-04T13:20:01","guid":{"rendered":"https:\/\/lffcanada.com\/?page_id=849"},"modified":"2026-04-09T22:58:11","modified_gmt":"2026-04-09T22:58:11","slug":"note-from-the-director-2","status":"publish","type":"page","link":"https:\/\/lffcanada.com\/fr\/note-from-the-director-2\/","title":{"rendered":"Note du directeur"},"content":{"rendered":"<div id='av-layout-grid-1'  class='av-layout-grid-container av-jb0pt-ab13f81c67f7121047d25c7d72bfc0d8 entry-content-wrapper main_color av-flex-cells  avia-builder-el-0  avia-builder-el-no-sibling   container_wrap fullsize'  >\n\n<style type=\"text\/css\" data-created_by=\"avia_inline_auto\" id=\"style-css-av-g2m4p-2ccd38251bdc71876c5bef274deaf6aa\">\n.flex_cell.av-g2m4p-2ccd38251bdc71876c5bef274deaf6aa{\nvertical-align:middle;\nheight:430px;\nmin-height:430px;\nbackground-color:#f5f5f5;\n}\n.responsive #top #wrap_all .flex_cell.av-g2m4p-2ccd38251bdc71876c5bef274deaf6aa{\npadding:30px 100px 30px 100px !important;\n}\n<\/style>\n<div class='flex_cell av-g2m4p-2ccd38251bdc71876c5bef274deaf6aa av-gridrow-cell av_one_half no_margin  avia-builder-el-1  el_before_av_cell_one_half  avia-builder-el-first'  ><div class='flex_cell_inner'><p>\n<style type=\"text\/css\" data-created_by=\"avia_inline_auto\" id=\"style-css-av-ma9oql7j-5d40b29f68cfc3ebe9e3e8c7751c79d4\">\n#top .av-special-heading.av-ma9oql7j-5d40b29f68cfc3ebe9e3e8c7751c79d4{\npadding-bottom:10px;\n}\nbody .av-special-heading.av-ma9oql7j-5d40b29f68cfc3ebe9e3e8c7751c79d4 .av-special-heading-tag .heading-char{\nfont-size:25px;\n}\n.av-special-heading.av-ma9oql7j-5d40b29f68cfc3ebe9e3e8c7751c79d4 .av-subheading{\nfont-size:15px;\n}\n<\/style>\n<div  class='av-special-heading av-ma9oql7j-5d40b29f68cfc3ebe9e3e8c7751c79d4 av-special-heading-h3 blockquote modern-quote  avia-builder-el-2  el_before_av_textblock  avia-builder-el-first'><h3 class='av-special-heading-tag'  itemprop=\"headline\"  >Note du directeur<\/h3><div class=\"special-heading-border\"><div class=\"special-heading-inner-border\"><\/div><\/div><\/div><br \/>\n<section  class='av_textblock_section av-ma9otpzv-eda949bb370040fb1e47b3b501f7efa4'   itemscope=\"itemscope\" itemtype=\"https:\/\/schema.org\/CreativeWork\" ><div class='avia_textblock'  itemprop=\"text\" ><p><span style=\"font-weight: 400;\">Welcome to the 10th Edition of the Lebanese Film Festival in Canada &#8211; LFFC!<\/span><\/p>\n<p><span style=\"font-weight: 400;\">It fills me with joy and deep gratitude to welcome you to this year\u2019s edition of the festival. <\/span><\/p>\n<p><span style=\"font-weight: 400;\">Ten years ago, this journey began as a dream. Today, it continues to grow, evolve, and bring people together through the powerful lens of cinema.<\/span><\/p>\n<p><span style=\"font-weight: 400;\">Every year brings something new, and this edition is no exception. We\u2019re proud to introduce fresh programming, bold artistic voices, and memorable experiences. We\u2019re also honored to welcome special guests across the globe. Their presence and insight bring even more depth and meaning to what we share together.<\/span><\/p>\n<p><span style=\"font-weight: 400;\">Rien de tout cela ne serait possible sans le soutien de notre incroyable \u00e9quipe, des nombreuses personnes passionn\u00e9es qui donnent de leur temps et de leur \u00e9nergie, et de nos g\u00e9n\u00e9reux partenaires. Des organismes culturels aux universit\u00e9s en passant par les festivals de cin\u00e9ma du Canada et d&#039;ailleurs, leur engagement perp\u00e9tue cette vision.<\/span><\/p>\n<p><span style=\"font-weight: 400;\">Au LFFC, nous croyons que le cin\u00e9ma a le pouvoir de nous connecter, de nous gu\u00e9rir et de nous rappeler les histoires qui nous fa\u00e7onnent. Ce festival ne se r\u00e9sume pas \u00e0 des films. Il est question de communaut\u00e9, d&#039;identit\u00e9 et de c\u00e9l\u00e9bration. Il parle du Liban, certes, mais aussi de nous tous, r\u00e9unis autour du langage universel de l&#039;art.<\/span><\/p>\n<p><span style=\"font-weight: 400;\">Merci du fond du c\u0153ur d&#039;avoir parcouru ce chemin avec nous. Votre confiance et votre soutien sont pr\u00e9cieux. J&#039;ai h\u00e2te de partager ce voyage avec vous cette ann\u00e9e.<\/span><\/p>\n<p><span style=\"font-weight: 400;\">On behalf of our team, we welcome you to the 10th edition of the Lebanese Film Festival in Canada with much appreciation,<\/span><\/p>\n<p><span style=\"font-weight: 400;\">Profitez du Festival.<\/span><\/p>\n<p><span style=\"font-weight: 400;\">Hay-Love Hadchiti<\/span><\/p>\n<p><span style=\"font-weight: 400;\">Founder, Executive Director<\/span><\/p>\n<\/div><\/section><\/p>\n<\/div><\/div>\n<style type=\"text\/css\" data-created_by=\"avia_inline_auto\" id=\"style-css-av-8ps6h-661e1b130295c66a28f28455897bdb4f\">\n.flex_cell.av-8ps6h-661e1b130295c66a28f28455897bdb4f{\nvertical-align:top;\nheight:430px;\nmin-height:430px;\nbackground:url(https:\/\/lffcanada.com\/wp-content\/uploads\/2025\/01\/WEB-PHOTOS1-e1774283107908.jpeg) 50% 50% no-repeat local ;\n}\n<\/style>\n<div class='flex_cell av-8ps6h-661e1b130295c66a28f28455897bdb4f av-gridrow-cell av_one_half no_margin  avia-builder-el-4  el_after_av_cell_one_half  avia-builder-el-last  avia-full-stretch'  ><div class='flex_cell_inner'><\/div><\/div><\/div>","protected":false},"excerpt":{"rendered":"","protected":false},"author":2,"featured_media":0,"parent":0,"menu_order":0,"comment_status":"closed","ping_status":"closed","template":"","meta":{"footnotes":""},"class_list":["post-849","page","type-page","status-publish","hentry"],"yoast_head":"<!-- This site is optimized with the Yoast SEO plugin v27.3 - https:\/\/yoast.com\/product\/yoast-seo-wordpress\/ -->\n<title>Note from the Director - LFFC<\/title>\n<meta name=\"robots\" content=\"index, follow, max-snippet:-1, max-image-preview:large, max-video-preview:-1\" \/>\n<link rel=\"canonical\" href=\"https:\/\/lffcanada.com\/fr\/note-from-the-director-2\/\" \/>\n<meta property=\"og:locale\" content=\"fr_CA\" \/>\n<meta property=\"og:type\" content=\"article\" \/>\n<meta property=\"og:title\" content=\"Note from the Director - LFFC\" \/>\n<meta property=\"og:url\" content=\"https:\/\/lffcanada.com\/fr\/note-from-the-director-2\/\" \/>\n<meta property=\"og:site_name\" content=\"LFFC\" \/>\n<meta property=\"article:modified_time\" content=\"2026-04-09T22:58:11+00:00\" \/>\n<meta name=\"twitter:card\" content=\"summary_large_image\" \/>\n<meta name=\"twitter:label1\" content=\"Est. reading time\" \/>\n\t<meta name=\"twitter:data1\" content=\"2 minutes\" \/>\n<script type=\"application\/ld+json\" class=\"yoast-schema-graph\">{\"@context\":\"https:\\\/\\\/schema.org\",\"@graph\":[{\"@type\":\"WebPage\",\"@id\":\"https:\\\/\\\/lffcanada.com\\\/note-from-the-director-2\\\/\",\"url\":\"https:\\\/\\\/lffcanada.com\\\/note-from-the-director-2\\\/\",\"name\":\"Note from the Director - LFFC\",\"isPartOf\":{\"@id\":\"https:\\\/\\\/lffcanada.com\\\/#website\"},\"datePublished\":\"2025-05-04T13:20:01+00:00\",\"dateModified\":\"2026-04-09T22:58:11+00:00\",\"breadcrumb\":{\"@id\":\"https:\\\/\\\/lffcanada.com\\\/note-from-the-director-2\\\/#breadcrumb\"},\"inLanguage\":\"fr-CA\",\"potentialAction\":[{\"@type\":\"ReadAction\",\"target\":[\"https:\\\/\\\/lffcanada.com\\\/note-from-the-director-2\\\/\"]}]},{\"@type\":\"BreadcrumbList\",\"@id\":\"https:\\\/\\\/lffcanada.com\\\/note-from-the-director-2\\\/#breadcrumb\",\"itemListElement\":[{\"@type\":\"ListItem\",\"position\":1,\"name\":\"Home\",\"item\":\"https:\\\/\\\/lffcanada.com\\\/welcome\\\/\"},{\"@type\":\"ListItem\",\"position\":2,\"name\":\"Note from the Director\"}]},{\"@type\":\"WebSite\",\"@id\":\"https:\\\/\\\/lffcanada.com\\\/#website\",\"url\":\"https:\\\/\\\/lffcanada.com\\\/\",\"name\":\"LFFC\",\"description\":\"Lebanese Film Festival Canada\",\"publisher\":{\"@id\":\"https:\\\/\\\/lffcanada.com\\\/#organization\"},\"potentialAction\":[{\"@type\":\"SearchAction\",\"target\":{\"@type\":\"EntryPoint\",\"urlTemplate\":\"https:\\\/\\\/lffcanada.com\\\/?s={search_term_string}\"},\"query-input\":{\"@type\":\"PropertyValueSpecification\",\"valueRequired\":true,\"valueName\":\"search_term_string\"}}],\"inLanguage\":\"fr-CA\"},{\"@type\":\"Organization\",\"@id\":\"https:\\\/\\\/lffcanada.com\\\/#organization\",\"name\":\"LFFC\",\"url\":\"https:\\\/\\\/lffcanada.com\\\/\",\"logo\":{\"@type\":\"ImageObject\",\"inLanguage\":\"fr-CA\",\"@id\":\"https:\\\/\\\/lffcanada.com\\\/#\\\/schema\\\/logo\\\/image\\\/\",\"url\":\"https:\\\/\\\/lffcanada.com\\\/wp-content\\\/uploads\\\/2025\\\/04\\\/LFFC25-WebsiteCover-1024x768_ENG.png\",\"contentUrl\":\"https:\\\/\\\/lffcanada.com\\\/wp-content\\\/uploads\\\/2025\\\/04\\\/LFFC25-WebsiteCover-1024x768_ENG.png\",\"width\":2134,\"height\":1600,\"caption\":\"LFFC\"},\"image\":{\"@id\":\"https:\\\/\\\/lffcanada.com\\\/#\\\/schema\\\/logo\\\/image\\\/\"}}]}<\/script>\n<!-- \/ Yoast SEO plugin. -->","yoast_head_json":{"title":"Note du directeur - LFFC","robots":{"index":"index","follow":"follow","max-snippet":"max-snippet:-1","max-image-preview":"max-image-preview:large","max-video-preview":"max-video-preview:-1"},"canonical":"https:\/\/lffcanada.com\/fr\/note-from-the-director-2\/","og_locale":"fr_CA","og_type":"article","og_title":"Note from the Director - LFFC","og_url":"https:\/\/lffcanada.com\/fr\/note-from-the-director-2\/","og_site_name":"LFFC","article_modified_time":"2026-04-09T22:58:11+00:00","twitter_card":"summary_large_image","twitter_misc":{"Est. reading time":"2 minutes"},"schema":{"@context":"https:\/\/schema.org","@graph":[{"@type":"WebPage","@id":"https:\/\/lffcanada.com\/note-from-the-director-2\/","url":"https:\/\/lffcanada.com\/note-from-the-director-2\/","name":"Note du directeur - LFFC","isPartOf":{"@id":"https:\/\/lffcanada.com\/#website"},"datePublished":"2025-05-04T13:20:01+00:00","dateModified":"2026-04-09T22:58:11+00:00","breadcrumb":{"@id":"https:\/\/lffcanada.com\/note-from-the-director-2\/#breadcrumb"},"inLanguage":"fr-CA","potentialAction":[{"@type":"ReadAction","target":["https:\/\/lffcanada.com\/note-from-the-director-2\/"]}]},{"@type":"BreadcrumbList","@id":"https:\/\/lffcanada.com\/note-from-the-director-2\/#breadcrumb","itemListElement":[{"@type":"ListItem","position":1,"name":"Home","item":"https:\/\/lffcanada.com\/welcome\/"},{"@type":"ListItem","position":2,"name":"Note from the Director"}]},{"@type":"WebSite","@id":"https:\/\/lffcanada.com\/#website","url":"https:\/\/lffcanada.com\/","name":"LFFC","description":"Festival du film libanais du Canada","publisher":{"@id":"https:\/\/lffcanada.com\/#organization"},"potentialAction":[{"@type":"SearchAction","target":{"@type":"EntryPoint","urlTemplate":"https:\/\/lffcanada.com\/?s={search_term_string}"},"query-input":{"@type":"PropertyValueSpecification","valueRequired":true,"valueName":"search_term_string"}}],"inLanguage":"fr-CA"},{"@type":"Organization","@id":"https:\/\/lffcanada.com\/#organization","name":"LFFC","url":"https:\/\/lffcanada.com\/","logo":{"@type":"ImageObject","inLanguage":"fr-CA","@id":"https:\/\/lffcanada.com\/#\/schema\/logo\/image\/","url":"https:\/\/lffcanada.com\/wp-content\/uploads\/2025\/04\/LFFC25-WebsiteCover-1024x768_ENG.png","contentUrl":"https:\/\/lffcanada.com\/wp-content\/uploads\/2025\/04\/LFFC25-WebsiteCover-1024x768_ENG.png","width":2134,"height":1600,"caption":"LFFC"},"image":{"@id":"https:\/\/lffcanada.com\/#\/schema\/logo\/image\/"}}]}},"_links":{"self":[{"href":"https:\/\/lffcanada.com\/fr\/wp-json\/wp\/v2\/pages\/849","targetHints":{"allow":["GET"]}}],"collection":[{"href":"https:\/\/lffcanada.com\/fr\/wp-json\/wp\/v2\/pages"}],"about":[{"href":"https:\/\/lffcanada.com\/fr\/wp-json\/wp\/v2\/types\/page"}],"author":[{"embeddable":true,"href":"https:\/\/lffcanada.com\/fr\/wp-json\/wp\/v2\/users\/2"}],"replies":[{"embeddable":true,"href":"https:\/\/lffcanada.com\/fr\/wp-json\/wp\/v2\/comments?post=849"}],"version-history":[{"count":0,"href":"https:\/\/lffcanada.com\/fr\/wp-json\/wp\/v2\/pages\/849\/revisions"}],"wp:attachment":[{"href":"https:\/\/lffcanada.com\/fr\/wp-json\/wp\/v2\/media?parent=849"}],"curies":[{"name":"wp","href":"https:\/\/api.w.org\/{rel}","templated":true}]}}