{"id":694,"date":"2025-02-02T15:41:37","date_gmt":"2025-02-02T15:41:37","guid":{"rendered":"https:\/\/lffcanada.com\/?page_id=694"},"modified":"2025-02-02T15:41:37","modified_gmt":"2025-02-02T15:41:37","slug":"ottawa-featured-film-2023","status":"publish","type":"page","link":"https:\/\/lffcanada.com\/fr\/ottawa-featured-film-2023\/","title":{"rendered":"Film vedette d&#039;Ottawa 2023"},"content":{"rendered":"<style type=\"text\/css\" data-created_by=\"avia_inline_auto\" id=\"style-css-av-av_section-b8252bd17f1bea4d8a59c099f206d7a0\">\n.avia-section.av-av_section-b8252bd17f1bea4d8a59c099f206d7a0{\nbackground-color:#f4f4f4;\nbackground-image:unset;\n}\n<\/style>\n<div id='av_section_1'  class='avia-section av-av_section-b8252bd17f1bea4d8a59c099f206d7a0 main_color avia-section-default avia-no-border-styling  avia-builder-el-0  el_before_av_section  avia-builder-el-first  avia-bg-style-scroll container_wrap fullsize'  ><div class='container av-section-cont-open' ><main  role=\"main\" itemprop=\"mainContentOfPage\"  class='template-page content  av-content-full alpha units'><div class='post-entry post-entry-type-page post-entry-694'><div class='entry-content-wrapper clearfix'>\n\n<style type=\"text\/css\" data-created_by=\"avia_inline_auto\" id=\"style-css-av-m6nsfz71-49a6892992f15798b280edc85cb7a017\">\n#top .av-special-heading.av-m6nsfz71-49a6892992f15798b280edc85cb7a017{\npadding-bottom:10px;\n}\nbody .av-special-heading.av-m6nsfz71-49a6892992f15798b280edc85cb7a017 .av-special-heading-tag .heading-char{\nfont-size:25px;\n}\n.av-special-heading.av-m6nsfz71-49a6892992f15798b280edc85cb7a017 .av-subheading{\nfont-size:15px;\n}\n<\/style>\n<div  class='av-special-heading av-m6nsfz71-49a6892992f15798b280edc85cb7a017 av-special-heading-h1  avia-builder-el-1  avia-builder-el-no-sibling'><h1 class='av-special-heading-tag'  itemprop=\"headline\"  >Film vedette d&#039;Ottawa 2023<\/h1><div class=\"special-heading-border\"><div class=\"special-heading-inner-border\"><\/div><\/div><\/div>\n<\/div><\/div><\/main><!-- close content main element --><\/div><\/div><div id='av_section_2'  class='avia-section av-av_section-f22f0f9dd672aac3df52cf5913f6ac08 main_color avia-section-default avia-no-border-styling  avia-builder-el-2  el_after_av_section  avia-builder-el-last  avia-bg-style-scroll container_wrap fullsize'  ><div class='container av-section-cont-open' ><div class='template-page content  av-content-full alpha units'><div class='post-entry post-entry-type-page post-entry-694'><div class='entry-content-wrapper clearfix'>\n<div  class='flex_column av-av_one_full-2d22dc0500e159f2b39fe7a147caf14c av_one_full  avia-builder-el-3  avia-builder-el-no-sibling  first flex_column_div'     ><style type=\"text\/css\" data-created_by=\"avia_inline_auto\" id=\"style-css-av-m6nshx20-1868de160925b33d2679979d77b60109\">\n.avia-timeline-container.av-m6nshx20-1868de160925b33d2679979d77b60109 .av-milestone-date{\ncolor:#5e5e5e;\n}\n.avia-timeline-container.av-m6nshx20-1868de160925b33d2679979d77b60109 .av-milestone-title{\ncolor:#4f4f4f;\n}\n.avia-timeline-container.av-m6nshx20-1868de160925b33d2679979d77b60109 .av-milestone-content{\ncolor:#3f3f3f;\n}\n.avia-timeline-container.av-m6nshx20-1868de160925b33d2679979d77b60109 .av-milestone-icon-inner{\nbackground-color:#494949;\n}\n.avia-timeline-container.av-m6nshx20-1868de160925b33d2679979d77b60109 .av-milestone-indicator{\nbackground-color:#494949;\n}\n.avia-timeline-container.av-m6nshx20-1868de160925b33d2679979d77b60109 .av-milestone-article-footer{\nbackground-color:#494949;\n}\n<\/style>\n<div  id=\"avia-timeline-1\"  class='avia-timeline-container av-m6nshx20-1868de160925b33d2679979d77b60109 av-slideshow-ui  avia-builder-el-4  avia-builder-el-no-sibling' ><ul class='avia-timeline avia-timeline-vertical av-milestone-placement-alternate avia-timeline- avia_animate_when_almost_visible avia-timeline-animate'>\n<li  class='av-milestone av-m6nshd5v-214802d28e555a80336975bf8bf0f5a9 av-animated-generic fade-in av-milestone-valign-baseline av-milestone-odd'><h2 class='av-milestone-date' id='milestone-day-1-saturday-june-10-2023-600pm' ><strong>Jour 1 | Samedi 10 juin 2023, 18h00 <span class='av-milestone-indicator'><\/span><\/strong><\/h2><div class=\"av-milestone-icon-wrap\"><span class='av-milestone-icon milestone_icon avia-font-entypo-fontello'><span class='av-milestone-icon-inner milestone_inner'><i class='milestone-char' aria-hidden='true' data-av_icon='\ue80e' data-av_iconfont='entypo-fontello'><\/i><\/span><\/span><\/div><article class='av-milestone-content-wrap'><div class='av-milestone-contentbox'><header class=\"entry-content-header\" aria-label=\"Jalon : MORINE\"><h4 class='av-milestone-title'>MORINE<\/h4><\/header><div class='av-milestone-content'><div class=\"elementor-element elementor-element-55759426 elementor-widget elementor-widget-elementskit-heading\" data-id=\"55759426\" data-element_type=\"widget\" data-settings=\"{\" data-widget_type=\"elementskit-heading.default\">\n<div class=\"elementor-widget-container\">\n<div class=\"ekit-wid-con\">\n<div class=\"ekit-heading elementskit-section-title-wraper text_center ekit_heading_tablet- ekit_heading_mobile-\">\n<div class=\"ekit-heading__description\">\n<p>Nous sommes en 620 apr\u00e8s J.-C., au nord du Liban. Vivre avec Dieu est le privil\u00e8ge des hommes et le droit le plus inaccessible des femmes. T\u00eatue comme elle est, cette jeune r\u00e9volutionnaire de 20 ans enfreint les r\u00e8gles et en subit les cons\u00e9quences.<\/p>\n<p>Elle accepterait, se battrait et ferait n\u2019importe quoi pour gagner son droit en tant que femme \u00e0 vivre et \u00e0 servir dans la maison de Dieu.<\/p>\n<\/div>\n<\/div>\n<\/div>\n<\/div>\n<\/div>\n<div class=\"elementor-element elementor-element-397ebe81 elementor-icon-list--layout-traditional elementor-list-item-link-full_width elementor-widget elementor-widget-icon-list\" data-id=\"397ebe81\" data-element_type=\"widget\" data-settings=\"{\" data-widget_type=\"icon-list.default\">\n<div class=\"elementor-widget-container\">\n<ul class=\"elementor-icon-list-items\">\n<li class=\"elementor-icon-list-item\"><span class=\"elementor-icon-list-text\">115 min<\/span><\/li>\n<li class=\"elementor-icon-list-item\"><span class=\"elementor-icon-list-text\">Cin\u00e9ma Guzzo \u2013 3500 Boulevard C\u00f4te Vertu Ouest, Saint-Laurent<\/span><\/li>\n<\/ul>\n<p><img loading=\"lazy\" decoding=\"async\" class=\"alignnone size-full wp-image-640\" src=\"https:\/\/lffcanada.com\/wp-content\/uploads\/2025\/02\/MORINE-1.png\" alt=\"\" width=\"300\" height=\"300\" srcset=\"https:\/\/lffcanada.com\/wp-content\/uploads\/2025\/02\/MORINE-1.png 300w, https:\/\/lffcanada.com\/wp-content\/uploads\/2025\/02\/MORINE-1-80x80.png 80w, https:\/\/lffcanada.com\/wp-content\/uploads\/2025\/02\/MORINE-1-36x36.png 36w, https:\/\/lffcanada.com\/wp-content\/uploads\/2025\/02\/MORINE-1-180x180.png 180w\" sizes=\"auto, (max-width: 300px) 100vw, 300px\" \/><\/p>\n<\/div>\n<\/div>\n<\/div><\/div><footer class='av-milestone-article-footer entry-footer'><\/footer><\/article><\/li>\n<li  class='av-milestone av-m6nsgxom-d4ad47483def0a255a7287cb09c0df9d av-animated-generic fade-in av-milestone-valign-baseline av-milestone-even'><h2 class='av-milestone-date' id='milestone-day-2-sunday-june-11-2023-800pm' ><strong>Jour 2 | Dimanche 11 juin 2023 - 20h00<span class='av-milestone-indicator'><\/span><\/strong><\/h2><article class='av-milestone-content-wrap'><div class='av-milestone-contentbox'><header class=\"entry-content-header\" aria-label=\"Jalon : LES CEDRES DU LIBAN\"><h4 class='av-milestone-title'>LES C\u00c8DRES DU LIBAN<\/h4><\/header><div class='av-milestone-content'><div class=\"elementor-element elementor-element-42b51e76 elementor-widget elementor-widget-heading\" data-id=\"42b51e76\" data-element_type=\"widget\" data-settings=\"{\" data-widget_type=\"heading.default\">\n<div class=\"elementor-widget-container\"><\/div>\n<\/div>\n<div class=\"elementor-element elementor-element-d6b4bef elementor-widget elementor-widget-elementskit-heading\" data-id=\"d6b4bef\" data-element_type=\"widget\" data-settings=\"{\" data-widget_type=\"elementskit-heading.default\">\n<div class=\"elementor-widget-container\">\n<div class=\"ekit-wid-con\">\n<div class=\"ekit-heading elementskit-section-title-wraper text_center ekit_heading_tablet- ekit_heading_mobile-\">\n<h3 class=\"elementskit-section-subtitle elementskit-style-border\"><span style=\"font-size: 28px;\">LES C\u00c8DRES DU LIBAN<\/span><\/h3>\n<div class=\"ekit-heading__description\">\n<ul>\n<li>\n<p class=\"elementor-heading-title elementor-size-default\">D\u00e9fiant les id\u00e9es re\u00e7ues sur l&#039;int\u00e9gration des immigrants au Qu\u00e9bec, LES C\u0152URS DU LIBAN raconte une histoire d&#039;espoir, d&#039;ouverture au monde et d&#039;acceptation de l&#039;autre, du Qu\u00e9bec glacial au Liban chaleureux. On y d\u00e9couvre une double qu\u00eate\u00a0: att\u00e9nuer les pr\u00e9jug\u00e9s qu\u00e9b\u00e9cois et introduire le hockey au Liban, o\u00f9 nos personnages sont accueillis comme des \u00eatres \u00e9tranges.<\/p>\n<\/li>\n<\/ul>\n<\/div>\n<\/div>\n<\/div>\n<\/div>\n<\/div>\n<div class=\"elementor-element elementor-element-5f4ea2d6 elementor-icon-list--layout-traditional elementor-list-item-link-full_width elementor-widget elementor-widget-icon-list\" data-id=\"5f4ea2d6\" data-element_type=\"widget\" data-settings=\"{\" data-widget_type=\"icon-list.default\">\n<div class=\"elementor-widget-container\">\n<ul class=\"elementor-icon-list-items\">\n<li class=\"elementor-icon-list-item\"><span class=\"elementor-icon-list-text\">52 min<\/span><\/li>\n<li class=\"elementor-icon-list-item\"><span class=\"elementor-icon-list-text\">Cin\u00e9ma Guzzo \u2013 1055 des Laurentides. Laval<\/span><\/li>\n<\/ul>\n<p><img loading=\"lazy\" decoding=\"async\" class=\"alignnone size-full wp-image-637\" src=\"https:\/\/lffcanada.com\/wp-content\/uploads\/2025\/02\/CEDRES-DU-LIBAN.png\" alt=\"\" width=\"300\" height=\"300\" srcset=\"https:\/\/lffcanada.com\/wp-content\/uploads\/2025\/02\/CEDRES-DU-LIBAN.png 300w, https:\/\/lffcanada.com\/wp-content\/uploads\/2025\/02\/CEDRES-DU-LIBAN-80x80.png 80w, https:\/\/lffcanada.com\/wp-content\/uploads\/2025\/02\/CEDRES-DU-LIBAN-36x36.png 36w, https:\/\/lffcanada.com\/wp-content\/uploads\/2025\/02\/CEDRES-DU-LIBAN-180x180.png 180w\" sizes=\"auto, (max-width: 300px) 100vw, 300px\" \/><\/p>\n<\/div>\n<\/div>\n<\/div><\/div><footer class='av-milestone-article-footer entry-footer'><\/footer><\/article><div class=\"av-milestone-icon-wrap\"><span class='av-milestone-icon milestone_icon avia-font-entypo-fontello'><span class='av-milestone-icon-inner milestone_inner'><i class='milestone-char' aria-hidden='true' data-av_icon='\ue856' data-av_iconfont='entypo-fontello'><\/i><\/span><\/span><\/div><h2 class='av-milestone-date' id='milestone-day-2-sunday-june-11-2023-800pm' ><strong>Jour 2 | Dimanche 11 juin 2023 - 20h00<span class='av-milestone-indicator'><\/span><\/strong><\/h2><\/li>\n<\/ul><\/div><\/div><\/p>","protected":false},"excerpt":{"rendered":"","protected":false},"author":2,"featured_media":0,"parent":0,"menu_order":0,"comment_status":"closed","ping_status":"closed","template":"","meta":{"footnotes":""},"class_list":["post-694","page","type-page","status-publish","hentry"],"yoast_head":"<!-- This site is optimized with the Yoast SEO plugin v27.3 - https:\/\/yoast.com\/product\/yoast-seo-wordpress\/ -->\n<title>Ottawa Featured Film 2023 - LFFC<\/title>\n<meta name=\"robots\" content=\"index, follow, max-snippet:-1, max-image-preview:large, max-video-preview:-1\" \/>\n<link rel=\"canonical\" href=\"https:\/\/lffcanada.com\/fr\/ottawa-featured-film-2023\/\" \/>\n<meta property=\"og:locale\" content=\"fr_CA\" \/>\n<meta property=\"og:type\" content=\"article\" \/>\n<meta property=\"og:title\" content=\"Ottawa Featured Film 2023 - LFFC\" \/>\n<meta property=\"og:url\" content=\"https:\/\/lffcanada.com\/fr\/ottawa-featured-film-2023\/\" \/>\n<meta property=\"og:site_name\" content=\"LFFC\" \/>\n<meta property=\"og:image\" content=\"https:\/\/lffcanada.com\/wp-content\/uploads\/2025\/02\/MORINE-1.png\" \/>\n<meta name=\"twitter:card\" content=\"summary_large_image\" \/>\n<meta name=\"twitter:label1\" content=\"Est. reading time\" \/>\n\t<meta name=\"twitter:data1\" content=\"9 minutes\" \/>\n<script type=\"application\/ld+json\" class=\"yoast-schema-graph\">{\"@context\":\"https:\\\/\\\/schema.org\",\"@graph\":[{\"@type\":\"WebPage\",\"@id\":\"https:\\\/\\\/lffcanada.com\\\/fr\\\/ottawa-featured-film-2023\\\/\",\"url\":\"https:\\\/\\\/lffcanada.com\\\/fr\\\/ottawa-featured-film-2023\\\/\",\"name\":\"Ottawa Featured Film 2023 - LFFC\",\"isPartOf\":{\"@id\":\"https:\\\/\\\/lffcanada.com\\\/#website\"},\"primaryImageOfPage\":{\"@id\":\"https:\\\/\\\/lffcanada.com\\\/fr\\\/ottawa-featured-film-2023\\\/#primaryimage\"},\"image\":{\"@id\":\"https:\\\/\\\/lffcanada.com\\\/fr\\\/ottawa-featured-film-2023\\\/#primaryimage\"},\"thumbnailUrl\":\"https:\\\/\\\/lffcanada.com\\\/wp-content\\\/uploads\\\/2025\\\/02\\\/MORINE-1.png\",\"datePublished\":\"2025-02-02T15:41:37+00:00\",\"breadcrumb\":{\"@id\":\"https:\\\/\\\/lffcanada.com\\\/fr\\\/ottawa-featured-film-2023\\\/#breadcrumb\"},\"inLanguage\":\"fr-CA\",\"potentialAction\":[{\"@type\":\"ReadAction\",\"target\":[\"https:\\\/\\\/lffcanada.com\\\/fr\\\/ottawa-featured-film-2023\\\/\"]}]},{\"@type\":\"ImageObject\",\"inLanguage\":\"fr-CA\",\"@id\":\"https:\\\/\\\/lffcanada.com\\\/fr\\\/ottawa-featured-film-2023\\\/#primaryimage\",\"url\":\"https:\\\/\\\/lffcanada.com\\\/wp-content\\\/uploads\\\/2025\\\/02\\\/MORINE-1.png\",\"contentUrl\":\"https:\\\/\\\/lffcanada.com\\\/wp-content\\\/uploads\\\/2025\\\/02\\\/MORINE-1.png\"},{\"@type\":\"BreadcrumbList\",\"@id\":\"https:\\\/\\\/lffcanada.com\\\/fr\\\/ottawa-featured-film-2023\\\/#breadcrumb\",\"itemListElement\":[{\"@type\":\"ListItem\",\"position\":1,\"name\":\"Home\",\"item\":\"https:\\\/\\\/lffcanada.com\\\/welcome\\\/\"},{\"@type\":\"ListItem\",\"position\":2,\"name\":\"Ottawa Featured Film 2023\"}]},{\"@type\":\"WebSite\",\"@id\":\"https:\\\/\\\/lffcanada.com\\\/#website\",\"url\":\"https:\\\/\\\/lffcanada.com\\\/\",\"name\":\"LFFC\",\"description\":\"Lebanese Film Festival Canada\",\"publisher\":{\"@id\":\"https:\\\/\\\/lffcanada.com\\\/#organization\"},\"potentialAction\":[{\"@type\":\"SearchAction\",\"target\":{\"@type\":\"EntryPoint\",\"urlTemplate\":\"https:\\\/\\\/lffcanada.com\\\/?s={search_term_string}\"},\"query-input\":{\"@type\":\"PropertyValueSpecification\",\"valueRequired\":true,\"valueName\":\"search_term_string\"}}],\"inLanguage\":\"fr-CA\"},{\"@type\":\"Organization\",\"@id\":\"https:\\\/\\\/lffcanada.com\\\/#organization\",\"name\":\"LFFC\",\"url\":\"https:\\\/\\\/lffcanada.com\\\/\",\"logo\":{\"@type\":\"ImageObject\",\"inLanguage\":\"fr-CA\",\"@id\":\"https:\\\/\\\/lffcanada.com\\\/#\\\/schema\\\/logo\\\/image\\\/\",\"url\":\"https:\\\/\\\/lffcanada.com\\\/wp-content\\\/uploads\\\/2025\\\/04\\\/LFFC25-WebsiteCover-1024x768_ENG.png\",\"contentUrl\":\"https:\\\/\\\/lffcanada.com\\\/wp-content\\\/uploads\\\/2025\\\/04\\\/LFFC25-WebsiteCover-1024x768_ENG.png\",\"width\":2134,\"height\":1600,\"caption\":\"LFFC\"},\"image\":{\"@id\":\"https:\\\/\\\/lffcanada.com\\\/#\\\/schema\\\/logo\\\/image\\\/\"}}]}<\/script>\n<!-- \/ Yoast SEO plugin. -->","yoast_head_json":{"title":"Festival du film d&#039;Ottawa 2023 \u2013 LFFC","robots":{"index":"index","follow":"follow","max-snippet":"max-snippet:-1","max-image-preview":"max-image-preview:large","max-video-preview":"max-video-preview:-1"},"canonical":"https:\/\/lffcanada.com\/fr\/ottawa-featured-film-2023\/","og_locale":"fr_CA","og_type":"article","og_title":"Ottawa Featured Film 2023 - LFFC","og_url":"https:\/\/lffcanada.com\/fr\/ottawa-featured-film-2023\/","og_site_name":"LFFC","og_image":[{"url":"https:\/\/lffcanada.com\/wp-content\/uploads\/2025\/02\/MORINE-1.png","type":"","width":"","height":""}],"twitter_card":"summary_large_image","twitter_misc":{"Est. reading time":"9 minutes"},"schema":{"@context":"https:\/\/schema.org","@graph":[{"@type":"WebPage","@id":"https:\/\/lffcanada.com\/fr\/ottawa-featured-film-2023\/","url":"https:\/\/lffcanada.com\/fr\/ottawa-featured-film-2023\/","name":"Festival du film d&#039;Ottawa 2023 \u2013 LFFC","isPartOf":{"@id":"https:\/\/lffcanada.com\/#website"},"primaryImageOfPage":{"@id":"https:\/\/lffcanada.com\/fr\/ottawa-featured-film-2023\/#primaryimage"},"image":{"@id":"https:\/\/lffcanada.com\/fr\/ottawa-featured-film-2023\/#primaryimage"},"thumbnailUrl":"https:\/\/lffcanada.com\/wp-content\/uploads\/2025\/02\/MORINE-1.png","datePublished":"2025-02-02T15:41:37+00:00","breadcrumb":{"@id":"https:\/\/lffcanada.com\/fr\/ottawa-featured-film-2023\/#breadcrumb"},"inLanguage":"fr-CA","potentialAction":[{"@type":"ReadAction","target":["https:\/\/lffcanada.com\/fr\/ottawa-featured-film-2023\/"]}]},{"@type":"ImageObject","inLanguage":"fr-CA","@id":"https:\/\/lffcanada.com\/fr\/ottawa-featured-film-2023\/#primaryimage","url":"https:\/\/lffcanada.com\/wp-content\/uploads\/2025\/02\/MORINE-1.png","contentUrl":"https:\/\/lffcanada.com\/wp-content\/uploads\/2025\/02\/MORINE-1.png"},{"@type":"BreadcrumbList","@id":"https:\/\/lffcanada.com\/fr\/ottawa-featured-film-2023\/#breadcrumb","itemListElement":[{"@type":"ListItem","position":1,"name":"Home","item":"https:\/\/lffcanada.com\/welcome\/"},{"@type":"ListItem","position":2,"name":"Ottawa Featured Film 2023"}]},{"@type":"WebSite","@id":"https:\/\/lffcanada.com\/#website","url":"https:\/\/lffcanada.com\/","name":"LFFC","description":"Festival du film libanais du Canada","publisher":{"@id":"https:\/\/lffcanada.com\/#organization"},"potentialAction":[{"@type":"SearchAction","target":{"@type":"EntryPoint","urlTemplate":"https:\/\/lffcanada.com\/?s={search_term_string}"},"query-input":{"@type":"PropertyValueSpecification","valueRequired":true,"valueName":"search_term_string"}}],"inLanguage":"fr-CA"},{"@type":"Organization","@id":"https:\/\/lffcanada.com\/#organization","name":"LFFC","url":"https:\/\/lffcanada.com\/","logo":{"@type":"ImageObject","inLanguage":"fr-CA","@id":"https:\/\/lffcanada.com\/#\/schema\/logo\/image\/","url":"https:\/\/lffcanada.com\/wp-content\/uploads\/2025\/04\/LFFC25-WebsiteCover-1024x768_ENG.png","contentUrl":"https:\/\/lffcanada.com\/wp-content\/uploads\/2025\/04\/LFFC25-WebsiteCover-1024x768_ENG.png","width":2134,"height":1600,"caption":"LFFC"},"image":{"@id":"https:\/\/lffcanada.com\/#\/schema\/logo\/image\/"}}]}},"_links":{"self":[{"href":"https:\/\/lffcanada.com\/fr\/wp-json\/wp\/v2\/pages\/694","targetHints":{"allow":["GET"]}}],"collection":[{"href":"https:\/\/lffcanada.com\/fr\/wp-json\/wp\/v2\/pages"}],"about":[{"href":"https:\/\/lffcanada.com\/fr\/wp-json\/wp\/v2\/types\/page"}],"author":[{"embeddable":true,"href":"https:\/\/lffcanada.com\/fr\/wp-json\/wp\/v2\/users\/2"}],"replies":[{"embeddable":true,"href":"https:\/\/lffcanada.com\/fr\/wp-json\/wp\/v2\/comments?post=694"}],"version-history":[{"count":0,"href":"https:\/\/lffcanada.com\/fr\/wp-json\/wp\/v2\/pages\/694\/revisions"}],"wp:attachment":[{"href":"https:\/\/lffcanada.com\/fr\/wp-json\/wp\/v2\/media?parent=694"}],"curies":[{"name":"wp","href":"https:\/\/api.w.org\/{rel}","templated":true}]}}