{"id":604,"date":"2025-01-25T19:32:58","date_gmt":"2025-01-25T19:32:58","guid":{"rendered":"https:\/\/lffcanada.com\/?page_id=604"},"modified":"2025-01-25T19:32:58","modified_gmt":"2025-01-25T19:32:58","slug":"interviews","status":"publish","type":"page","link":"https:\/\/lffcanada.com\/fr\/interviews\/","title":{"rendered":"Entretiens"},"content":{"rendered":"<style type=\"text\/css\" data-created_by=\"avia_inline_auto\" id=\"style-css-av-av_section-b8252bd17f1bea4d8a59c099f206d7a0\">\n.avia-section.av-av_section-b8252bd17f1bea4d8a59c099f206d7a0{\nbackground-color:#f4f4f4;\nbackground-image:unset;\n}\n<\/style>\n<div id='av_section_1'  class='avia-section av-av_section-b8252bd17f1bea4d8a59c099f206d7a0 main_color avia-section-default avia-no-border-styling  avia-builder-el-0  el_before_av_section  avia-builder-el-first  avia-bg-style-scroll container_wrap fullsize'  ><div class='container av-section-cont-open' ><main  role=\"main\" itemprop=\"mainContentOfPage\"  class='template-page content  av-content-full alpha units'><div class='post-entry post-entry-type-page post-entry-604'><div class='entry-content-wrapper clearfix'>\n\n<style type=\"text\/css\" data-created_by=\"avia_inline_auto\" id=\"style-css-av-m6cl8j49-ed976e01c088f16b02e4a5dcef666537\">\n#top .av-special-heading.av-m6cl8j49-ed976e01c088f16b02e4a5dcef666537{\npadding-bottom:10px;\n}\nbody .av-special-heading.av-m6cl8j49-ed976e01c088f16b02e4a5dcef666537 .av-special-heading-tag .heading-char{\nfont-size:25px;\n}\n.av-special-heading.av-m6cl8j49-ed976e01c088f16b02e4a5dcef666537 .av-subheading{\nfont-size:15px;\n}\n<\/style>\n<div  class='av-special-heading av-m6cl8j49-ed976e01c088f16b02e4a5dcef666537 av-special-heading-h1  avia-builder-el-1  avia-builder-el-no-sibling'><h1 class='av-special-heading-tag'  itemprop=\"headline\"  >Entretiens<\/h1><div class=\"special-heading-border\"><div class=\"special-heading-inner-border\"><\/div><\/div><\/div>\n<\/div><\/div><\/main><!-- close content main element --><\/div><\/div><div id='av_section_2'  class='avia-section av-av_section-f22f0f9dd672aac3df52cf5913f6ac08 main_color avia-section-default avia-no-border-styling  avia-builder-el-2  el_after_av_section  avia-builder-el-last  avia-bg-style-scroll container_wrap fullsize'  ><div class='container av-section-cont-open' ><div class='template-page content  av-content-full alpha units'><div class='post-entry post-entry-type-page post-entry-604'><div class='entry-content-wrapper clearfix'>\n<div  class='flex_column av-av_two_third-2d22dc0500e159f2b39fe7a147caf14c av_two_third  avia-builder-el-3  avia-builder-el-no-sibling  first flex_column_div'     ><div  class='av-alb-blogposts template-blog'  itemscope=\"itemscope\" itemtype=\"https:\/\/schema.org\/Blog\" ><article class=\"post-entry post-entry-type-video post-entry-570 post-loop-1 post-parity-odd single-big  post-570 post type-post status-publish format-video hentry category-interviews post_format-post-format-video\"  itemscope=\"itemscope\" itemtype=\"https:\/\/schema.org\/BlogPosting\" ><div class=\"blog-meta\"><\/div><div class='entry-content-wrapper clearfix video-content'><header class=\"entry-content-header\" aria-label=\"Post: LFFC Director Hay-Love Hadchiti Guest at the Morning Show on LBCI\"><h2 class='post-title entry-title'  itemprop=\"headline\" ><a href=\"https:\/\/lffcanada.com\/fr\/lffc-director-hay-love-hadchiti-guest-at-the-morning-show-on-lbci\/\" rel=\"bookmark\" title=\"Permanent Link: LFFC Director Hay-Love Hadchiti Guest at the Morning Show on LBCI\">Hay-Love Hadchiti, directrice du LFFC, invit\u00e9e de l&#039;\u00e9mission matinale sur LBCI<span class=\"post-format-icon minor-meta\"><\/span><\/a><\/h2><span class=\"post-meta-infos\"><time class=\"date-container minor-meta updated\"  itemprop=\"datePublished\" datetime=\"2025-01-25T19:06:08+00:00\" >25 janvier 2025<\/time><span class=\"text-sep\">\/<\/span><span class=\"comment-container minor-meta\"><a href=\"https:\/\/lffcanada.com\/fr\/lffc-director-hay-love-hadchiti-guest-at-the-morning-show-on-lbci\/#respond\" class=\"comments-link\" >0 commentaires<\/a><\/span><span class=\"text-sep\">\/<\/span><span class=\"blog-categories minor-meta\">dans <a href=\"https:\/\/lffcanada.com\/fr\/category\/interviews\/\" rel=\"tag\">Entretiens<\/a><\/span><span class=\"text-sep\">\/<\/span><span class=\"blog-author minor-meta\">par <span class=\"entry-author-link\"  itemprop=\"author\" ><span class=\"author\"><span class=\"fn\"><a href=\"https:\/\/lffcanada.com\/fr\/author\/trimancaptaim-com\/\" title=\"Articles de Tarek Riman\" rel=\"author\">Tarek Riman<\/a><\/span><\/span><\/span><\/span><\/span><\/header><div class=\"entry-content\"  itemprop=\"text\" ><p><iframe loading=\"lazy\" title=\"Lecteur vid\u00e9o YouTube\" src=\"https:\/\/www.youtube.com\/embed\/F7d-8PoOQq4?si=vGkxveeYTAD4Cvb7\" width=\"560\" height=\"315\" frameborder=\"0\" allowfullscreen=\"allowfullscreen\"><span data-mce-type=\"bookmark\" style=\"display: inline-block; width: 0px; overflow: hidden; line-height: 0;\" class=\"mce_SELRES_start\"><\/span><\/iframe><\/p>\n<div id=\"main-content\" class=\"main-container\" role=\"main\">\n<div class=\"container\">\n<div class=\"row\">\n<div class=\"col-md-12\">\n<div class=\"single-content\">\n<div class=\"entry-content\">\n<article id=\"post-5549\" class=\"post-5549 page type-page status-publish hentry\">\n<div class=\"post-body clearfix\">\n<div class=\"entry-content clearfix\">\n<div class=\"elementor elementor-5549\" data-elementor-type=\"wp-page\" data-elementor-id=\"5549\">\n<section class=\"elementor-section elementor-top-section elementor-element elementor-element-cd5d5f9 elementor-section-boxed elementor-section-height-default elementor-section-height-default elementskit-parallax-multi-container\" data-id=\"cd5d5f9\" data-element_type=\"section\">\n<div class=\"elementor-container elementor-column-gap-default\">\n<div class=\"elementor-column elementor-col-100 elementor-top-column elementor-element elementor-element-98552ad\" data-id=\"98552ad\" data-element_type=\"column\">\n<div class=\"elementor-widget-wrap elementor-element-populated\">\n<section class=\"elementor-section elementor-inner-section elementor-element elementor-element-846375a elementor-reverse-tablet elementor-reverse-mobile elementor-section-boxed elementor-section-height-default elementor-section-height-default elementskit-parallax-multi-container\" data-id=\"846375a\" data-element_type=\"section\" data-settings=\"{&quot;background_background&quot;:&quot;classic&quot;}\">\n<div class=\"elementor-container elementor-column-gap-default\">\n<div class=\"elementor-column elementor-col-50 elementor-inner-column elementor-element elementor-element-eabd402\" data-id=\"eabd402\" data-element_type=\"column\">\n<div class=\"elementor-widget-wrap elementor-element-populated\">\n<div class=\"elementor-element elementor-element-00c46f5 elementor-widget elementor-widget-elementskit-heading\" data-id=\"00c46f5\" data-element_type=\"widget\" data-settings=\"{&quot;ekit_we_effect_on&quot;:&quot;none&quot;}\" data-widget_type=\"elementskit-heading.default\">\n<div class=\"elementor-widget-container\">\n<div class=\"ekit-wid-con\">\n<div class=\"ekit-heading elementskit-section-title-wraper text_center   ekit_heading_tablet-   ekit_heading_mobile-\">\n<div class=\"ekit-heading__description\">\n<p>Haylove Hadchiti, directrice du LFFC, \u00e9tait l&#039;invit\u00e9e de l&#039;\u00e9mission matinale de LBCI. Ce fut un plaisir de discuter et de partager cette initiative de plantation de c\u00e8dres offerts par la r\u00e9serve de biosph\u00e8re du Chouf.<\/p>\n<\/div>\n<\/div>\n<\/div>\n<\/div>\n<\/div>\n<\/div>\n<\/div>\n<\/div>\n<\/section>\n<\/div>\n<\/div>\n<\/div>\n<\/section>\n<\/div>\n<\/div>\n<\/div>\n<\/article>\n<\/div>\n<footer class=\"entry-footer\"><\/footer>\n<\/div>\n<\/div>\n<\/div>\n<\/div>\n<\/div>\n<div class=\"ekit-template-content-markup ekit-template-content-footer ekit-template-content-theme-support\">\n<div class=\"elementor elementor-50\" data-elementor-type=\"wp-post\" data-elementor-id=\"50\"><\/div>\n<\/div>\n<\/div><footer class=\"entry-footer\"><\/footer><div class='post_delimiter'><\/div><\/div><div class=\"post_author_timeline\"><\/div><span class='hidden'>\n\t\t\t\t<span class='av-structured-data'  itemprop=\"image\" itemscope=\"itemscope\" itemtype=\"https:\/\/schema.org\/ImageObject\" >\n\t\t\t\t\t\t<span itemprop='url'>https:\/\/lffcanada.com\/wp-content\/uploads\/2025\/01\/halomelo1.png<\/span>\n\t\t\t\t\t\t<span itemprop='height'>0<\/span>\n\t\t\t\t\t\t<span itemprop='width'>0<\/span>\n\t\t\t\t<\/span>\n\t\t\t\t<span class='av-structured-data'  itemprop=\"publisher\" itemtype=\"https:\/\/schema.org\/Organization\" itemscope=\"itemscope\" >\n\t\t\t\t\t\t<span itemprop='name'>Tarek Riman<\/span>\n\t\t\t\t\t\t<span itemprop='logo' itemscope itemtype='https:\/\/schema.org\/ImageObject'>\n\t\t\t\t\t\t\t<span itemprop='url'>https:\/\/lffcanada.com\/wp-content\/uploads\/2025\/01\/halomelo1.png<\/span>\n\t\t\t\t\t\t<\/span>\n\t\t\t\t<\/span><span class='av-structured-data'  itemprop=\"author\" itemscope=\"itemscope\" itemtype=\"https:\/\/schema.org\/Person\" ><span itemprop='name'>Tarek Riman<\/span><\/span><span class='av-structured-data'  itemprop=\"datePublished\" datetime=\"2025-01-25T19:06:08+00:00\" >2025-01-25 19:06:08<\/span><span class='av-structured-data'  itemprop=\"dateModified\" itemtype=\"https:\/\/schema.org\/dateModified\" >2025-03-29 21:00:47<\/span><span class='av-structured-data'  itemprop=\"mainEntityOfPage\" itemtype=\"https:\/\/schema.org\/mainEntityOfPage\" ><span itemprop='name'>Hay-Love Hadchiti, directrice du LFFC, invit\u00e9e de l&#039;\u00e9mission matinale sur LBCI<\/span><\/span><\/span><\/article><article class=\"post-entry post-entry-type-video post-entry-568 post-loop-2 post-parity-even post-entry-last single-big  post-568 post type-post status-publish format-video hentry category-interviews post_format-post-format-video\"  itemscope=\"itemscope\" itemtype=\"https:\/\/schema.org\/BlogPosting\" ><div class=\"blog-meta\"><\/div><div class='entry-content-wrapper clearfix video-content'><header class=\"entry-content-header\" aria-label=\"Post: City News presence on the Red Carpet event of the LFFC &#8211; The Lebanese Film Festival in Canada celebrates culture, shares it with a broader Canadian audience.\"><h2 class='post-title entry-title'  itemprop=\"headline\" ><a href=\"https:\/\/lffcanada.com\/fr\/city-news-presence-on-the-red-carpet-event-of-the-lffc-the-lebanese-film-festival-in-canada-celebrates-culture-shares-it-with-a-broader-canadian-audience\/\" rel=\"bookmark\" title=\"Permanent Link: City News presence on the Red Carpet event of the LFFC &#8211; The Lebanese Film Festival in Canada celebrates culture, shares it with a broader Canadian audience.\">La pr\u00e9sence de City News sur le tapis rouge du LFFC \u2013 Le Festival du film libanais au Canada c\u00e9l\u00e8bre la culture et la partage avec un public canadien plus large.<span class=\"post-format-icon minor-meta\"><\/span><\/a><\/h2><span class=\"post-meta-infos\"><time class=\"date-container minor-meta updated\"  itemprop=\"datePublished\" datetime=\"2025-01-25T19:04:46+00:00\" >25 janvier 2025<\/time><span class=\"text-sep\">\/<\/span><span class=\"comment-container minor-meta\"><a href=\"https:\/\/lffcanada.com\/fr\/city-news-presence-on-the-red-carpet-event-of-the-lffc-the-lebanese-film-festival-in-canada-celebrates-culture-shares-it-with-a-broader-canadian-audience\/#respond\" class=\"comments-link\" >0 commentaires<\/a><\/span><span class=\"text-sep\">\/<\/span><span class=\"blog-categories minor-meta\">dans <a href=\"https:\/\/lffcanada.com\/fr\/category\/interviews\/\" rel=\"tag\">Entretiens<\/a><\/span><span class=\"text-sep\">\/<\/span><span class=\"blog-author minor-meta\">par <span class=\"entry-author-link\"  itemprop=\"author\" ><span class=\"author\"><span class=\"fn\"><a href=\"https:\/\/lffcanada.com\/fr\/author\/trimancaptaim-com\/\" title=\"Articles de Tarek Riman\" rel=\"author\">Tarek Riman<\/a><\/span><\/span><\/span><\/span><\/span><\/header><div class=\"entry-content\"  itemprop=\"text\" ><p><iframe loading=\"lazy\" width=\"560\" height=\"315\" src=\"https:\/\/www.youtube.com\/embed\/NzDukyjoZXY?si=1FpJnRzE57Ur_JTE\" title=\"Lecteur vid\u00e9o YouTube\" frameborder=\"0\" allow=\"accelerometer; autoplay; clipboard-write; encrypted-media; gyroscope; picture-in-picture; web-share\" referrerpolicy=\"strict-origin-when-cross-origin\" allowfullscreen><\/iframe><\/p>\n<\/div><footer class=\"entry-footer\"><\/footer><div class='post_delimiter'><\/div><\/div><div class=\"post_author_timeline\"><\/div><span class='hidden'>\n\t\t\t\t<span class='av-structured-data'  itemprop=\"image\" itemscope=\"itemscope\" itemtype=\"https:\/\/schema.org\/ImageObject\" >\n\t\t\t\t\t\t<span itemprop='url'>https:\/\/lffcanada.com\/wp-content\/uploads\/2025\/01\/halomelo1.png<\/span>\n\t\t\t\t\t\t<span itemprop='height'>0<\/span>\n\t\t\t\t\t\t<span itemprop='width'>0<\/span>\n\t\t\t\t<\/span>\n\t\t\t\t<span class='av-structured-data'  itemprop=\"publisher\" itemtype=\"https:\/\/schema.org\/Organization\" itemscope=\"itemscope\" >\n\t\t\t\t\t\t<span itemprop='name'>Tarek Riman<\/span>\n\t\t\t\t\t\t<span itemprop='logo' itemscope itemtype='https:\/\/schema.org\/ImageObject'>\n\t\t\t\t\t\t\t<span itemprop='url'>https:\/\/lffcanada.com\/wp-content\/uploads\/2025\/01\/halomelo1.png<\/span>\n\t\t\t\t\t\t<\/span>\n\t\t\t\t<\/span><span class='av-structured-data'  itemprop=\"author\" itemscope=\"itemscope\" itemtype=\"https:\/\/schema.org\/Person\" ><span itemprop='name'>Tarek Riman<\/span><\/span><span class='av-structured-data'  itemprop=\"datePublished\" datetime=\"2025-01-25T19:04:46+00:00\" >2025-01-25 19:04:46<\/span><span class='av-structured-data'  itemprop=\"dateModified\" itemtype=\"https:\/\/schema.org\/dateModified\" >2025-01-25 19:04:46<\/span><span class='av-structured-data'  itemprop=\"mainEntityOfPage\" itemtype=\"https:\/\/schema.org\/mainEntityOfPage\" ><span itemprop='name'>La pr\u00e9sence de City News sur le tapis rouge du LFFC \u2013 Le Festival du film libanais au Canada c\u00e9l\u00e8bre la culture et la partage avec un public canadien plus large.<\/span><\/span><\/span><\/article><div class='single-big'><\/div><\/div><\/div><\/p>","protected":false},"excerpt":{"rendered":"","protected":false},"author":2,"featured_media":0,"parent":0,"menu_order":0,"comment_status":"closed","ping_status":"closed","template":"","meta":{"footnotes":""},"class_list":["post-604","page","type-page","status-publish","hentry"],"yoast_head":"<!-- This site is optimized with the Yoast SEO plugin v27.3 - https:\/\/yoast.com\/product\/yoast-seo-wordpress\/ -->\n<title>Interviews - LFFC<\/title>\n<meta name=\"robots\" content=\"index, follow, max-snippet:-1, max-image-preview:large, max-video-preview:-1\" \/>\n<link rel=\"canonical\" href=\"https:\/\/lffcanada.com\/fr\/interviews\/\" \/>\n<meta property=\"og:locale\" content=\"fr_CA\" \/>\n<meta property=\"og:type\" content=\"article\" \/>\n<meta property=\"og:title\" content=\"Interviews - LFFC\" \/>\n<meta property=\"og:url\" content=\"https:\/\/lffcanada.com\/fr\/interviews\/\" \/>\n<meta property=\"og:site_name\" content=\"LFFC\" \/>\n<meta name=\"twitter:card\" content=\"summary_large_image\" \/>\n<meta name=\"twitter:label1\" content=\"Est. reading time\" \/>\n\t<meta name=\"twitter:data1\" content=\"7 minutes\" \/>\n<script type=\"application\/ld+json\" class=\"yoast-schema-graph\">{\"@context\":\"https:\\\/\\\/schema.org\",\"@graph\":[{\"@type\":\"WebPage\",\"@id\":\"https:\\\/\\\/lffcanada.com\\\/interviews\\\/\",\"url\":\"https:\\\/\\\/lffcanada.com\\\/interviews\\\/\",\"name\":\"Interviews - LFFC\",\"isPartOf\":{\"@id\":\"https:\\\/\\\/lffcanada.com\\\/#website\"},\"datePublished\":\"2025-01-25T19:32:58+00:00\",\"breadcrumb\":{\"@id\":\"https:\\\/\\\/lffcanada.com\\\/interviews\\\/#breadcrumb\"},\"inLanguage\":\"fr-CA\",\"potentialAction\":[{\"@type\":\"ReadAction\",\"target\":[\"https:\\\/\\\/lffcanada.com\\\/interviews\\\/\"]}]},{\"@type\":\"BreadcrumbList\",\"@id\":\"https:\\\/\\\/lffcanada.com\\\/interviews\\\/#breadcrumb\",\"itemListElement\":[{\"@type\":\"ListItem\",\"position\":1,\"name\":\"Home\",\"item\":\"https:\\\/\\\/lffcanada.com\\\/welcome\\\/\"},{\"@type\":\"ListItem\",\"position\":2,\"name\":\"Interviews\"}]},{\"@type\":\"WebSite\",\"@id\":\"https:\\\/\\\/lffcanada.com\\\/#website\",\"url\":\"https:\\\/\\\/lffcanada.com\\\/\",\"name\":\"LFFC\",\"description\":\"Lebanese Film Festival Canada\",\"publisher\":{\"@id\":\"https:\\\/\\\/lffcanada.com\\\/#organization\"},\"potentialAction\":[{\"@type\":\"SearchAction\",\"target\":{\"@type\":\"EntryPoint\",\"urlTemplate\":\"https:\\\/\\\/lffcanada.com\\\/?s={search_term_string}\"},\"query-input\":{\"@type\":\"PropertyValueSpecification\",\"valueRequired\":true,\"valueName\":\"search_term_string\"}}],\"inLanguage\":\"fr-CA\"},{\"@type\":\"Organization\",\"@id\":\"https:\\\/\\\/lffcanada.com\\\/#organization\",\"name\":\"LFFC\",\"url\":\"https:\\\/\\\/lffcanada.com\\\/\",\"logo\":{\"@type\":\"ImageObject\",\"inLanguage\":\"fr-CA\",\"@id\":\"https:\\\/\\\/lffcanada.com\\\/#\\\/schema\\\/logo\\\/image\\\/\",\"url\":\"https:\\\/\\\/lffcanada.com\\\/wp-content\\\/uploads\\\/2025\\\/04\\\/LFFC25-WebsiteCover-1024x768_ENG.png\",\"contentUrl\":\"https:\\\/\\\/lffcanada.com\\\/wp-content\\\/uploads\\\/2025\\\/04\\\/LFFC25-WebsiteCover-1024x768_ENG.png\",\"width\":2134,\"height\":1600,\"caption\":\"LFFC\"},\"image\":{\"@id\":\"https:\\\/\\\/lffcanada.com\\\/#\\\/schema\\\/logo\\\/image\\\/\"}}]}<\/script>\n<!-- \/ Yoast SEO plugin. -->","yoast_head_json":{"title":"Interviews - LFFC","robots":{"index":"index","follow":"follow","max-snippet":"max-snippet:-1","max-image-preview":"max-image-preview:large","max-video-preview":"max-video-preview:-1"},"canonical":"https:\/\/lffcanada.com\/fr\/interviews\/","og_locale":"fr_CA","og_type":"article","og_title":"Interviews - LFFC","og_url":"https:\/\/lffcanada.com\/fr\/interviews\/","og_site_name":"LFFC","twitter_card":"summary_large_image","twitter_misc":{"Est. reading time":"7 minutes"},"schema":{"@context":"https:\/\/schema.org","@graph":[{"@type":"WebPage","@id":"https:\/\/lffcanada.com\/interviews\/","url":"https:\/\/lffcanada.com\/interviews\/","name":"Interviews - LFFC","isPartOf":{"@id":"https:\/\/lffcanada.com\/#website"},"datePublished":"2025-01-25T19:32:58+00:00","breadcrumb":{"@id":"https:\/\/lffcanada.com\/interviews\/#breadcrumb"},"inLanguage":"fr-CA","potentialAction":[{"@type":"ReadAction","target":["https:\/\/lffcanada.com\/interviews\/"]}]},{"@type":"BreadcrumbList","@id":"https:\/\/lffcanada.com\/interviews\/#breadcrumb","itemListElement":[{"@type":"ListItem","position":1,"name":"Home","item":"https:\/\/lffcanada.com\/welcome\/"},{"@type":"ListItem","position":2,"name":"Interviews"}]},{"@type":"WebSite","@id":"https:\/\/lffcanada.com\/#website","url":"https:\/\/lffcanada.com\/","name":"LFFC","description":"Festival du film libanais du Canada","publisher":{"@id":"https:\/\/lffcanada.com\/#organization"},"potentialAction":[{"@type":"SearchAction","target":{"@type":"EntryPoint","urlTemplate":"https:\/\/lffcanada.com\/?s={search_term_string}"},"query-input":{"@type":"PropertyValueSpecification","valueRequired":true,"valueName":"search_term_string"}}],"inLanguage":"fr-CA"},{"@type":"Organization","@id":"https:\/\/lffcanada.com\/#organization","name":"LFFC","url":"https:\/\/lffcanada.com\/","logo":{"@type":"ImageObject","inLanguage":"fr-CA","@id":"https:\/\/lffcanada.com\/#\/schema\/logo\/image\/","url":"https:\/\/lffcanada.com\/wp-content\/uploads\/2025\/04\/LFFC25-WebsiteCover-1024x768_ENG.png","contentUrl":"https:\/\/lffcanada.com\/wp-content\/uploads\/2025\/04\/LFFC25-WebsiteCover-1024x768_ENG.png","width":2134,"height":1600,"caption":"LFFC"},"image":{"@id":"https:\/\/lffcanada.com\/#\/schema\/logo\/image\/"}}]}},"_links":{"self":[{"href":"https:\/\/lffcanada.com\/fr\/wp-json\/wp\/v2\/pages\/604","targetHints":{"allow":["GET"]}}],"collection":[{"href":"https:\/\/lffcanada.com\/fr\/wp-json\/wp\/v2\/pages"}],"about":[{"href":"https:\/\/lffcanada.com\/fr\/wp-json\/wp\/v2\/types\/page"}],"author":[{"embeddable":true,"href":"https:\/\/lffcanada.com\/fr\/wp-json\/wp\/v2\/users\/2"}],"replies":[{"embeddable":true,"href":"https:\/\/lffcanada.com\/fr\/wp-json\/wp\/v2\/comments?post=604"}],"version-history":[{"count":0,"href":"https:\/\/lffcanada.com\/fr\/wp-json\/wp\/v2\/pages\/604\/revisions"}],"wp:attachment":[{"href":"https:\/\/lffcanada.com\/fr\/wp-json\/wp\/v2\/media?parent=604"}],"curies":[{"name":"wp","href":"https:\/\/api.w.org\/{rel}","templated":true}]}}