{"id":545,"date":"2025-01-25T18:36:48","date_gmt":"2025-01-25T18:36:48","guid":{"rendered":"https:\/\/lffcanada.com\/?page_id=545"},"modified":"2026-04-19T00:20:03","modified_gmt":"2026-04-19T00:20:03","slug":"partner","status":"publish","type":"page","link":"https:\/\/lffcanada.com\/fr\/partner\/","title":{"rendered":"Partner With Us"},"content":{"rendered":"<div  class='flex_column av-7lmq9-d16442011b2856f2663067afdd54afe5 av_one_full  avia-builder-el-0  el_before_av_layout_row  avia-builder-el-no-sibling  first flex_column_div'     ><section  class='av_textblock_section av-mjz2ua5o-34c263ddd4e88d2f7cad10a580b3c584'   itemscope=\"itemscope\" itemtype=\"https:\/\/schema.org\/CreativeWork\" ><div class='avia_textblock'  itemprop=\"text\" ><p style=\"text-align: center;\" data-start=\"37\" data-end=\"245\"><strong data-start=\"37\" data-end=\"141\">Int\u00e9ress\u00e9(e) par le b\u00e9n\u00e9volat, un partenariat ou la contribution d&#039;id\u00e9es pour la 10e \u00e9dition anniversaire de LFFC en 2026 ?<\/strong><br data-start=\"141\" data-end=\"144\" \/>Veuillez soumettre un formulaire de manifestation d&#039;int\u00e9r\u00eat. Nous serions ravis d&#039;explorer les possibilit\u00e9s de collaboration.<\/p>\n<p data-start=\"247\" data-end=\"284\">\n<\/div><\/section><br \/>\n<div  class='avia-button-wrap avia-button-center  avia-builder-el-2  el_after_av_textblock  avia-builder-el-last'>\n<style type=\"text\/css\" data-created_by=\"avia_inline_auto\" id=\"style-css-av-mjz2uxg7-304ccfdf41c097b83f82baf977dc0c1a\">\n#top #wrap_all .avia-button.av-mjz2uxg7-304ccfdf41c097b83f82baf977dc0c1a:hover{\ncolor:white;\ntransition:all 0.4s ease-in-out;\n}\n<\/style>\n<a href='https:\/\/docs.google.com\/forms\/d\/e\/1FAIpQLSdNv0ZFHhnB_Hx8AiV0rfIlsSL3bkB5KXxjoTJleETBL7de9A\/viewform?usp=dialog' class='avia-color-theme-color avia-font-color-theme-color avia-button avia-button-fullwidth av-mjz2uxg7-304ccfdf41c097b83f82baf977dc0c1a avia-icon_select-yes-left-icon avia-color-theme-color'  target=\"_blank\"  rel=\"noopener noreferrer\"  aria-label=\"Soumettez votre formulaire\"><span class='avia_button_icon avia_button_icon_left' aria-hidden='true' data-av_icon='\ue822' data-av_iconfont='entypo-fontello'><\/span><span class='avia_iconbox_title' >Soumettez votre formulaire<\/span><span class='avia_button_background avia-button avia-button-fullwidth avia-color-theme-color-highlight'><\/span><\/a><\/div><\/p><\/div>\n<\/div><\/div><\/div><!-- close content main div --><\/div><\/div><div id='features'  class='av-layout-grid-container av-9c09p5-0527fbde9e333bced4565448f18c06ec entry-content-wrapper main_color av-fixed-cells  avia-builder-el-3  el_after_av_one_full  el_before_av_section  grid-row-not-first  container_wrap fullsize'  >\n\n<style type=\"text\/css\" data-created_by=\"avia_inline_auto\" id=\"style-css-av-m6cj8fif-1f0c64ccc2f7674207c9e094c3f2d2f0\">\n.flex_cell.av-m6cj8fif-1f0c64ccc2f7674207c9e094c3f2d2f0{\nvertical-align:top;\nbackground:url(https:\/\/lffcanada.com\/wp-content\/uploads\/2026\/03\/PS2R5815-1030x686.jpg) 50% 50% no-repeat local #f4f4f4;\n}\n.responsive #top #wrap_all .flex_cell.av-m6cj8fif-1f0c64ccc2f7674207c9e094c3f2d2f0{\npadding:800px 30px 30px 30px !important;\n}\n<\/style>\n<div class='flex_cell av-m6cj8fif-1f0c64ccc2f7674207c9e094c3f2d2f0 av-gridrow-cell av_two_fifth no_margin av-hide-on-mobile  avia-builder-el-4  el_before_av_cell_three_fifth  avia-builder-el-first  avia-full-stretch'  ><div class='flex_cell_inner'><\/div><\/div>\n<style type=\"text\/css\" data-created_by=\"avia_inline_auto\" id=\"style-css-av-988g1d-b2381a7b040df0c260d1f50dcc8454b1\">\n.flex_cell.av-988g1d-b2381a7b040df0c260d1f50dcc8454b1{\nvertical-align:middle;\nbackground-color:#f4f4f4;\n}\n.responsive #top #wrap_all .flex_cell.av-988g1d-b2381a7b040df0c260d1f50dcc8454b1{\npadding:130px 130px 130px 30px !important;\n}\n<\/style>\n<div class='flex_cell av-988g1d-b2381a7b040df0c260d1f50dcc8454b1 av-gridrow-cell av_three_fifth no_margin  avia-builder-el-5  el_after_av_cell_two_fifth  avia-builder-el-last'  ><div class='flex_cell_inner'>\n<style type=\"text\/css\" data-created_by=\"avia_inline_auto\" id=\"style-css-av-38pt5-a2251180d4ea2f0572d3e3c29e1775cf\">\n.flex_column.av-38pt5-a2251180d4ea2f0572d3e3c29e1775cf{\nborder-radius:0px 0px 0px 0px;\npadding:0px 0px 0px 0px;\n}\n<\/style>\n<div  class='flex_column av-38pt5-a2251180d4ea2f0572d3e3c29e1775cf av_one_full  avia-builder-el-6  avia-builder-el-no-sibling  first flex_column_div av-animated-generic right-to-left av-zero-column-padding'     ><p>\n<style type=\"text\/css\" data-created_by=\"avia_inline_auto\" id=\"style-css-av-m6cj6ikk-3e39e5e4c5047497487085bebadf6d23\">\n#top .av-special-heading.av-m6cj6ikk-3e39e5e4c5047497487085bebadf6d23{\npadding-bottom:0;\nfont-size:40px;\n}\nbody .av-special-heading.av-m6cj6ikk-3e39e5e4c5047497487085bebadf6d23 .av-special-heading-tag .heading-char{\nfont-size:25px;\n}\n#top #wrap_all .av-special-heading.av-m6cj6ikk-3e39e5e4c5047497487085bebadf6d23 .av-special-heading-tag{\nfont-size:40px;\n}\n.av-special-heading.av-m6cj6ikk-3e39e5e4c5047497487085bebadf6d23 .av-subheading{\nfont-size:15px;\n}\n\n@media only screen and (min-width: 480px) and (max-width: 767px){ \n#top #wrap_all .av-special-heading.av-m6cj6ikk-3e39e5e4c5047497487085bebadf6d23 .av-special-heading-tag{\nfont-size:0.8em;\n}\n}\n\n@media only screen and (max-width: 479px){ \n#top #wrap_all .av-special-heading.av-m6cj6ikk-3e39e5e4c5047497487085bebadf6d23 .av-special-heading-tag{\nfont-size:0.8em;\n}\n}\n<\/style>\n<div  class='av-special-heading av-m6cj6ikk-3e39e5e4c5047497487085bebadf6d23 av-special-heading-h3 blockquote modern-quote  avia-builder-el-7  el_before_av_textblock  avia-builder-el-first  av-inherit-size'><h3 class='av-special-heading-tag'  itemprop=\"headline\"  >Partner With Us<\/h3><div class=\"special-heading-border\"><div class=\"special-heading-inner-border\"><\/div><\/div><\/div><br \/>\n<section  class='av_textblock_section av-m6cj6dp5-2d1d46c7119b517d2b3dd8ca627cdbd4'   itemscope=\"itemscope\" itemtype=\"https:\/\/schema.org\/CreativeWork\" ><div class='avia_textblock'  itemprop=\"text\" ><div class=\"elementor-element elementor-element-6d1d118 elementor-widget elementor-widget-heading\" data-id=\"6d1d118\" data-element_type=\"widget\" data-settings=\"{\" data-widget_type=\"heading.default\">\n<div class=\"elementor-widget-container\">\n<div class=\"elementor-element elementor-element-34cfac6 elementor-widget elementor-widget-text-editor\" data-id=\"34cfac6\" data-element_type=\"widget\" data-settings=\"{\" data-widget_type=\"text-editor.default\">\n<div class=\"elementor-widget-container\">\n<div class=\"elementor-element elementor-element-1039805 elementor-widget elementor-widget-heading\" data-id=\"1039805\" data-element_type=\"widget\" data-widget_type=\"heading.default\">\n<div class=\"elementor-widget-container\">\n<p><b>We invite you to be part of something meaningful.\u00a0<\/b><\/p>\n<p><span style=\"font-weight: 400;\">When you partner with the LFFC, you join an organization committed to bridging cultures, honoring heritage, and building spaces where authentic stories spark dialogue and collaboration. We&#8217;d be grateful to discuss how we could collaborate in a way that aligns with your vision and values.<\/span><\/p>\n<\/div>\n<\/div>\n<\/div>\n<\/div>\n<div class=\"elementor-column elementor-col-50 elementor-inner-column elementor-element elementor-element-265a989\" data-id=\"265a989\" data-element_type=\"column\">\n<div class=\"elementor-widget-wrap elementor-element-populated\">\n<div class=\"elementor-element elementor-element-86ff8b7 elementor-widget elementor-widget-text-editor\" data-id=\"86ff8b7\" data-element_type=\"widget\" data-settings=\"{\" data-widget_type=\"text-editor.default\">\n<p><strong>Interested in partnering with us?<\/strong><\/p>\n<p>For inquiries about partnerships, sponsorships, and collaborations, reach out to us at <a class=\"underline underline underline-offset-2 decoration-1 decoration-current\/40 hover:decoration-current focus:decoration-current\" href=\"mailto:sponsorships@lffcanada.com\">sponsorships@lffcanada.com<\/a><\/p>\n<\/div>\n<\/div>\n<\/div>\n<div class=\"elementor-column elementor-col-50 elementor-inner-column elementor-element elementor-element-380928c\" data-id=\"380928c\" data-element_type=\"column\">\n<div class=\"elementor-widget-wrap elementor-element-populated\">\n<div class=\"elementor-element elementor-element-8a96f45 elementor-widget__width-initial elementor-widget elementor-widget-exhibz-button\" data-id=\"8a96f45\" data-element_type=\"widget\" data-settings=\"{\" data-widget_type=\"exhibz-button.default\">\n<div class=\"elementor-widget-container\">\n<div class=\"ekit-wid-con\">\n<div class=\"ekit-btn-wraper\"><\/div>\n<\/div>\n<\/div>\n<\/div>\n<\/div>\n<\/div>\n<\/div>\n<\/div>\n<div class=\"elementor-element elementor-element-f04f2a5 elementor-widget elementor-widget-elementskit-video\" data-id=\"f04f2a5\" data-element_type=\"widget\" data-settings=\"{\" data-widget_type=\"elementskit-video.default\">\n<div class=\"elementor-widget-container\">\n<div class=\"ekit-wid-con\">\n<div class=\"video-content\" data-video-player=\"&#091;&#093;\" data-video-setting=\"{\"><\/div>\n<\/div>\n<\/div>\n<\/div>\n<\/div><\/section><\/p><\/div>\n<\/div><\/div>\n<\/div>\n\n<style type=\"text\/css\" data-created_by=\"avia_inline_auto\" id=\"style-css-av-3m23z5-5911ae1ea0ead4ba63e65721b4d8a638\">\n.avia-section.av-3m23z5-5911ae1ea0ead4ba63e65721b4d8a638{\nbackground-color:#f4f4f4;\nbackground-image:unset;\n}\n<\/style>\n<div id='av_section_1'  class='avia-section av-3m23z5-5911ae1ea0ead4ba63e65721b4d8a638 main_color avia-section-default avia-no-border-styling  avia-builder-el-9  el_after_av_layout_row  avia-builder-el-last  avia-bg-style-scroll container_wrap fullsize'  ><div class='container av-section-cont-open' ><div class='template-page content  av-content-full alpha units'><div class='post-entry post-entry-type-page post-entry-545'><div class='entry-content-wrapper clearfix'>\n\n<style type=\"text\/css\" data-created_by=\"avia_inline_auto\" id=\"style-css-av-2i46jl-3bca60c507d49499e6c07f29dc02ae55\">\n.flex_column.av-2i46jl-3bca60c507d49499e6c07f29dc02ae55{\nborder-radius:0px 0px 0px 0px;\npadding:0px 0px 0px 0px;\n}\n<\/style>\n<div  class='flex_column av-2i46jl-3bca60c507d49499e6c07f29dc02ae55 av_two_fifth  avia-builder-el-10  el_before_av_two_fifth  avia-builder-el-first  first flex_column_div av-animated-generic right-to-left av-zero-column-padding'     ><form action=\"https:\/\/lffcanada.com\/fr\/partner\/\" method=\"post\" data-fields-with-error=\"Found errors in the following field(s):\" class=\"avia_ajax_form av-form-labels-hidden   avia-builder-el-11  avia-builder-el-no-sibling  av-custom-form-color av-dark-form\" data-avia-form-id=\"1\" data-avia-redirect=''  aria-label='Formulaire de contact' data-trp-original-action=\"https:\/\/lffcanada.com\/fr\/partner\/\" ><h3 class=''>Contactez-nous<\/h3><fieldset><p class='first_form  form_element form_fullwidth' id='element_avia_1_1'><label for=\"avia_1_1\">Nom <abbr class=\"required\" title=\"requis\">*<\/abbr><\/label> <input name=\"avia_1_1\" class=\"text_input is_empty\" type=\"text\" id=\"avia_1_1\" value=\"\"  placeholder='Nom*'\/><\/p><p class='first_form  form_element form_fullwidth' id='element_avia_2_1'><label for=\"avia_2_1\">E-mail <abbr class=\"required\" title=\"requis\">*<\/abbr><\/label> <input name=\"avia_2_1\" class=\"text_input is_email\" type=\"text\" id=\"avia_2_1\" value=\"\"  placeholder='E-mail*'\/><\/p><p class='first_form  form_element form_fullwidth' id='element_avia_3_1'><label for=\"avia_3_1\">Sujet <abbr class=\"required\" title=\"requis\">*<\/abbr><\/label> <input name=\"avia_3_1\" class=\"text_input is_empty\" type=\"text\" id=\"avia_3_1\" value=\"\"  placeholder='Sujet*'\/><\/p><p class='first_form  form_element form_fullwidth av-last-visible-form-element' id='element_avia_4_1'><label for=\"avia_4_1\" class=\"textare_label hidden textare_label_avia_4_1\">Message <abbr class=\"required\" title=\"requis\">*<\/abbr><\/label><textarea  placeholder='Message*' name=\"avia_4_1\" class=\"text_area is_empty\" cols=\"40\" rows=\"7\" id=\"avia_4_1\" ><\/textarea><\/p><p class=\"hidden\"><input type=\"text\" name=\"avia_5_1\" class=\"hidden\" id=\"avia_5_1\" value=\"\" \/><\/p><p class=\"form_element\"><input type=\"hidden\" value=\"1\" name=\"avia_generated_form1\" \/><input type=\"submit\" value=\"Soumettre\" class=\"button\"  data-sending-label=\"Sending\"\/><\/p><\/fieldset><input type=\"hidden\" name=\"trp-form-language\" value=\"fr\"\/><\/form><div id=\"ajaxresponse_1\" class=\"ajaxresponse ajaxresponse_1 hidden\"><\/div><\/div>\n<style type=\"text\/css\" data-created_by=\"avia_inline_auto\" id=\"style-css-av-bcfcp-fae61e27887a0a3f4742e0e8074ff924\">\n.flex_column.av-bcfcp-fae61e27887a0a3f4742e0e8074ff924{\nborder-radius:0px 0px 0px 0px;\npadding:0px 0px 0px 0px;\n}\n<\/style>\n<div  class='flex_column av-bcfcp-fae61e27887a0a3f4742e0e8074ff924 av_two_fifth  avia-builder-el-12  el_after_av_two_fifth  avia-builder-el-last  flex_column_div av-animated-generic right-to-left av-zero-column-padding'     ><section  class='av_textblock_section av-m6cjbbg4-3c7a9bcf7086673bc3db88b9ea548b4c'   itemscope=\"itemscope\" itemtype=\"https:\/\/schema.org\/CreativeWork\" ><div class='avia_textblock'  itemprop=\"text\" ><div class=\"elementor-element elementor-element-6d1d118 elementor-widget elementor-widget-heading\" data-id=\"6d1d118\" data-element_type=\"widget\" data-settings=\"{\" data-widget_type=\"heading.default\">\n<div class=\"elementor-widget-container\">\n<div class=\"elementor-element elementor-element-34cfac6 elementor-widget elementor-widget-text-editor\" data-id=\"34cfac6\" data-element_type=\"widget\" data-settings=\"{\" data-widget_type=\"text-editor.default\">\n<div class=\"elementor-widget-container\">\n<div class=\"elementor-element elementor-element-1039805 elementor-widget elementor-widget-heading\" data-id=\"1039805\" data-element_type=\"widget\" data-widget_type=\"heading.default\">\n<div class=\"elementor-widget-container\">\n<div class=\"av-special-heading av-u278-07a885b0d2a6b8afc6f49bd2839d0684 av-special-heading-h3 blockquote modern-quote avia-builder-el-3 el_before_av_textblock avia-builder-el-first\">\n<h3 class=\"av-special-heading-tag\">Bureau du Canada<\/h3>\n<\/div>\n<section class=\"av_textblock_section av-m6ci3bqo-8d982c6b61aebe5d0db587855c9c419f\">\n<div class=\"avia_textblock\">\n<div class=\"elementor-element elementor-element-4566ff3 elementor-widget elementor-widget-heading\" data-id=\"4566ff3\" data-element_type=\"widget\" data-widget_type=\"heading.default\">\n<div class=\"elementor-widget-container\">\n<h3 class=\"elementor-heading-title elementor-size-default\">1305-2855 AVENUE DU COSMODOME<\/h3>\n<\/div>\n<\/div>\n<div class=\"elementor-element elementor-element-181a7ae elementor-widget elementor-widget-text-editor\" data-id=\"181a7ae\" data-element_type=\"widget\" data-widget_type=\"text-editor.default\">\n<div class=\"elementor-widget-container\">\n<div class=\"er6Kjc\">\n<div class=\"ptNLrf\">\n<div>\n<div data-is-tv=\"false\">LAVAL, QC<\/div>\n<\/div>\n<\/div>\n<\/div>\n<div class=\"er6Kjc\">\n<div class=\"ptNLrf\">\n<div>\n<div data-is-tv=\"false\">H7T 0P1<\/div>\n<div data-is-tv=\"false\"><\/div>\n<\/div>\n<\/div>\n<\/div>\n<p><strong>T:\u00a0<\/strong>+1 514 979 8055<strong><br \/>\nT:<\/strong>\u00a0+1 514 552 5153<br \/>\n<strong>E-mail :<\/strong>\u00a0info@lffcanada.com<\/p>\n<\/div>\n<\/div>\n<\/div>\n<\/section>\n<div class=\"av-special-heading av-m6ci3ev2-7602cbc6037799d65a3185458731548b av-special-heading-h3 blockquote modern-quote avia-builder-el-5 el_after_av_textblock el_before_av_textblock\"><\/div>\n<section class=\"av_textblock_section av-m6ci3qqp-8739934ce866e4c5568a4a177d640a95\">\n<div class=\"avia_textblock\">\n<\/div>\n<\/section>\n<\/div>\n<\/div>\n<\/div>\n<\/div>\n<div class=\"elementor-element elementor-element-b61954c elementor-widget elementor-widget-text-editor\" data-id=\"b61954c\" data-element_type=\"widget\" data-settings=\"{\" data-widget_type=\"text-editor.default\">\n<div class=\"elementor-widget-container\"><\/div>\n<\/div>\n<div class=\"elementor-column elementor-col-50 elementor-inner-column elementor-element elementor-element-265a989\" data-id=\"265a989\" data-element_type=\"column\">\n<div class=\"elementor-widget-wrap elementor-element-populated\">\n<div class=\"elementor-element elementor-element-86ff8b7 elementor-widget elementor-widget-text-editor\" data-id=\"86ff8b7\" data-element_type=\"widget\" data-settings=\"{\" data-widget_type=\"text-editor.default\">\n<div class=\"elementor-widget-container\"><\/div>\n<\/div>\n<\/div>\n<\/div>\n<div class=\"elementor-column elementor-col-50 elementor-inner-column elementor-element elementor-element-380928c\" data-id=\"380928c\" data-element_type=\"column\">\n<div class=\"elementor-widget-wrap elementor-element-populated\">\n<div class=\"elementor-element elementor-element-8a96f45 elementor-widget__width-initial elementor-widget elementor-widget-exhibz-button\" data-id=\"8a96f45\" data-element_type=\"widget\" data-settings=\"{\" data-widget_type=\"exhibz-button.default\">\n<div class=\"elementor-widget-container\">\n<div class=\"ekit-wid-con\">\n<div class=\"ekit-btn-wraper\"><\/div>\n<\/div>\n<\/div>\n<\/div>\n<\/div>\n<\/div>\n<\/div>\n<\/div>\n<div class=\"elementor-element elementor-element-f04f2a5 elementor-widget elementor-widget-elementskit-video\" data-id=\"f04f2a5\" data-element_type=\"widget\" data-settings=\"{\" data-widget_type=\"elementskit-video.default\">\n<div class=\"elementor-widget-container\">\n<div class=\"ekit-wid-con\">\n<div class=\"video-content\" data-video-player=\"&#091;&#093;\" data-video-setting=\"{\"><\/div>\n<\/div>\n<\/div>\n<\/div>\n<\/div><\/section><\/div>","protected":false},"excerpt":{"rendered":"","protected":false},"author":2,"featured_media":0,"parent":0,"menu_order":0,"comment_status":"closed","ping_status":"closed","template":"","meta":{"footnotes":""},"class_list":["post-545","page","type-page","status-publish","hentry"],"yoast_head":"<!-- This site is optimized with the Yoast SEO plugin v27.3 - https:\/\/yoast.com\/product\/yoast-seo-wordpress\/ -->\n<title>Partner With Us - LFFC<\/title>\n<meta name=\"robots\" content=\"index, follow, max-snippet:-1, max-image-preview:large, max-video-preview:-1\" \/>\n<link rel=\"canonical\" href=\"https:\/\/lffcanada.com\/fr\/partner\/\" \/>\n<meta property=\"og:locale\" content=\"fr_CA\" \/>\n<meta property=\"og:type\" content=\"article\" \/>\n<meta property=\"og:title\" content=\"Partner With Us - LFFC\" \/>\n<meta property=\"og:url\" content=\"https:\/\/lffcanada.com\/fr\/partner\/\" \/>\n<meta property=\"og:site_name\" content=\"LFFC\" \/>\n<meta property=\"article:modified_time\" content=\"2026-04-19T00:20:03+00:00\" \/>\n<meta name=\"twitter:card\" content=\"summary_large_image\" \/>\n<meta name=\"twitter:label1\" content=\"Est. reading time\" \/>\n\t<meta name=\"twitter:data1\" content=\"2 minutes\" \/>\n<script type=\"application\/ld+json\" class=\"yoast-schema-graph\">{\"@context\":\"https:\\\/\\\/schema.org\",\"@graph\":[{\"@type\":\"WebPage\",\"@id\":\"https:\\\/\\\/lffcanada.com\\\/partner\\\/\",\"url\":\"https:\\\/\\\/lffcanada.com\\\/partner\\\/\",\"name\":\"Partner With Us - LFFC\",\"isPartOf\":{\"@id\":\"https:\\\/\\\/lffcanada.com\\\/#website\"},\"datePublished\":\"2025-01-25T18:36:48+00:00\",\"dateModified\":\"2026-04-19T00:20:03+00:00\",\"breadcrumb\":{\"@id\":\"https:\\\/\\\/lffcanada.com\\\/partner\\\/#breadcrumb\"},\"inLanguage\":\"fr-CA\",\"potentialAction\":[{\"@type\":\"ReadAction\",\"target\":[\"https:\\\/\\\/lffcanada.com\\\/partner\\\/\"]}]},{\"@type\":\"BreadcrumbList\",\"@id\":\"https:\\\/\\\/lffcanada.com\\\/partner\\\/#breadcrumb\",\"itemListElement\":[{\"@type\":\"ListItem\",\"position\":1,\"name\":\"Home\",\"item\":\"https:\\\/\\\/lffcanada.com\\\/welcome\\\/\"},{\"@type\":\"ListItem\",\"position\":2,\"name\":\"Partner With Us\"}]},{\"@type\":\"WebSite\",\"@id\":\"https:\\\/\\\/lffcanada.com\\\/#website\",\"url\":\"https:\\\/\\\/lffcanada.com\\\/\",\"name\":\"LFFC\",\"description\":\"Lebanese Film Festival Canada\",\"publisher\":{\"@id\":\"https:\\\/\\\/lffcanada.com\\\/#organization\"},\"potentialAction\":[{\"@type\":\"SearchAction\",\"target\":{\"@type\":\"EntryPoint\",\"urlTemplate\":\"https:\\\/\\\/lffcanada.com\\\/?s={search_term_string}\"},\"query-input\":{\"@type\":\"PropertyValueSpecification\",\"valueRequired\":true,\"valueName\":\"search_term_string\"}}],\"inLanguage\":\"fr-CA\"},{\"@type\":\"Organization\",\"@id\":\"https:\\\/\\\/lffcanada.com\\\/#organization\",\"name\":\"LFFC\",\"url\":\"https:\\\/\\\/lffcanada.com\\\/\",\"logo\":{\"@type\":\"ImageObject\",\"inLanguage\":\"fr-CA\",\"@id\":\"https:\\\/\\\/lffcanada.com\\\/#\\\/schema\\\/logo\\\/image\\\/\",\"url\":\"https:\\\/\\\/lffcanada.com\\\/wp-content\\\/uploads\\\/2025\\\/04\\\/LFFC25-WebsiteCover-1024x768_ENG.png\",\"contentUrl\":\"https:\\\/\\\/lffcanada.com\\\/wp-content\\\/uploads\\\/2025\\\/04\\\/LFFC25-WebsiteCover-1024x768_ENG.png\",\"width\":2134,\"height\":1600,\"caption\":\"LFFC\"},\"image\":{\"@id\":\"https:\\\/\\\/lffcanada.com\\\/#\\\/schema\\\/logo\\\/image\\\/\"}}]}<\/script>\n<!-- \/ Yoast SEO plugin. -->","yoast_head_json":{"title":"Partner With Us - LFFC","robots":{"index":"index","follow":"follow","max-snippet":"max-snippet:-1","max-image-preview":"max-image-preview:large","max-video-preview":"max-video-preview:-1"},"canonical":"https:\/\/lffcanada.com\/fr\/partner\/","og_locale":"fr_CA","og_type":"article","og_title":"Partner With Us - LFFC","og_url":"https:\/\/lffcanada.com\/fr\/partner\/","og_site_name":"LFFC","article_modified_time":"2026-04-19T00:20:03+00:00","twitter_card":"summary_large_image","twitter_misc":{"Est. reading time":"2 minutes"},"schema":{"@context":"https:\/\/schema.org","@graph":[{"@type":"WebPage","@id":"https:\/\/lffcanada.com\/partner\/","url":"https:\/\/lffcanada.com\/partner\/","name":"Partner With Us - LFFC","isPartOf":{"@id":"https:\/\/lffcanada.com\/#website"},"datePublished":"2025-01-25T18:36:48+00:00","dateModified":"2026-04-19T00:20:03+00:00","breadcrumb":{"@id":"https:\/\/lffcanada.com\/partner\/#breadcrumb"},"inLanguage":"fr-CA","potentialAction":[{"@type":"ReadAction","target":["https:\/\/lffcanada.com\/partner\/"]}]},{"@type":"BreadcrumbList","@id":"https:\/\/lffcanada.com\/partner\/#breadcrumb","itemListElement":[{"@type":"ListItem","position":1,"name":"Home","item":"https:\/\/lffcanada.com\/welcome\/"},{"@type":"ListItem","position":2,"name":"Partner With Us"}]},{"@type":"WebSite","@id":"https:\/\/lffcanada.com\/#website","url":"https:\/\/lffcanada.com\/","name":"LFFC","description":"Festival du film libanais du Canada","publisher":{"@id":"https:\/\/lffcanada.com\/#organization"},"potentialAction":[{"@type":"SearchAction","target":{"@type":"EntryPoint","urlTemplate":"https:\/\/lffcanada.com\/?s={search_term_string}"},"query-input":{"@type":"PropertyValueSpecification","valueRequired":true,"valueName":"search_term_string"}}],"inLanguage":"fr-CA"},{"@type":"Organization","@id":"https:\/\/lffcanada.com\/#organization","name":"LFFC","url":"https:\/\/lffcanada.com\/","logo":{"@type":"ImageObject","inLanguage":"fr-CA","@id":"https:\/\/lffcanada.com\/#\/schema\/logo\/image\/","url":"https:\/\/lffcanada.com\/wp-content\/uploads\/2025\/04\/LFFC25-WebsiteCover-1024x768_ENG.png","contentUrl":"https:\/\/lffcanada.com\/wp-content\/uploads\/2025\/04\/LFFC25-WebsiteCover-1024x768_ENG.png","width":2134,"height":1600,"caption":"LFFC"},"image":{"@id":"https:\/\/lffcanada.com\/#\/schema\/logo\/image\/"}}]}},"_links":{"self":[{"href":"https:\/\/lffcanada.com\/fr\/wp-json\/wp\/v2\/pages\/545","targetHints":{"allow":["GET"]}}],"collection":[{"href":"https:\/\/lffcanada.com\/fr\/wp-json\/wp\/v2\/pages"}],"about":[{"href":"https:\/\/lffcanada.com\/fr\/wp-json\/wp\/v2\/types\/page"}],"author":[{"embeddable":true,"href":"https:\/\/lffcanada.com\/fr\/wp-json\/wp\/v2\/users\/2"}],"replies":[{"embeddable":true,"href":"https:\/\/lffcanada.com\/fr\/wp-json\/wp\/v2\/comments?post=545"}],"version-history":[{"count":0,"href":"https:\/\/lffcanada.com\/fr\/wp-json\/wp\/v2\/pages\/545\/revisions"}],"wp:attachment":[{"href":"https:\/\/lffcanada.com\/fr\/wp-json\/wp\/v2\/media?parent=545"}],"curies":[{"name":"wp","href":"https:\/\/api.w.org\/{rel}","templated":true}]}}