{"id":539,"date":"2025-01-25T18:23:35","date_gmt":"2025-01-25T18:23:35","guid":{"rendered":"https:\/\/lffcanada.com\/?page_id=539"},"modified":"2026-04-10T17:39:28","modified_gmt":"2026-04-10T17:39:28","slug":"mission","status":"publish","type":"page","link":"https:\/\/lffcanada.com\/fr\/mission\/","title":{"rendered":"Mission"},"content":{"rendered":"<style type=\"text\/css\" data-created_by=\"avia_inline_auto\" id=\"style-css-av-maifh148-e6d5f8175b492e29486a3b3828d6285c\">\n.avia-section.av-maifh148-e6d5f8175b492e29486a3b3828d6285c{\nbackground-color:#f4f4f4;\nbackground-image:unset;\n}\n<\/style>\n<div id='av_section_1'  class='avia-section av-maifh148-e6d5f8175b492e29486a3b3828d6285c main_color avia-section-default avia-no-border-styling  avia-builder-el-0  el_before_av_section  avia-builder-el-first  avia-bg-style-scroll container_wrap fullsize'  ><div class='container av-section-cont-open' ><main  role=\"main\" itemprop=\"mainContentOfPage\"  class='template-page content  av-content-full alpha units'><div class='post-entry post-entry-type-page post-entry-539'><div class='entry-content-wrapper clearfix'>\n\n<style type=\"text\/css\" data-created_by=\"avia_inline_auto\" id=\"style-css-av-m6ciq6z8-a8aed2041b11b625099eee0053d0591b\">\n#top .av-special-heading.av-m6ciq6z8-a8aed2041b11b625099eee0053d0591b{\npadding-bottom:0;\nfont-size:40px;\n}\nbody .av-special-heading.av-m6ciq6z8-a8aed2041b11b625099eee0053d0591b .av-special-heading-tag .heading-char{\nfont-size:25px;\n}\n#top #wrap_all .av-special-heading.av-m6ciq6z8-a8aed2041b11b625099eee0053d0591b .av-special-heading-tag{\nfont-size:40px;\n}\n.av-special-heading.av-m6ciq6z8-a8aed2041b11b625099eee0053d0591b .av-subheading{\nfont-size:15px;\n}\n\n@media only screen and (min-width: 480px) and (max-width: 767px){ \n#top #wrap_all .av-special-heading.av-m6ciq6z8-a8aed2041b11b625099eee0053d0591b .av-special-heading-tag{\nfont-size:0.8em;\n}\n}\n\n@media only screen and (max-width: 479px){ \n#top #wrap_all .av-special-heading.av-m6ciq6z8-a8aed2041b11b625099eee0053d0591b .av-special-heading-tag{\nfont-size:0.8em;\n}\n}\n<\/style>\n<div  class='av-special-heading av-m6ciq6z8-a8aed2041b11b625099eee0053d0591b av-special-heading-h3 blockquote modern-quote  avia-builder-el-1  avia-builder-el-no-sibling  av-inherit-size'><h3 class='av-special-heading-tag'  itemprop=\"headline\"  >Notre mission<\/h3><div class=\"special-heading-border\"><div class=\"special-heading-inner-border\"><\/div><\/div><\/div>\n\n<\/div><\/div><\/main><!-- close content main element --><\/div><\/div><div id='av_section_2'  class='avia-section av-ilwxf-cc7738ada49e181ca0a9f5757a38176f main_color avia-section-default avia-no-border-styling  avia-builder-el-2  el_after_av_section  el_before_av_section  avia-bg-style-scroll container_wrap fullsize'  ><div class='container av-section-cont-open' ><div class='template-page content  av-content-full alpha units'><div class='post-entry post-entry-type-page post-entry-539'><div class='entry-content-wrapper clearfix'>\n\n<style type=\"text\/css\" data-created_by=\"avia_inline_auto\" id=\"style-css-av-5i1peb-15d2cc416b5d146de871ce24d38d4f72\">\n.flex_column.av-5i1peb-15d2cc416b5d146de871ce24d38d4f72{\nborder-radius:0px 0px 0px 0px;\npadding:0px 0px 0px 0px;\n}\n<\/style>\n<div  class='flex_column av-5i1peb-15d2cc416b5d146de871ce24d38d4f72 av_one_half  avia-builder-el-3  el_before_av_one_half  avia-builder-el-first  first flex_column_div av-animated-generic right-to-left av-zero-column-padding'     ><section  class='av_textblock_section av-m6ciqfge-653d7956da2ecaa57899e320810840cb'   itemscope=\"itemscope\" itemtype=\"https:\/\/schema.org\/CreativeWork\" ><div class='avia_textblock'  itemprop=\"text\" ><div class=\"elementor-element elementor-element-6d1d118 elementor-widget elementor-widget-heading\" data-id=\"6d1d118\" data-element_type=\"widget\" data-settings=\"{\" data-widget_type=\"heading.default\">\n<div class=\"elementor-widget-container\">\n<h2 class=\"elementor-heading-title elementor-size-default\"><\/h2>\n<p>L&#039;histoire et l&#039;esprit d&#039;une nation se refl\u00e8tent dans sa culture \u00e0 travers l&#039;art. L&#039;une de ces formes d&#039;art est le r\u00e9cit cin\u00e9matographique, dont l&#039;accessibilit\u00e9 et la polyvalence permettent d&#039;ouvrir la voie aux \u00e9changes artistiques, \u00e0 la coop\u00e9ration mutuelle et \u00e0 la compr\u00e9hension.<\/p>\n<p>Au fil des ann\u00e9es, le Festival est rest\u00e9 fid\u00e8le \u00e0 son objectif fondateur : attirer l\u2019attention et faire conna\u00eetre le cin\u00e9ma et les films libanais, dans le but de le c\u00e9l\u00e9brer et de contribuer \u00e0 son d\u00e9veloppement au Liban et dans le monde.<\/p>\n<p>Nous avons cr\u00e9\u00e9 une plateforme permettant aux professionnels et aux amateurs d&#039;\u00e9changer des id\u00e9es, d&#039;exprimer leurs r\u00e9flexions sur les innovations artistiques, de s&#039;inspirer et de partager leur passion pour le cin\u00e9ma. Le festival accueille des cin\u00e9astes, acteurs, artistes, personnalit\u00e9s des m\u00e9dias, \u00e9tudiants en cin\u00e9ma et m\u00e9dias, enseignants, universitaires, et bien d&#039;autres, locaux et internationaux.<\/p>\n<p>Le LFFC offrira au public le meilleur du cin\u00e9ma sous forme de courts m\u00e9trages, de longs m\u00e9trages, de documentaires et de fictions du Liban, du Canada et du monde entier. Notre \u00e9v\u00e9nement c\u00e9l\u00e9brera le cin\u00e9ma sous toutes ses formes, d&#039;o\u00f9 les nombreuses initiatives prises pour promouvoir les futurs talents.<\/p>\n<div class=\"elementor-column elementor-col-50 elementor-inner-column elementor-element elementor-element-265a989\" data-id=\"265a989\" data-element_type=\"column\">\n<div class=\"elementor-widget-wrap elementor-element-populated\">\n<div class=\"elementor-element elementor-element-86ff8b7 elementor-widget elementor-widget-text-editor\" data-id=\"86ff8b7\" data-element_type=\"widget\" data-settings=\"{\" data-widget_type=\"text-editor.default\">\n<div class=\"elementor-widget-container\"><\/div>\n<\/div>\n<\/div>\n<\/div>\n<div class=\"elementor-column elementor-col-50 elementor-inner-column elementor-element elementor-element-380928c\" data-id=\"380928c\" data-element_type=\"column\">\n<div class=\"elementor-widget-wrap elementor-element-populated\">\n<div class=\"elementor-element elementor-element-8a96f45 elementor-widget__width-initial elementor-widget elementor-widget-exhibz-button\" data-id=\"8a96f45\" data-element_type=\"widget\" data-settings=\"{\" data-widget_type=\"exhibz-button.default\">\n<div class=\"elementor-widget-container\">\n<div class=\"ekit-wid-con\">\n<div class=\"ekit-btn-wraper\"><\/div>\n<\/div>\n<\/div>\n<\/div>\n<\/div>\n<\/div>\n<\/div>\n<\/div>\n<div class=\"elementor-element elementor-element-f04f2a5 elementor-widget elementor-widget-elementskit-video\" data-id=\"f04f2a5\" data-element_type=\"widget\" data-settings=\"{\" data-widget_type=\"elementskit-video.default\">\n<div class=\"elementor-widget-container\">\n<div class=\"ekit-wid-con\">\n<div class=\"video-content\" data-video-player=\"&#091;&#093;\" data-video-setting=\"{\"><\/div>\n<\/div>\n<\/div>\n<\/div>\n<\/div><\/section><\/div>\n<style type=\"text\/css\" data-created_by=\"avia_inline_auto\" id=\"style-css-av-dywkz-b25415abb85d28586e575810fe3ceeaa\">\n.flex_column.av-dywkz-b25415abb85d28586e575810fe3ceeaa{\nborder-radius:0px 0px 0px 0px;\npadding:0px 0px 0px 0px;\n}\n<\/style>\n<div  class='flex_column av-dywkz-b25415abb85d28586e575810fe3ceeaa av_one_half  avia-builder-el-5  el_after_av_one_half  avia-builder-el-last  flex_column_div av-animated-generic right-to-left av-zero-column-padding'     ><style type=\"text\/css\" data-created_by=\"avia_inline_auto\" id=\"style-css-av-maiffhln-d398a6a50482221ece05a048852839df\">\n.avia-image-container.av-maiffhln-d398a6a50482221ece05a048852839df img.avia_image{\nbox-shadow:none;\n}\n.avia-image-container.av-maiffhln-d398a6a50482221ece05a048852839df .av-image-caption-overlay-center{\ncolor:#ffffff;\n}\n<\/style>\n<div  class='avia-image-container av-maiffhln-d398a6a50482221ece05a048852839df av-styling- avia-align-center  avia-builder-el-6  avia-builder-el-no-sibling'   itemprop=\"image\" itemscope=\"itemscope\" itemtype=\"https:\/\/schema.org\/ImageObject\" ><div class=\"avia-image-container-inner\"><div class=\"avia-image-overlay-wrap\"><img decoding=\"async\" fetchpriority=\"high\" class='wp-image-918 avia-img-lazy-loading-not-918 avia_image' src=\"https:\/\/lffcanada.com\/wp-content\/uploads\/2025\/05\/490218383_1211234134342027_5914067750405069885_n.jpg\" alt='' title='490218383_1211234134342027_5914067750405069885_n'  height=\"1366\" width=\"2048\"  itemprop=\"thumbnailUrl\" srcset=\"https:\/\/lffcanada.com\/wp-content\/uploads\/2025\/05\/490218383_1211234134342027_5914067750405069885_n.jpg 2048w, https:\/\/lffcanada.com\/wp-content\/uploads\/2025\/05\/490218383_1211234134342027_5914067750405069885_n-300x200.jpg 300w, https:\/\/lffcanada.com\/wp-content\/uploads\/2025\/05\/490218383_1211234134342027_5914067750405069885_n-1030x687.jpg 1030w, https:\/\/lffcanada.com\/wp-content\/uploads\/2025\/05\/490218383_1211234134342027_5914067750405069885_n-768x512.jpg 768w, https:\/\/lffcanada.com\/wp-content\/uploads\/2025\/05\/490218383_1211234134342027_5914067750405069885_n-1536x1025.jpg 1536w, https:\/\/lffcanada.com\/wp-content\/uploads\/2025\/05\/490218383_1211234134342027_5914067750405069885_n-18x12.jpg 18w, https:\/\/lffcanada.com\/wp-content\/uploads\/2025\/05\/490218383_1211234134342027_5914067750405069885_n-1500x1000.jpg 1500w, https:\/\/lffcanada.com\/wp-content\/uploads\/2025\/05\/490218383_1211234134342027_5914067750405069885_n-705x470.jpg 705w\" sizes=\"(max-width: 2048px) 100vw, 2048px\" \/><\/div><\/div><\/div><\/div>\n\n<\/div><\/div><\/div><!-- close content main div --><\/div><\/div>\n<style type=\"text\/css\" data-created_by=\"avia_inline_auto\" id=\"style-css-av-maifhzy7-83967fecf5729e058bd01aedbde4b69b\">\n.avia-section.av-maifhzy7-83967fecf5729e058bd01aedbde4b69b{\nbackground-color:#f4f4f4;\nbackground-image:unset;\n}\n<\/style>\n<div id='av_section_3'  class='avia-section av-maifhzy7-83967fecf5729e058bd01aedbde4b69b main_color avia-section-default avia-no-border-styling  avia-builder-el-7  el_after_av_section  avia-builder-el-last  avia-bg-style-scroll container_wrap fullsize'  ><div class='container av-section-cont-open' ><div class='template-page content  av-content-full alpha units'><div class='post-entry post-entry-type-page post-entry-539'><div class='entry-content-wrapper clearfix'>\n\n<style type=\"text\/css\" data-created_by=\"avia_inline_auto\" id=\"style-css-av-973eb-88622c832487ebc894d634815ee80c34\">\n.flex_column.av-973eb-88622c832487ebc894d634815ee80c34{\nborder-radius:0px 0px 0px 0px;\npadding:0px 0px 0px 0px;\n}\n<\/style>\n<div  class='flex_column av-973eb-88622c832487ebc894d634815ee80c34 av_one_full  avia-builder-el-8  avia-builder-el-no-sibling  first flex_column_div av-animated-generic right-to-left av-zero-column-padding'     ><section  class='av_textblock_section av-maifgb74-1dbda48713eba87c12c08c926a89b64d'   itemscope=\"itemscope\" itemtype=\"https:\/\/schema.org\/CreativeWork\" ><div class='avia_textblock'  itemprop=\"text\" ><div class=\"elementor-element elementor-element-6d1d118 elementor-widget elementor-widget-heading\" data-id=\"6d1d118\" data-element_type=\"widget\" data-settings=\"{\" data-widget_type=\"heading.default\">\n<div class=\"elementor-widget-container\">\n<p>Notre \u00e9v\u00e9nement \u00ab\u00a0Tapis Rouge\u00a0\u00bb est la partie du festival qui attire le plus l&#039;attention des m\u00e9dias. C&#039;est l&#039;occasion d&#039;accueillir en toute exclusivit\u00e9 certains des plus grands artistes du cin\u00e9ma mondial, ainsi que des talents \u00e9mergents, et de rendre hommage aux artistes dont le Festival d\u00e9pend. Des artistes d&#039;un nombre toujours croissant de pays sont invit\u00e9s \u00e0 pr\u00e9senter la richesse de l&#039;industrie cin\u00e9matographique de leur pays respectif et \u00e0 donner leur propre interpr\u00e9tation du monde. Le festival se veut une voix pour le changement en pr\u00e9sentant des films qui sensibilisent aux enjeux sociaux et mondiaux.<\/p>\n<p>Les films diffus\u00e9s au Canada par l&#039;entremise du LFFC ont permis au public de vivre une exp\u00e9rience unique, riche en s\u00e9ances de questions-r\u00e9ponses, discussions, ateliers, s\u00e9minaires, entrevues, classes de ma\u00eetre et d\u00e9bats. Ces projections illustrent les d\u00e9fis de l&#039;\u00e9ducation cin\u00e9matographique, les r\u00e9alit\u00e9s du cin\u00e9ma \u00e0 l&#039;\u00e8re num\u00e9rique et favorisent l&#039;\u00e9change d&#039;id\u00e9es dans un cadre informel.<\/p>\n<p>While maintaining a solid connection with its past, the Festival is ready to take on new and original concepts. Over the past 10 years, it has evolved all the while seeking to preserve its core values: celebrating film, discovering new talent, and bringing together professionals from around the world.<\/p>\n<p>Le LFFC est un \u00e9v\u00e9nement dynamique, \u00e9voluant et s\u2019adaptant \u00e0 chaque \u00e9dition avec l\u2019espoir d\u2019\u00eatre le reflet de son \u00e9poque.<\/p>\n<div class=\"elementor-column elementor-col-50 elementor-inner-column elementor-element elementor-element-265a989\" data-id=\"265a989\" data-element_type=\"column\">\n<div class=\"elementor-widget-wrap elementor-element-populated\">\n<div class=\"elementor-element elementor-element-86ff8b7 elementor-widget elementor-widget-text-editor\" data-id=\"86ff8b7\" data-element_type=\"widget\" data-settings=\"{\" data-widget_type=\"text-editor.default\">\n<div class=\"elementor-widget-container\"><\/div>\n<\/div>\n<\/div>\n<\/div>\n<div class=\"elementor-column elementor-col-50 elementor-inner-column elementor-element elementor-element-380928c\" data-id=\"380928c\" data-element_type=\"column\">\n<div class=\"elementor-widget-wrap elementor-element-populated\">\n<div class=\"elementor-element elementor-element-8a96f45 elementor-widget__width-initial elementor-widget elementor-widget-exhibz-button\" data-id=\"8a96f45\" data-element_type=\"widget\" data-settings=\"{\" data-widget_type=\"exhibz-button.default\">\n<div class=\"elementor-widget-container\">\n<div class=\"ekit-wid-con\">\n<div class=\"ekit-btn-wraper\"><\/div>\n<\/div>\n<\/div>\n<\/div>\n<\/div>\n<\/div>\n<\/div>\n<\/div>\n<div class=\"elementor-element elementor-element-f04f2a5 elementor-widget elementor-widget-elementskit-video\" data-id=\"f04f2a5\" data-element_type=\"widget\" data-settings=\"{\" data-widget_type=\"elementskit-video.default\">\n<div class=\"elementor-widget-container\">\n<div class=\"ekit-wid-con\">\n<div class=\"video-content\" data-video-player=\"&#091;&#093;\" data-video-setting=\"{\"><\/div>\n<\/div>\n<\/div>\n<\/div>\n<\/div><\/section><\/div>","protected":false},"excerpt":{"rendered":"","protected":false},"author":2,"featured_media":0,"parent":0,"menu_order":0,"comment_status":"closed","ping_status":"closed","template":"","meta":{"footnotes":""},"class_list":["post-539","page","type-page","status-publish","hentry"],"yoast_head":"<!-- This site is optimized with the Yoast SEO plugin v27.3 - https:\/\/yoast.com\/product\/yoast-seo-wordpress\/ -->\n<title>Mission - LFFC<\/title>\n<meta name=\"robots\" content=\"index, follow, max-snippet:-1, max-image-preview:large, max-video-preview:-1\" \/>\n<link rel=\"canonical\" href=\"https:\/\/lffcanada.com\/fr\/mission\/\" \/>\n<meta property=\"og:locale\" content=\"fr_CA\" \/>\n<meta property=\"og:type\" content=\"article\" \/>\n<meta property=\"og:title\" content=\"Mission - LFFC\" \/>\n<meta property=\"og:url\" content=\"https:\/\/lffcanada.com\/fr\/mission\/\" \/>\n<meta property=\"og:site_name\" content=\"LFFC\" \/>\n<meta property=\"article:modified_time\" content=\"2026-04-10T17:39:28+00:00\" \/>\n<meta name=\"twitter:card\" content=\"summary_large_image\" \/>\n<meta name=\"twitter:label1\" content=\"Est. reading time\" \/>\n\t<meta name=\"twitter:data1\" content=\"2 minutes\" \/>\n<script type=\"application\/ld+json\" class=\"yoast-schema-graph\">{\"@context\":\"https:\\\/\\\/schema.org\",\"@graph\":[{\"@type\":\"WebPage\",\"@id\":\"https:\\\/\\\/lffcanada.com\\\/mission\\\/\",\"url\":\"https:\\\/\\\/lffcanada.com\\\/mission\\\/\",\"name\":\"Mission - LFFC\",\"isPartOf\":{\"@id\":\"https:\\\/\\\/lffcanada.com\\\/#website\"},\"datePublished\":\"2025-01-25T18:23:35+00:00\",\"dateModified\":\"2026-04-10T17:39:28+00:00\",\"breadcrumb\":{\"@id\":\"https:\\\/\\\/lffcanada.com\\\/mission\\\/#breadcrumb\"},\"inLanguage\":\"fr-CA\",\"potentialAction\":[{\"@type\":\"ReadAction\",\"target\":[\"https:\\\/\\\/lffcanada.com\\\/mission\\\/\"]}]},{\"@type\":\"BreadcrumbList\",\"@id\":\"https:\\\/\\\/lffcanada.com\\\/mission\\\/#breadcrumb\",\"itemListElement\":[{\"@type\":\"ListItem\",\"position\":1,\"name\":\"Home\",\"item\":\"https:\\\/\\\/lffcanada.com\\\/welcome\\\/\"},{\"@type\":\"ListItem\",\"position\":2,\"name\":\"Mission\"}]},{\"@type\":\"WebSite\",\"@id\":\"https:\\\/\\\/lffcanada.com\\\/#website\",\"url\":\"https:\\\/\\\/lffcanada.com\\\/\",\"name\":\"LFFC\",\"description\":\"Lebanese Film Festival Canada\",\"publisher\":{\"@id\":\"https:\\\/\\\/lffcanada.com\\\/#organization\"},\"potentialAction\":[{\"@type\":\"SearchAction\",\"target\":{\"@type\":\"EntryPoint\",\"urlTemplate\":\"https:\\\/\\\/lffcanada.com\\\/?s={search_term_string}\"},\"query-input\":{\"@type\":\"PropertyValueSpecification\",\"valueRequired\":true,\"valueName\":\"search_term_string\"}}],\"inLanguage\":\"fr-CA\"},{\"@type\":\"Organization\",\"@id\":\"https:\\\/\\\/lffcanada.com\\\/#organization\",\"name\":\"LFFC\",\"url\":\"https:\\\/\\\/lffcanada.com\\\/\",\"logo\":{\"@type\":\"ImageObject\",\"inLanguage\":\"fr-CA\",\"@id\":\"https:\\\/\\\/lffcanada.com\\\/#\\\/schema\\\/logo\\\/image\\\/\",\"url\":\"https:\\\/\\\/lffcanada.com\\\/wp-content\\\/uploads\\\/2025\\\/04\\\/LFFC25-WebsiteCover-1024x768_ENG.png\",\"contentUrl\":\"https:\\\/\\\/lffcanada.com\\\/wp-content\\\/uploads\\\/2025\\\/04\\\/LFFC25-WebsiteCover-1024x768_ENG.png\",\"width\":2134,\"height\":1600,\"caption\":\"LFFC\"},\"image\":{\"@id\":\"https:\\\/\\\/lffcanada.com\\\/#\\\/schema\\\/logo\\\/image\\\/\"}}]}<\/script>\n<!-- \/ Yoast SEO plugin. -->","yoast_head_json":{"title":"Mission - LFFC","robots":{"index":"index","follow":"follow","max-snippet":"max-snippet:-1","max-image-preview":"max-image-preview:large","max-video-preview":"max-video-preview:-1"},"canonical":"https:\/\/lffcanada.com\/fr\/mission\/","og_locale":"fr_CA","og_type":"article","og_title":"Mission - LFFC","og_url":"https:\/\/lffcanada.com\/fr\/mission\/","og_site_name":"LFFC","article_modified_time":"2026-04-10T17:39:28+00:00","twitter_card":"summary_large_image","twitter_misc":{"Est. reading time":"2 minutes"},"schema":{"@context":"https:\/\/schema.org","@graph":[{"@type":"WebPage","@id":"https:\/\/lffcanada.com\/mission\/","url":"https:\/\/lffcanada.com\/mission\/","name":"Mission - LFFC","isPartOf":{"@id":"https:\/\/lffcanada.com\/#website"},"datePublished":"2025-01-25T18:23:35+00:00","dateModified":"2026-04-10T17:39:28+00:00","breadcrumb":{"@id":"https:\/\/lffcanada.com\/mission\/#breadcrumb"},"inLanguage":"fr-CA","potentialAction":[{"@type":"ReadAction","target":["https:\/\/lffcanada.com\/mission\/"]}]},{"@type":"BreadcrumbList","@id":"https:\/\/lffcanada.com\/mission\/#breadcrumb","itemListElement":[{"@type":"ListItem","position":1,"name":"Home","item":"https:\/\/lffcanada.com\/welcome\/"},{"@type":"ListItem","position":2,"name":"Mission"}]},{"@type":"WebSite","@id":"https:\/\/lffcanada.com\/#website","url":"https:\/\/lffcanada.com\/","name":"LFFC","description":"Festival du film libanais du Canada","publisher":{"@id":"https:\/\/lffcanada.com\/#organization"},"potentialAction":[{"@type":"SearchAction","target":{"@type":"EntryPoint","urlTemplate":"https:\/\/lffcanada.com\/?s={search_term_string}"},"query-input":{"@type":"PropertyValueSpecification","valueRequired":true,"valueName":"search_term_string"}}],"inLanguage":"fr-CA"},{"@type":"Organization","@id":"https:\/\/lffcanada.com\/#organization","name":"LFFC","url":"https:\/\/lffcanada.com\/","logo":{"@type":"ImageObject","inLanguage":"fr-CA","@id":"https:\/\/lffcanada.com\/#\/schema\/logo\/image\/","url":"https:\/\/lffcanada.com\/wp-content\/uploads\/2025\/04\/LFFC25-WebsiteCover-1024x768_ENG.png","contentUrl":"https:\/\/lffcanada.com\/wp-content\/uploads\/2025\/04\/LFFC25-WebsiteCover-1024x768_ENG.png","width":2134,"height":1600,"caption":"LFFC"},"image":{"@id":"https:\/\/lffcanada.com\/#\/schema\/logo\/image\/"}}]}},"_links":{"self":[{"href":"https:\/\/lffcanada.com\/fr\/wp-json\/wp\/v2\/pages\/539","targetHints":{"allow":["GET"]}}],"collection":[{"href":"https:\/\/lffcanada.com\/fr\/wp-json\/wp\/v2\/pages"}],"about":[{"href":"https:\/\/lffcanada.com\/fr\/wp-json\/wp\/v2\/types\/page"}],"author":[{"embeddable":true,"href":"https:\/\/lffcanada.com\/fr\/wp-json\/wp\/v2\/users\/2"}],"replies":[{"embeddable":true,"href":"https:\/\/lffcanada.com\/fr\/wp-json\/wp\/v2\/comments?post=539"}],"version-history":[{"count":0,"href":"https:\/\/lffcanada.com\/fr\/wp-json\/wp\/v2\/pages\/539\/revisions"}],"wp:attachment":[{"href":"https:\/\/lffcanada.com\/fr\/wp-json\/wp\/v2\/media?parent=539"}],"curies":[{"name":"wp","href":"https:\/\/api.w.org\/{rel}","templated":true}]}}