{"id":1066,"date":"2025-11-03T12:24:26","date_gmt":"2025-11-03T12:24:26","guid":{"rendered":"https:\/\/lffcanada.com\/?page_id=1066"},"modified":"2025-11-03T12:25:25","modified_gmt":"2025-11-03T12:25:25","slug":"acknowledgment","status":"publish","type":"page","link":"https:\/\/lffcanada.com\/fr\/acknowledgment\/","title":{"rendered":"Reconnaissance"},"content":{"rendered":"<style type=\"text\/css\" data-created_by=\"avia_inline_auto\" id=\"style-css-av-mhj403st-3d16fb1bd377b9f3cb5c0ae3fc9bbd8a\">\n.flex_column.av-mhj403st-3d16fb1bd377b9f3cb5c0ae3fc9bbd8a{\nborder-radius:20px 20px 20px 20px;\npadding:50px 50px 50px 50px;\nbackground-color:#f4f4f4;\n}\n<\/style>\n<div  class='flex_column av-mhj403st-3d16fb1bd377b9f3cb5c0ae3fc9bbd8a av_one_half  avia-builder-el-0  el_before_av_one_half  avia-builder-el-first  first flex_column_div'     ><p><section  class='av_textblock_section av-mhj418cs-1b08f8446cf0c4caa8d87301055a3ec7'   itemscope=\"itemscope\" itemtype=\"https:\/\/schema.org\/CreativeWork\" ><div class='avia_textblock'  itemprop=\"text\" ><p><span style=\"font-weight: 400;\">Bienvenue au Festival du film libanais au Canada!<\/span><\/p>\n<p><span style=\"font-weight: 400;\">Depuis 2017, le Festival met en lumi\u00e8re la cr\u00e9ativit\u00e9 des cin\u00e9astes libanais tout en r\u00e9unissant des voix du Canada et du monde entier. Par ses projections, ses ateliers et ses discussions, le Festival tisse des liens, suscite le dialogue et nous rappelle le pouvoir du cin\u00e9ma de rapprocher les peuples et les cultures.<\/span><\/p>\n<p><span style=\"font-weight: 400;\">Cette ann\u00e9e, avec des \u00e9v\u00e9nements organis\u00e9s dans cinq villes canadiennes, dont Calgary pour la toute premi\u00e8re fois, le Festival continue de cro\u00eetre et d&#039;inspirer.\u00a0<\/span><\/p>\n<p><span style=\"font-weight: 400;\">F\u00e9licitations aux organisateurs, aux artistes et au public qui donnent vie \u00e0 cette c\u00e9l\u00e9bration du cin\u00e9ma et des \u00e9changes culturels. Que ce festival soit riche en d\u00e9couvertes, en \u00e9motions et en joie, illumin\u00e9 par la magie du grand \u00e9cran !<\/span><\/p>\n<p><span style=\"font-weight: 400;\">L&#039;honorable Steven Guilbeault<\/span><\/p>\n<\/div><\/section><br \/>\n\n<style type=\"text\/css\" data-created_by=\"avia_inline_auto\" id=\"style-css-av-av_image-c29e6cfab704e613132efe0720e8a6c9\">\n.avia-image-container.av-av_image-c29e6cfab704e613132efe0720e8a6c9 img.avia_image{\nbox-shadow:none;\n}\n.avia-image-container.av-av_image-c29e6cfab704e613132efe0720e8a6c9 .av-image-caption-overlay-center{\ncolor:#ffffff;\n}\n<\/style>\n<div  class='avia-image-container av-av_image-c29e6cfab704e613132efe0720e8a6c9 av-styling- avia-align-center  avia-builder-el-2  el_after_av_textblock  avia-builder-el-last'   itemprop=\"image\" itemscope=\"itemscope\" itemtype=\"https:\/\/schema.org\/ImageObject\" ><div class=\"avia-image-container-inner\"><div class=\"avia-image-overlay-wrap\"><img decoding=\"async\" fetchpriority=\"high\" class='wp-image-1068 avia-img-lazy-loading-not-1068 avia_image' src=\"https:\/\/lffcanada.com\/wp-content\/uploads\/2025\/11\/2025-Lebanese-Film-Festival_EN_final32-scaled.jpg\" alt='' title='2025-Festival-du-Film-Libanais_FR_final'  height=\"2560\" width=\"1978\"  itemprop=\"thumbnailUrl\" srcset=\"https:\/\/lffcanada.com\/wp-content\/uploads\/2025\/11\/2025-Lebanese-Film-Festival_EN_final32-scaled.jpg 1978w, https:\/\/lffcanada.com\/wp-content\/uploads\/2025\/11\/2025-Lebanese-Film-Festival_EN_final32-232x300.jpg 232w, https:\/\/lffcanada.com\/wp-content\/uploads\/2025\/11\/2025-Lebanese-Film-Festival_EN_final32-796x1030.jpg 796w, https:\/\/lffcanada.com\/wp-content\/uploads\/2025\/11\/2025-Lebanese-Film-Festival_EN_final32-768x994.jpg 768w, https:\/\/lffcanada.com\/wp-content\/uploads\/2025\/11\/2025-Lebanese-Film-Festival_EN_final32-1187x1536.jpg 1187w, https:\/\/lffcanada.com\/wp-content\/uploads\/2025\/11\/2025-Lebanese-Film-Festival_EN_final32-1583x2048.jpg 1583w, https:\/\/lffcanada.com\/wp-content\/uploads\/2025\/11\/2025-Lebanese-Film-Festival_EN_final32-9x12.jpg 9w, https:\/\/lffcanada.com\/wp-content\/uploads\/2025\/11\/2025-Lebanese-Film-Festival_EN_final32-1159x1500.jpg 1159w, https:\/\/lffcanada.com\/wp-content\/uploads\/2025\/11\/2025-Lebanese-Film-Festival_EN_final32-545x705.jpg 545w\" sizes=\"(max-width: 1978px) 100vw, 1978px\" \/><\/div><\/div><\/div><\/p><\/div><div  class='flex_column av-2nwiy2-248156989c396f6c5d616fefb6062c82 av_one_half  avia-builder-el-3  el_after_av_one_half  avia-builder-el-last  flex_column_div'     ><style type=\"text\/css\" data-created_by=\"avia_inline_auto\" id=\"style-css-av-mhj44lrj-82c556d866770f81b2feca87abfe30e2\">\n.avia-image-container.av-mhj44lrj-82c556d866770f81b2feca87abfe30e2 img.avia_image{\nbox-shadow:none;\n}\n.avia-image-container.av-mhj44lrj-82c556d866770f81b2feca87abfe30e2 .av-image-caption-overlay-center{\ncolor:#ffffff;\n}\n<\/style>\n<div  class='avia-image-container av-mhj44lrj-82c556d866770f81b2feca87abfe30e2 av-styling- avia-align-center  avia-builder-el-4  avia-builder-el-no-sibling'   itemprop=\"image\" itemscope=\"itemscope\" itemtype=\"https:\/\/schema.org\/ImageObject\" ><div class=\"avia-image-container-inner\"><div class=\"avia-image-overlay-wrap\"><img decoding=\"async\" fetchpriority=\"high\" class='wp-image-1067 avia-img-lazy-loading-not-1067 avia_image' src=\"https:\/\/lffcanada.com\/wp-content\/uploads\/2025\/11\/2025-Lebanese-Film-Festival_EN_final1-scaled.jpg\" alt='' title='2025-Festival-du-Film-Libanais_FR_final1'  height=\"2560\" width=\"1978\"  itemprop=\"thumbnailUrl\" srcset=\"https:\/\/lffcanada.com\/wp-content\/uploads\/2025\/11\/2025-Lebanese-Film-Festival_EN_final1-scaled.jpg 1978w, https:\/\/lffcanada.com\/wp-content\/uploads\/2025\/11\/2025-Lebanese-Film-Festival_EN_final1-232x300.jpg 232w, https:\/\/lffcanada.com\/wp-content\/uploads\/2025\/11\/2025-Lebanese-Film-Festival_EN_final1-796x1030.jpg 796w, https:\/\/lffcanada.com\/wp-content\/uploads\/2025\/11\/2025-Lebanese-Film-Festival_EN_final1-768x994.jpg 768w, https:\/\/lffcanada.com\/wp-content\/uploads\/2025\/11\/2025-Lebanese-Film-Festival_EN_final1-1187x1536.jpg 1187w, https:\/\/lffcanada.com\/wp-content\/uploads\/2025\/11\/2025-Lebanese-Film-Festival_EN_final1-1583x2048.jpg 1583w, https:\/\/lffcanada.com\/wp-content\/uploads\/2025\/11\/2025-Lebanese-Film-Festival_EN_final1-9x12.jpg 9w, https:\/\/lffcanada.com\/wp-content\/uploads\/2025\/11\/2025-Lebanese-Film-Festival_EN_final1-1159x1500.jpg 1159w, https:\/\/lffcanada.com\/wp-content\/uploads\/2025\/11\/2025-Lebanese-Film-Festival_EN_final1-545x705.jpg 545w\" sizes=\"(max-width: 1978px) 100vw, 1978px\" \/><\/div><\/div><\/div><\/div><\/p>","protected":false},"excerpt":{"rendered":"","protected":false},"author":2,"featured_media":0,"parent":0,"menu_order":0,"comment_status":"closed","ping_status":"closed","template":"","meta":{"footnotes":""},"class_list":["post-1066","page","type-page","status-publish","hentry"],"yoast_head":"<!-- This site is optimized with the Yoast SEO plugin v27.3 - https:\/\/yoast.com\/product\/yoast-seo-wordpress\/ -->\n<title>Acknowledgment - LFFC<\/title>\n<meta name=\"robots\" content=\"index, follow, max-snippet:-1, max-image-preview:large, max-video-preview:-1\" \/>\n<link rel=\"canonical\" href=\"https:\/\/lffcanada.com\/fr\/acknowledgment\/\" \/>\n<meta property=\"og:locale\" content=\"fr_CA\" \/>\n<meta property=\"og:type\" content=\"article\" \/>\n<meta property=\"og:title\" content=\"Acknowledgment - LFFC\" \/>\n<meta property=\"og:url\" content=\"https:\/\/lffcanada.com\/fr\/acknowledgment\/\" \/>\n<meta property=\"og:site_name\" content=\"LFFC\" \/>\n<meta property=\"article:modified_time\" content=\"2025-11-03T12:25:25+00:00\" \/>\n<meta name=\"twitter:card\" content=\"summary_large_image\" \/>\n<meta name=\"twitter:label1\" content=\"Est. reading time\" \/>\n\t<meta name=\"twitter:data1\" content=\"1 minute\" \/>\n<script type=\"application\/ld+json\" class=\"yoast-schema-graph\">{\"@context\":\"https:\\\/\\\/schema.org\",\"@graph\":[{\"@type\":\"WebPage\",\"@id\":\"https:\\\/\\\/lffcanada.com\\\/acknowledgment\\\/\",\"url\":\"https:\\\/\\\/lffcanada.com\\\/acknowledgment\\\/\",\"name\":\"Acknowledgment - LFFC\",\"isPartOf\":{\"@id\":\"https:\\\/\\\/lffcanada.com\\\/#website\"},\"datePublished\":\"2025-11-03T12:24:26+00:00\",\"dateModified\":\"2025-11-03T12:25:25+00:00\",\"breadcrumb\":{\"@id\":\"https:\\\/\\\/lffcanada.com\\\/acknowledgment\\\/#breadcrumb\"},\"inLanguage\":\"fr-CA\",\"potentialAction\":[{\"@type\":\"ReadAction\",\"target\":[\"https:\\\/\\\/lffcanada.com\\\/acknowledgment\\\/\"]}]},{\"@type\":\"BreadcrumbList\",\"@id\":\"https:\\\/\\\/lffcanada.com\\\/acknowledgment\\\/#breadcrumb\",\"itemListElement\":[{\"@type\":\"ListItem\",\"position\":1,\"name\":\"Home\",\"item\":\"https:\\\/\\\/lffcanada.com\\\/welcome\\\/\"},{\"@type\":\"ListItem\",\"position\":2,\"name\":\"Acknowledgment\"}]},{\"@type\":\"WebSite\",\"@id\":\"https:\\\/\\\/lffcanada.com\\\/#website\",\"url\":\"https:\\\/\\\/lffcanada.com\\\/\",\"name\":\"LFFC\",\"description\":\"Lebanese Film Festival Canada\",\"publisher\":{\"@id\":\"https:\\\/\\\/lffcanada.com\\\/#organization\"},\"potentialAction\":[{\"@type\":\"SearchAction\",\"target\":{\"@type\":\"EntryPoint\",\"urlTemplate\":\"https:\\\/\\\/lffcanada.com\\\/?s={search_term_string}\"},\"query-input\":{\"@type\":\"PropertyValueSpecification\",\"valueRequired\":true,\"valueName\":\"search_term_string\"}}],\"inLanguage\":\"fr-CA\"},{\"@type\":\"Organization\",\"@id\":\"https:\\\/\\\/lffcanada.com\\\/#organization\",\"name\":\"LFFC\",\"url\":\"https:\\\/\\\/lffcanada.com\\\/\",\"logo\":{\"@type\":\"ImageObject\",\"inLanguage\":\"fr-CA\",\"@id\":\"https:\\\/\\\/lffcanada.com\\\/#\\\/schema\\\/logo\\\/image\\\/\",\"url\":\"https:\\\/\\\/lffcanada.com\\\/wp-content\\\/uploads\\\/2025\\\/04\\\/LFFC25-WebsiteCover-1024x768_ENG.png\",\"contentUrl\":\"https:\\\/\\\/lffcanada.com\\\/wp-content\\\/uploads\\\/2025\\\/04\\\/LFFC25-WebsiteCover-1024x768_ENG.png\",\"width\":2134,\"height\":1600,\"caption\":\"LFFC\"},\"image\":{\"@id\":\"https:\\\/\\\/lffcanada.com\\\/#\\\/schema\\\/logo\\\/image\\\/\"}}]}<\/script>\n<!-- \/ Yoast SEO plugin. -->","yoast_head_json":{"title":"Acknowledgment - LFFC","robots":{"index":"index","follow":"follow","max-snippet":"max-snippet:-1","max-image-preview":"max-image-preview:large","max-video-preview":"max-video-preview:-1"},"canonical":"https:\/\/lffcanada.com\/fr\/acknowledgment\/","og_locale":"fr_CA","og_type":"article","og_title":"Acknowledgment - LFFC","og_url":"https:\/\/lffcanada.com\/fr\/acknowledgment\/","og_site_name":"LFFC","article_modified_time":"2025-11-03T12:25:25+00:00","twitter_card":"summary_large_image","twitter_misc":{"Est. reading time":"1 minute"},"schema":{"@context":"https:\/\/schema.org","@graph":[{"@type":"WebPage","@id":"https:\/\/lffcanada.com\/acknowledgment\/","url":"https:\/\/lffcanada.com\/acknowledgment\/","name":"Acknowledgment - LFFC","isPartOf":{"@id":"https:\/\/lffcanada.com\/#website"},"datePublished":"2025-11-03T12:24:26+00:00","dateModified":"2025-11-03T12:25:25+00:00","breadcrumb":{"@id":"https:\/\/lffcanada.com\/acknowledgment\/#breadcrumb"},"inLanguage":"fr-CA","potentialAction":[{"@type":"ReadAction","target":["https:\/\/lffcanada.com\/acknowledgment\/"]}]},{"@type":"BreadcrumbList","@id":"https:\/\/lffcanada.com\/acknowledgment\/#breadcrumb","itemListElement":[{"@type":"ListItem","position":1,"name":"Home","item":"https:\/\/lffcanada.com\/welcome\/"},{"@type":"ListItem","position":2,"name":"Acknowledgment"}]},{"@type":"WebSite","@id":"https:\/\/lffcanada.com\/#website","url":"https:\/\/lffcanada.com\/","name":"LFFC","description":"Festival du film libanais du Canada","publisher":{"@id":"https:\/\/lffcanada.com\/#organization"},"potentialAction":[{"@type":"SearchAction","target":{"@type":"EntryPoint","urlTemplate":"https:\/\/lffcanada.com\/?s={search_term_string}"},"query-input":{"@type":"PropertyValueSpecification","valueRequired":true,"valueName":"search_term_string"}}],"inLanguage":"fr-CA"},{"@type":"Organization","@id":"https:\/\/lffcanada.com\/#organization","name":"LFFC","url":"https:\/\/lffcanada.com\/","logo":{"@type":"ImageObject","inLanguage":"fr-CA","@id":"https:\/\/lffcanada.com\/#\/schema\/logo\/image\/","url":"https:\/\/lffcanada.com\/wp-content\/uploads\/2025\/04\/LFFC25-WebsiteCover-1024x768_ENG.png","contentUrl":"https:\/\/lffcanada.com\/wp-content\/uploads\/2025\/04\/LFFC25-WebsiteCover-1024x768_ENG.png","width":2134,"height":1600,"caption":"LFFC"},"image":{"@id":"https:\/\/lffcanada.com\/#\/schema\/logo\/image\/"}}]}},"_links":{"self":[{"href":"https:\/\/lffcanada.com\/fr\/wp-json\/wp\/v2\/pages\/1066","targetHints":{"allow":["GET"]}}],"collection":[{"href":"https:\/\/lffcanada.com\/fr\/wp-json\/wp\/v2\/pages"}],"about":[{"href":"https:\/\/lffcanada.com\/fr\/wp-json\/wp\/v2\/types\/page"}],"author":[{"embeddable":true,"href":"https:\/\/lffcanada.com\/fr\/wp-json\/wp\/v2\/users\/2"}],"replies":[{"embeddable":true,"href":"https:\/\/lffcanada.com\/fr\/wp-json\/wp\/v2\/comments?post=1066"}],"version-history":[{"count":0,"href":"https:\/\/lffcanada.com\/fr\/wp-json\/wp\/v2\/pages\/1066\/revisions"}],"wp:attachment":[{"href":"https:\/\/lffcanada.com\/fr\/wp-json\/wp\/v2\/media?parent=1066"}],"curies":[{"name":"wp","href":"https:\/\/api.w.org\/{rel}","templated":true}]}}