{"id":1007,"date":"2025-10-30T19:50:33","date_gmt":"2025-10-30T19:50:33","guid":{"rendered":"https:\/\/lffcanada.com\/?page_id=1007"},"modified":"2025-11-03T08:24:52","modified_gmt":"2025-11-03T08:24:52","slug":"featured-films-halifax","status":"publish","type":"page","link":"https:\/\/lffcanada.com\/fr\/featured-films-halifax\/","title":{"rendered":"Films en vedette \u00e0 Halifax"},"content":{"rendered":"<style type=\"text\/css\" data-created_by=\"avia_inline_auto\" id=\"style-css-av-1hn5eu7-5c871952a266a0050e4126f37a84e95f\">\n.avia-section.av-1hn5eu7-5c871952a266a0050e4126f37a84e95f{\nbackground-color:#f4f4f4;\nbackground-image:unset;\n}\n<\/style>\n<div id='av_section_1'  class='avia-section av-1hn5eu7-5c871952a266a0050e4126f37a84e95f main_color avia-section-default avia-no-border-styling  avia-builder-el-0  el_before_av_section  avia-builder-el-first  avia-bg-style-scroll container_wrap fullsize'  ><div class='container av-section-cont-open' ><main  role=\"main\" itemprop=\"mainContentOfPage\"  class='template-page content  av-content-full alpha units'><div class='post-entry post-entry-type-page post-entry-1007'><div class='entry-content-wrapper clearfix'>\n\n<style type=\"text\/css\" data-created_by=\"avia_inline_auto\" id=\"style-css-av-1fwo6m7-b61a7223621db45dc370a62da61d0678\">\n#top .av-special-heading.av-1fwo6m7-b61a7223621db45dc370a62da61d0678{\npadding-bottom:10px;\n}\nbody .av-special-heading.av-1fwo6m7-b61a7223621db45dc370a62da61d0678 .av-special-heading-tag .heading-char{\nfont-size:25px;\n}\n.av-special-heading.av-1fwo6m7-b61a7223621db45dc370a62da61d0678 .av-subheading{\nfont-size:15px;\n}\n<\/style>\n<div  class='av-special-heading av-1fwo6m7-b61a7223621db45dc370a62da61d0678 av-special-heading-h3 blockquote modern-quote  avia-builder-el-1  avia-builder-el-no-sibling'><h3 class='av-special-heading-tag'  itemprop=\"headline\"  >Longs m\u00e9trages<\/h3><div class=\"special-heading-border\"><div class=\"special-heading-inner-border\"><\/div><\/div><\/div>\n\n<\/div><\/div><\/main><!-- close content main element --><\/div><\/div><div id='av_section_2'  class='avia-section av-1evlqhr-e23760379ddc73df6ad2e695bddbf001 main_color avia-section-default avia-no-border-styling  avia-builder-el-2  el_after_av_section  el_before_av_section  avia-bg-style-scroll container_wrap fullsize'  ><div class='container av-section-cont-open' ><div class='template-page content  av-content-full alpha units'><div class='post-entry post-entry-type-page post-entry-1007'><div class='entry-content-wrapper clearfix'>\n<div class='flex_column_table av-1cc7wun-c5e0f20d4a29c7548751107507653075 sc-av_three_fifth av-equal-height-column-flextable'><div  class='flex_column av-1cc7wun-c5e0f20d4a29c7548751107507653075 av_three_fifth  avia-builder-el-3  el_before_av_two_fifth  avia-builder-el-first  first flex_column_table_cell av-equal-height-column av-align-middle'     ><section  class='av_textblock_section av-1bg707z-9d88ac97beea7539d6e8f282b220a5dc'   itemscope=\"itemscope\" itemtype=\"https:\/\/schema.org\/CreativeWork\" ><div class='avia_textblock'  itemprop=\"text\" ><p class=\"\" data-start=\"359\" data-end=\"397\"><strong data-start=\"359\" data-end=\"377\">Titre du projet :<\/strong> Arz\u00e9<\/p>\n<p class=\"\" data-start=\"399\" data-end=\"426\"><strong data-start=\"399\" data-end=\"413\">R\u00e9alisateurs :<\/strong> Mira Shaib<\/p>\n<p class=\"\" data-start=\"428\" data-end=\"454\"><strong data-start=\"428\" data-end=\"441\">Dur\u00e9e:<\/strong> 90 minutes<\/p>\n<p class=\"\" data-start=\"456\" data-end=\"472\"><strong data-start=\"456\" data-end=\"465\">Ann\u00e9e:<\/strong> 2024<\/p>\n<p class=\"\" data-start=\"474\" data-end=\"499\"><strong data-start=\"474\" data-end=\"484\">Genre:<\/strong> Com\u00e9die\/Drame<\/p>\n<p class=\"\" data-start=\"501\" data-end=\"1222\"><strong data-start=\"501\" data-end=\"514\">Synopsis:<\/strong><br data-start=\"514\" data-end=\"517\" \/>Arz\u00e9 est une m\u00e8re c\u00e9libataire en difficult\u00e9 qui vit \u00e0 Beyrouth avec sa s\u0153ur a\u00een\u00e9e agoraphobe et son fils adolescent, Kinan. Elle subvient aux besoins de sa famille en pr\u00e9parant des tartes maison livr\u00e9es \u00e0 pied par son fils. Arz\u00e9 sait que cette activit\u00e9 ne suffira pas \u00e0 les faire vivre longtemps. D\u00e9sesp\u00e9r\u00e9e, elle vole le pr\u00e9cieux bracelet de sa s\u0153ur pour le mettre en gage afin de payer l&#039;acompte d&#039;un scooter de livraison. Mais le vol du scooter est un d\u00e9sastre, compromettant son seul moyen de subvenir aux besoins de sa famille.<br data-start=\"993\" data-end=\"996\" \/>Face \u00e0 un temps qui presse pour trouver le scooter ou un moyen de le payer en totalit\u00e9, Arz\u00e9 et Kinan se lancent dans un voyage sauvage \u00e0 travers la capitale levantine turbulente mais dynamique et multiethnique \u00e0 la poursuite du cyclomoteur vol\u00e9.<\/p>\n<\/div><\/section><br \/>\n<div  class='avia-button-wrap av-19r1cyn-0741b50b8825b510d452d8f355b7d5f5-wrap avia-button-left  avia-builder-el-5  el_after_av_textblock  avia-builder-el-last'>\n<style type=\"text\/css\" data-created_by=\"avia_inline_auto\" id=\"style-css-av-19r1cyn-0741b50b8825b510d452d8f355b7d5f5\">\n#top #wrap_all .avia-button.av-19r1cyn-0741b50b8825b510d452d8f355b7d5f5{\nmargin:20px 0 0 0;\n}\n<\/style>\n<a href='https:\/\/www.eventbrite.ca\/e\/halifax-red-carpettapis-rouge-cocktail-reception-lffc-tickets-1774109532369?aff=oddtdtcreator'  class='avia-button av-19r1cyn-0741b50b8825b510d452d8f355b7d5f5 av-link-btn avia-icon_select-no avia-size-large avia-position-left avia-color-theme-color'  target=\"_blank\"  rel=\"noopener noreferrer\"  aria-label=\"Acheter des billets\"><span class='avia_iconbox_title' >Acheter des billets<\/span><\/a><\/div><\/p><\/div><div class='av-flex-placeholder'><\/div><div  class='flex_column av-1787973-379043bec32702e5430b61cbebee4ea4 av_two_fifth  avia-builder-el-6  el_after_av_three_fifth  avia-builder-el-last  flex_column_table_cell av-equal-height-column av-align-middle'     ><style type=\"text\/css\" data-created_by=\"avia_inline_auto\" id=\"style-css-av-15r3lr3-1c9ed2fc7cd37f500c02931516e0eb0c\">\n.avia-image-container.av-15r3lr3-1c9ed2fc7cd37f500c02931516e0eb0c img.avia_image{\nbox-shadow:none;\n}\n.avia-image-container.av-15r3lr3-1c9ed2fc7cd37f500c02931516e0eb0c .av-image-caption-overlay-center{\ncolor:#ffffff;\n}\n<\/style>\n<div  class='avia-image-container av-15r3lr3-1c9ed2fc7cd37f500c02931516e0eb0c av-styling- avia-align-center  avia-builder-el-7  avia-builder-el-no-sibling'   itemprop=\"image\" itemscope=\"itemscope\" itemtype=\"https:\/\/schema.org\/ImageObject\" ><div class=\"avia-image-container-inner\"><div class=\"avia-image-overlay-wrap\"><img decoding=\"async\" fetchpriority=\"high\" class='wp-image-933 avia-img-lazy-loading-not-933 avia_image' src=\"https:\/\/lffcanada.com\/wp-content\/uploads\/2025\/05\/Screenshot-2025-05-10-123850.png\" alt='' title='Capture d&#039;\u00e9cran 2025-05-10 123850'  height=\"811\" width=\"571\"  itemprop=\"thumbnailUrl\" srcset=\"https:\/\/lffcanada.com\/wp-content\/uploads\/2025\/05\/Screenshot-2025-05-10-123850.png 571w, https:\/\/lffcanada.com\/wp-content\/uploads\/2025\/05\/Screenshot-2025-05-10-123850-211x300.png 211w, https:\/\/lffcanada.com\/wp-content\/uploads\/2025\/05\/Screenshot-2025-05-10-123850-8x12.png 8w, https:\/\/lffcanada.com\/wp-content\/uploads\/2025\/05\/Screenshot-2025-05-10-123850-496x705.png 496w\" sizes=\"(max-width: 571px) 100vw, 571px\" \/><\/div><\/div><\/div><\/div><\/div><!--close column table wrapper. Autoclose: 1 --><\/div><\/div><\/div><!-- close content main div --><\/div><\/div><div id='av_section_3'  class='avia-section av-k96rz-c03503042ba6dacb1d40c7da200c9ff4 main_color avia-section-default avia-no-border-styling  avia-builder-el-8  el_after_av_section  avia-builder-el-last  avia-bg-style-scroll container_wrap fullsize'  ><div class='container av-section-cont-open' ><div class='template-page content  av-content-full alpha units'><div class='post-entry post-entry-type-page post-entry-1007'><div class='entry-content-wrapper clearfix'>\n<div class='flex_column_table av-4iasa7-4a644f990bea0a02a5eea67f23541375 sc-av_three_fifth av-equal-height-column-flextable'><div  class='flex_column av-4iasa7-4a644f990bea0a02a5eea67f23541375 av_three_fifth  avia-builder-el-9  el_before_av_two_fifth  avia-builder-el-first  first flex_column_table_cell av-equal-height-column av-align-middle'     ><section  class='av_textblock_section av-mhivg7ca-0a09929e8402742c61c15ac8db242d9d'   itemscope=\"itemscope\" itemtype=\"https:\/\/schema.org\/CreativeWork\" ><div class='avia_textblock'  itemprop=\"text\" ><p class=\"\" data-start=\"359\" data-end=\"397\"><strong data-start=\"359\" data-end=\"377\">Titre du projet :<\/strong> Nohad Al Chami \u2013 Un signe de foi<\/p>\n<p class=\"\" data-start=\"399\" data-end=\"426\"><strong data-start=\"399\" data-end=\"413\">R\u00e9alisateurs :<\/strong> Samir Habchi<\/p>\n<p class=\"\" data-start=\"428\" data-end=\"454\"><strong data-start=\"428\" data-end=\"441\">Dur\u00e9e:<\/strong> 90 minutes<\/p>\n<p class=\"\" data-start=\"456\" data-end=\"472\"><strong data-start=\"456\" data-end=\"465\">Ann\u00e9e:<\/strong> 2025<\/p>\n<p class=\"\" data-start=\"474\" data-end=\"499\"><strong data-start=\"474\" data-end=\"484\">Genre:<\/strong> Biographie\/Th\u00e9\u00e2tre<\/p>\n<p class=\"\" data-start=\"501\" data-end=\"1222\"><strong data-start=\"501\" data-end=\"514\">Synopsis:<\/strong><br data-start=\"514\" data-end=\"517\" \/>Ce long m\u00e9trage raconte l&#039;histoire vraie de Nouhad El Chami, une histoire de souffrance et d&#039;intervention miraculeuse de saint Charbel au d\u00e9but des ann\u00e9es 90.<\/p>\n<\/div><\/section><br \/>\n<div  class='avia-button-wrap av-mhivih9e-7ce8d14713df0b712d9596b8ca74c13d-wrap avia-button-left  avia-builder-el-11  el_after_av_textblock  avia-builder-el-last'>\n<style type=\"text\/css\" data-created_by=\"avia_inline_auto\" id=\"style-css-av-mhivih9e-7ce8d14713df0b712d9596b8ca74c13d\">\n#top #wrap_all .avia-button.av-mhivih9e-7ce8d14713df0b712d9596b8ca74c13d{\nmargin:20px 0 0 0;\n}\n<\/style>\n<a href='https:\/\/www.eventbrite.ca\/e\/halifax-nohad-al-chami-a-sign-of-faith-lffc-tickets-1774053705389?aff=oddtdtcreator'  class='avia-button av-mhivih9e-7ce8d14713df0b712d9596b8ca74c13d av-link-btn avia-icon_select-no avia-size-large avia-position-left avia-color-theme-color'  target=\"_blank\"  rel=\"noopener noreferrer\"  aria-label=\"Acheter des billets\"><span class='avia_iconbox_title' >Acheter des billets<\/span><\/a><\/div><\/p><\/div><div class='av-flex-placeholder'><\/div><div  class='flex_column av-31nuov-6929b1b39b16a94f41fab12249eeccc7 av_two_fifth  avia-builder-el-12  el_after_av_three_fifth  avia-builder-el-last  flex_column_table_cell av-equal-height-column av-align-middle'     ><style type=\"text\/css\" data-created_by=\"avia_inline_auto\" id=\"style-css-av-mhivh1xg-2f782d0fbd496222f093c65fce1519ef\">\n.avia-image-container.av-mhivh1xg-2f782d0fbd496222f093c65fce1519ef img.avia_image{\nbox-shadow:none;\n}\n.avia-image-container.av-mhivh1xg-2f782d0fbd496222f093c65fce1519ef .av-image-caption-overlay-center{\ncolor:#ffffff;\n}\n<\/style>\n<div  class='avia-image-container av-mhivh1xg-2f782d0fbd496222f093c65fce1519ef av-styling- avia-align-center  avia-builder-el-13  avia-builder-el-no-sibling'   itemprop=\"image\" itemscope=\"itemscope\" itemtype=\"https:\/\/schema.org\/ImageObject\" ><div class=\"avia-image-container-inner\"><div class=\"avia-image-overlay-wrap\"><img decoding=\"async\" fetchpriority=\"high\" class='wp-image-1047 avia-img-lazy-loading-not-1047 avia_image' src=\"https:\/\/lffcanada.com\/wp-content\/uploads\/2025\/11\/nohad-al-chami-english-version-poster-169x300.jpg\" alt='' title='affiche de Nohad al Chami en version anglaise'  height=\"300\" width=\"169\"  itemprop=\"thumbnailUrl\" srcset=\"https:\/\/lffcanada.com\/wp-content\/uploads\/2025\/11\/nohad-al-chami-english-version-poster-169x300.jpg 169w, https:\/\/lffcanada.com\/wp-content\/uploads\/2025\/11\/nohad-al-chami-english-version-poster-579x1030.jpg 579w, https:\/\/lffcanada.com\/wp-content\/uploads\/2025\/11\/nohad-al-chami-english-version-poster-768x1365.jpg 768w, https:\/\/lffcanada.com\/wp-content\/uploads\/2025\/11\/nohad-al-chami-english-version-poster-864x1536.jpg 864w, https:\/\/lffcanada.com\/wp-content\/uploads\/2025\/11\/nohad-al-chami-english-version-poster-1152x2048.jpg 1152w, https:\/\/lffcanada.com\/wp-content\/uploads\/2025\/11\/nohad-al-chami-english-version-poster-7x12.jpg 7w, https:\/\/lffcanada.com\/wp-content\/uploads\/2025\/11\/nohad-al-chami-english-version-poster-844x1500.jpg 844w, https:\/\/lffcanada.com\/wp-content\/uploads\/2025\/11\/nohad-al-chami-english-version-poster-397x705.jpg 397w, https:\/\/lffcanada.com\/wp-content\/uploads\/2025\/11\/nohad-al-chami-english-version-poster-scaled.jpg 1440w\" sizes=\"(max-width: 169px) 100vw, 169px\" \/><\/div><\/div><\/div><\/div><\/div><!--close column table wrapper. Autoclose: 1 -->\n<\/p>","protected":false},"excerpt":{"rendered":"","protected":false},"author":2,"featured_media":0,"parent":0,"menu_order":0,"comment_status":"closed","ping_status":"closed","template":"","meta":{"footnotes":""},"class_list":["post-1007","page","type-page","status-publish","hentry"],"yoast_head":"<!-- This site is optimized with the Yoast SEO plugin v27.3 - https:\/\/yoast.com\/product\/yoast-seo-wordpress\/ -->\n<title>Featured Films Halifax - LFFC<\/title>\n<meta name=\"robots\" content=\"index, follow, max-snippet:-1, max-image-preview:large, max-video-preview:-1\" \/>\n<link rel=\"canonical\" href=\"https:\/\/lffcanada.com\/fr\/featured-films-halifax\/\" \/>\n<meta property=\"og:locale\" content=\"fr_CA\" \/>\n<meta property=\"og:type\" content=\"article\" \/>\n<meta property=\"og:title\" content=\"Featured Films Halifax - LFFC\" \/>\n<meta property=\"og:url\" content=\"https:\/\/lffcanada.com\/fr\/featured-films-halifax\/\" \/>\n<meta property=\"og:site_name\" content=\"LFFC\" \/>\n<meta property=\"article:modified_time\" content=\"2025-11-03T08:24:52+00:00\" \/>\n<meta name=\"twitter:card\" content=\"summary_large_image\" \/>\n<meta name=\"twitter:label1\" content=\"Est. reading time\" \/>\n\t<meta name=\"twitter:data1\" content=\"2 minutes\" \/>\n<script type=\"application\/ld+json\" class=\"yoast-schema-graph\">{\"@context\":\"https:\\\/\\\/schema.org\",\"@graph\":[{\"@type\":\"WebPage\",\"@id\":\"https:\\\/\\\/lffcanada.com\\\/featured-films-halifax\\\/\",\"url\":\"https:\\\/\\\/lffcanada.com\\\/featured-films-halifax\\\/\",\"name\":\"Featured Films Halifax - LFFC\",\"isPartOf\":{\"@id\":\"https:\\\/\\\/lffcanada.com\\\/#website\"},\"datePublished\":\"2025-10-30T19:50:33+00:00\",\"dateModified\":\"2025-11-03T08:24:52+00:00\",\"breadcrumb\":{\"@id\":\"https:\\\/\\\/lffcanada.com\\\/featured-films-halifax\\\/#breadcrumb\"},\"inLanguage\":\"fr-CA\",\"potentialAction\":[{\"@type\":\"ReadAction\",\"target\":[\"https:\\\/\\\/lffcanada.com\\\/featured-films-halifax\\\/\"]}]},{\"@type\":\"BreadcrumbList\",\"@id\":\"https:\\\/\\\/lffcanada.com\\\/featured-films-halifax\\\/#breadcrumb\",\"itemListElement\":[{\"@type\":\"ListItem\",\"position\":1,\"name\":\"Home\",\"item\":\"https:\\\/\\\/lffcanada.com\\\/welcome\\\/\"},{\"@type\":\"ListItem\",\"position\":2,\"name\":\"Featured Films Halifax\"}]},{\"@type\":\"WebSite\",\"@id\":\"https:\\\/\\\/lffcanada.com\\\/#website\",\"url\":\"https:\\\/\\\/lffcanada.com\\\/\",\"name\":\"LFFC\",\"description\":\"Lebanese Film Festival Canada\",\"publisher\":{\"@id\":\"https:\\\/\\\/lffcanada.com\\\/#organization\"},\"potentialAction\":[{\"@type\":\"SearchAction\",\"target\":{\"@type\":\"EntryPoint\",\"urlTemplate\":\"https:\\\/\\\/lffcanada.com\\\/?s={search_term_string}\"},\"query-input\":{\"@type\":\"PropertyValueSpecification\",\"valueRequired\":true,\"valueName\":\"search_term_string\"}}],\"inLanguage\":\"fr-CA\"},{\"@type\":\"Organization\",\"@id\":\"https:\\\/\\\/lffcanada.com\\\/#organization\",\"name\":\"LFFC\",\"url\":\"https:\\\/\\\/lffcanada.com\\\/\",\"logo\":{\"@type\":\"ImageObject\",\"inLanguage\":\"fr-CA\",\"@id\":\"https:\\\/\\\/lffcanada.com\\\/#\\\/schema\\\/logo\\\/image\\\/\",\"url\":\"https:\\\/\\\/lffcanada.com\\\/wp-content\\\/uploads\\\/2025\\\/04\\\/LFFC25-WebsiteCover-1024x768_ENG.png\",\"contentUrl\":\"https:\\\/\\\/lffcanada.com\\\/wp-content\\\/uploads\\\/2025\\\/04\\\/LFFC25-WebsiteCover-1024x768_ENG.png\",\"width\":2134,\"height\":1600,\"caption\":\"LFFC\"},\"image\":{\"@id\":\"https:\\\/\\\/lffcanada.com\\\/#\\\/schema\\\/logo\\\/image\\\/\"}}]}<\/script>\n<!-- \/ Yoast SEO plugin. -->","yoast_head_json":{"title":"Featured Films Halifax - LFFC","robots":{"index":"index","follow":"follow","max-snippet":"max-snippet:-1","max-image-preview":"max-image-preview:large","max-video-preview":"max-video-preview:-1"},"canonical":"https:\/\/lffcanada.com\/fr\/featured-films-halifax\/","og_locale":"fr_CA","og_type":"article","og_title":"Featured Films Halifax - LFFC","og_url":"https:\/\/lffcanada.com\/fr\/featured-films-halifax\/","og_site_name":"LFFC","article_modified_time":"2025-11-03T08:24:52+00:00","twitter_card":"summary_large_image","twitter_misc":{"Est. reading time":"2 minutes"},"schema":{"@context":"https:\/\/schema.org","@graph":[{"@type":"WebPage","@id":"https:\/\/lffcanada.com\/featured-films-halifax\/","url":"https:\/\/lffcanada.com\/featured-films-halifax\/","name":"Featured Films Halifax - LFFC","isPartOf":{"@id":"https:\/\/lffcanada.com\/#website"},"datePublished":"2025-10-30T19:50:33+00:00","dateModified":"2025-11-03T08:24:52+00:00","breadcrumb":{"@id":"https:\/\/lffcanada.com\/featured-films-halifax\/#breadcrumb"},"inLanguage":"fr-CA","potentialAction":[{"@type":"ReadAction","target":["https:\/\/lffcanada.com\/featured-films-halifax\/"]}]},{"@type":"BreadcrumbList","@id":"https:\/\/lffcanada.com\/featured-films-halifax\/#breadcrumb","itemListElement":[{"@type":"ListItem","position":1,"name":"Home","item":"https:\/\/lffcanada.com\/welcome\/"},{"@type":"ListItem","position":2,"name":"Featured Films Halifax"}]},{"@type":"WebSite","@id":"https:\/\/lffcanada.com\/#website","url":"https:\/\/lffcanada.com\/","name":"LFFC","description":"Festival du film libanais du Canada","publisher":{"@id":"https:\/\/lffcanada.com\/#organization"},"potentialAction":[{"@type":"SearchAction","target":{"@type":"EntryPoint","urlTemplate":"https:\/\/lffcanada.com\/?s={search_term_string}"},"query-input":{"@type":"PropertyValueSpecification","valueRequired":true,"valueName":"search_term_string"}}],"inLanguage":"fr-CA"},{"@type":"Organization","@id":"https:\/\/lffcanada.com\/#organization","name":"LFFC","url":"https:\/\/lffcanada.com\/","logo":{"@type":"ImageObject","inLanguage":"fr-CA","@id":"https:\/\/lffcanada.com\/#\/schema\/logo\/image\/","url":"https:\/\/lffcanada.com\/wp-content\/uploads\/2025\/04\/LFFC25-WebsiteCover-1024x768_ENG.png","contentUrl":"https:\/\/lffcanada.com\/wp-content\/uploads\/2025\/04\/LFFC25-WebsiteCover-1024x768_ENG.png","width":2134,"height":1600,"caption":"LFFC"},"image":{"@id":"https:\/\/lffcanada.com\/#\/schema\/logo\/image\/"}}]}},"_links":{"self":[{"href":"https:\/\/lffcanada.com\/fr\/wp-json\/wp\/v2\/pages\/1007","targetHints":{"allow":["GET"]}}],"collection":[{"href":"https:\/\/lffcanada.com\/fr\/wp-json\/wp\/v2\/pages"}],"about":[{"href":"https:\/\/lffcanada.com\/fr\/wp-json\/wp\/v2\/types\/page"}],"author":[{"embeddable":true,"href":"https:\/\/lffcanada.com\/fr\/wp-json\/wp\/v2\/users\/2"}],"replies":[{"embeddable":true,"href":"https:\/\/lffcanada.com\/fr\/wp-json\/wp\/v2\/comments?post=1007"}],"version-history":[{"count":0,"href":"https:\/\/lffcanada.com\/fr\/wp-json\/wp\/v2\/pages\/1007\/revisions"}],"wp:attachment":[{"href":"https:\/\/lffcanada.com\/fr\/wp-json\/wp\/v2\/media?parent=1007"}],"curies":[{"name":"wp","href":"https:\/\/api.w.org\/{rel}","templated":true}]}}